{"id":7306,"date":"2025-09-15T14:10:02","date_gmt":"2025-09-15T12:10:02","guid":{"rendered":"https:\/\/boreait.com\/fr\/?post_type=product&#038;p=7306"},"modified":"2025-09-15T14:10:42","modified_gmt":"2025-09-15T12:10:42","slug":"dissipateur-thermique-de-refroidissement-du-processeur-dsc-n17pq317-pour-hp-zbook-17-g4-922844-001-at1rw0030a0","status":"publish","type":"product","link":"https:\/\/boreait.com\/fr\/produit\/dissipateur-thermique-de-refroidissement-du-processeur-dsc-n17pq317-pour-hp-zbook-17-g4-922844-001-at1rw0030a0\/","title":{"rendered":"Dissipateur thermique de refroidissement du processeur DSC N17PQ317 pour HP Zbook 17 G4 922844-001 AT1RW0030A0"},"content":{"rendered":"<p>Le dissipateur thermique pour processeur DSC N17PQ317 est un composant con\u00e7u pour l&rsquo;ordinateur portable HP Zbook 17 G4. Sa fonction principale est de dissiper la chaleur g\u00e9n\u00e9r\u00e9e par le processeur (CPU), qui peut devenir tr\u00e8s chaud en cas d&rsquo;utilisation prolong\u00e9e. Le dissipateur thermique est con\u00e7u pour \u00e9vacuer la chaleur du processeur et la r\u00e9partir entre ses ailettes, o\u00f9 elle peut \u00eatre dissip\u00e9e par le flux d&rsquo;air g\u00e9n\u00e9r\u00e9 par le ventilateur. Ce dissipateur thermique est fabriqu\u00e9 par DSC et porte la r\u00e9f\u00e9rence AT1RW0030A0, tandis que la r\u00e9f\u00e9rence HP est 922844-001. Ce composant de haute qualit\u00e9 assure un refroidissement efficace du processeur du HP Zbook 17 G4.<\/p>\n","protected":false},"excerpt":{"rendered":"<p>Le dissipateur thermique de refroidissement du processeur DSC N17PQ317 est une pi\u00e8ce de rechange con\u00e7ue pour l&rsquo;ordinateur portable HP Zbook 17 G4. Il permet de dissiper la chaleur du processeur afin d&rsquo;\u00e9viter la surchauffe et de maintenir des performances optimales. La r\u00e9f\u00e9rence de ce dissipateur est 922844-001 et la r\u00e9f\u00e9rence fabricant est AT1RW0030A0.<\/p>\n","protected":false},"featured_media":7353,"template":"","meta":[],"product_brand":[],"product_cat":[69],"product_tag":[61],"class_list":{"0":"post-7306","1":"product","2":"type-product","3":"status-publish","4":"has-post-thumbnail","6":"product_cat-cpu-fans-heatsinks","7":"product_tag-hp","9":"first","10":"instock","11":"taxable","12":"shipping-taxable","13":"purchasable","14":"product-type-simple"},"_links":{"self":[{"href":"https:\/\/boreait.com\/fr\/wp-json\/wp\/v2\/product\/7306","targetHints":{"allow":["GET"]}}],"collection":[{"href":"https:\/\/boreait.com\/fr\/wp-json\/wp\/v2\/product"}],"about":[{"href":"https:\/\/boreait.com\/fr\/wp-json\/wp\/v2\/types\/product"}],"wp:featuredmedia":[{"embeddable":true,"href":"https:\/\/boreait.com\/fr\/wp-json\/wp\/v2\/media\/7353"}],"wp:attachment":[{"href":"https:\/\/boreait.com\/fr\/wp-json\/wp\/v2\/media?parent=7306"}],"wp:term":[{"taxonomy":"product_brand","embeddable":true,"href":"https:\/\/boreait.com\/fr\/wp-json\/wp\/v2\/product_brand?post=7306"},{"taxonomy":"product_cat","embeddable":true,"href":"https:\/\/boreait.com\/fr\/wp-json\/wp\/v2\/product_cat?post=7306"},{"taxonomy":"product_tag","embeddable":true,"href":"https:\/\/boreait.com\/fr\/wp-json\/wp\/v2\/product_tag?post=7306"}],"curies":[{"name":"wp","href":"https:\/\/api.w.org\/{rel}","templated":true}]}}