{"id":7279,"date":"2025-09-15T14:09:39","date_gmt":"2025-09-15T12:09:39","guid":{"rendered":"https:\/\/boreait.com\/fr\/?post_type=product&#038;p=7279"},"modified":"2026-01-14T08:03:35","modified_gmt":"2026-01-14T07:03:35","slug":"memoire-ram-pour-ordinateur-portable-samsung-1-go-2rx16-pc2-6400s-666-12-a3","status":"publish","type":"product","link":"https:\/\/boreait.com\/fr\/produit\/memoire-ram-pour-ordinateur-portable-samsung-1-go-2rx16-pc2-6400s-666-12-a3\/","title":{"rendered":"M\u00e9moire RAM pour ordinateur portable Samsung 1 Go 2rx16 Pc2-6400s-666-12-a3"},"content":{"rendered":"<p>Le module RAM Samsung 1 Go 2Rx16 PC2-6400S-666-12-A3 est un module RAM SODIMM DDR2 con\u00e7u pour les ordinateurs portables. D&rsquo;une capacit\u00e9 de 1 Go, il fonctionne \u00e0 une fr\u00e9quence de 800 MHz avec une latence CL6. Sa configuration 2Rx16 comprend 16 puces m\u00e9moire dispos\u00e9es sur deux rang\u00e9es de chaque c\u00f4t\u00e9. Il fonctionne \u00e0 une tension de 1,8 V et est compatible avec les syst\u00e8mes prenant en charge la m\u00e9moire DDR2. Ce module est id\u00e9al pour mettre \u00e0 niveau ou remplacer la m\u00e9moire existante de votre ordinateur portable afin d&rsquo;am\u00e9liorer ses performances globales.<\/p>\n","protected":false},"excerpt":{"rendered":"<p>Le module m\u00e9moire Samsung 1 Go 2RX16 PC2-6400S-666-12-A3 est un module m\u00e9moire pour ordinateur portable fonctionnant \u00e0 une fr\u00e9quence d&rsquo;horloge de 800 MHz (PC2-6400) et bas\u00e9 sur la technologie DDR2. Son format SODIMM \u00e0 200 broches le rend compatible avec les ordinateurs portables et autres appareils mobiles. Il offre une latence CAS de 6 et une tension nominale de 1,8 V. Con\u00e7u pour offrir des performances rapides et fiables, il est id\u00e9al pour la mise \u00e0 niveau des ordinateurs portables plus anciens n\u00e9cessitant de la m\u00e9moire DDR2.<\/p>\n","protected":false},"featured_media":7352,"template":"","meta":[],"product_brand":[],"product_cat":[77,72],"product_tag":[],"class_list":{"0":"post-7279","1":"product","2":"type-product","3":"status-publish","4":"has-post-thumbnail","6":"product_cat-ddr2","7":"product_cat-ram-memory","9":"first","10":"instock","11":"taxable","12":"shipping-taxable","13":"purchasable","14":"product-type-simple"},"_links":{"self":[{"href":"https:\/\/boreait.com\/fr\/wp-json\/wp\/v2\/product\/7279","targetHints":{"allow":["GET"]}}],"collection":[{"href":"https:\/\/boreait.com\/fr\/wp-json\/wp\/v2\/product"}],"about":[{"href":"https:\/\/boreait.com\/fr\/wp-json\/wp\/v2\/types\/product"}],"wp:featuredmedia":[{"embeddable":true,"href":"https:\/\/boreait.com\/fr\/wp-json\/wp\/v2\/media\/7352"}],"wp:attachment":[{"href":"https:\/\/boreait.com\/fr\/wp-json\/wp\/v2\/media?parent=7279"}],"wp:term":[{"taxonomy":"product_brand","embeddable":true,"href":"https:\/\/boreait.com\/fr\/wp-json\/wp\/v2\/product_brand?post=7279"},{"taxonomy":"product_cat","embeddable":true,"href":"https:\/\/boreait.com\/fr\/wp-json\/wp\/v2\/product_cat?post=7279"},{"taxonomy":"product_tag","embeddable":true,"href":"https:\/\/boreait.com\/fr\/wp-json\/wp\/v2\/product_tag?post=7279"}],"curies":[{"name":"wp","href":"https:\/\/api.w.org\/{rel}","templated":true}]}}