{"id":7278,"date":"2025-09-15T14:09:39","date_gmt":"2025-09-15T12:09:39","guid":{"rendered":"https:\/\/boreait.com\/fr\/?post_type=product&#038;p=7278"},"modified":"2026-01-07T09:41:35","modified_gmt":"2026-01-07T08:41:35","slug":"memoire-ram-samsung-1-go-2rx8-pc2-5300s-555-12-e3-ddr2-667-mhz-cl5-200-broches-sodimm","status":"publish","type":"product","link":"https:\/\/boreait.com\/fr\/produit\/memoire-ram-samsung-1-go-2rx8-pc2-5300s-555-12-e3-ddr2-667-mhz-cl5-200-broches-sodimm\/","title":{"rendered":"Samsung 2GB DDR2 SO-DIMM PC2-6400S \/ PC2-5300S M\u00e9moire RAM Ordinateur Portable M470T5663QZ3"},"content":{"rendered":"\n<p>Am\u00e9liorez les performances de votre ordinateur portable avec la m\u00e9moire Samsung DDR2 SO-DIMM. Ce produit comprend des modules originaux Samsung de 2GB, test\u00e9s et enti\u00e8rement fonctionnels. Parfait pour prolonger la dur\u00e9e de vie des ordinateurs portables plus anciens n\u00e9cessitant de la DDR2.<\/p>\n\n\n\n<p>\u2714 Marque : Samsung<br>\u2714 Mod\u00e8le : M470T5663QZ3<br>\u2714 Capacit\u00e9 : 2GB par module<br>\u2714 Type de m\u00e9moire : DDR2 SO-DIMM<br>\u2714 Vitesse : PC2-6400S (800MHz) \/ PC2-5300S (667MHz)<br>\u2714 200 broches SO-DIMM<br>\u2714 \u00c9tat : Occasion, test\u00e9, fonctionne parfaitement<\/p>\n\n\n\n<p>Compatible avec de nombreux mod\u00e8les d\u2019ordinateurs portables prenant en charge la DDR2. Solution id\u00e9ale pour de meilleures performances, le multit\u00e2che et la stabilit\u00e9 du syst\u00e8me.<\/p>\n","protected":false},"excerpt":{"rendered":"<p>M\u00e9moire Samsung DDR2 SO-DIMM 2GB pour ordinateurs portables. Compatible avec PC2-6400S (800MHz) et PC2-5300S (667MHz). Id\u00e9al pour remplacement ou mise \u00e0 niveau.<\/p>\n","protected":false},"featured_media":7351,"template":"","meta":[],"product_brand":[],"product_cat":[77,72],"product_tag":[],"class_list":{"0":"post-7278","1":"product","2":"type-product","3":"status-publish","4":"has-post-thumbnail","6":"product_cat-ddr2","7":"product_cat-ram-memory","9":"first","10":"instock","11":"taxable","12":"shipping-taxable","13":"purchasable","14":"product-type-simple"},"_links":{"self":[{"href":"https:\/\/boreait.com\/fr\/wp-json\/wp\/v2\/product\/7278","targetHints":{"allow":["GET"]}}],"collection":[{"href":"https:\/\/boreait.com\/fr\/wp-json\/wp\/v2\/product"}],"about":[{"href":"https:\/\/boreait.com\/fr\/wp-json\/wp\/v2\/types\/product"}],"wp:featuredmedia":[{"embeddable":true,"href":"https:\/\/boreait.com\/fr\/wp-json\/wp\/v2\/media\/7351"}],"wp:attachment":[{"href":"https:\/\/boreait.com\/fr\/wp-json\/wp\/v2\/media?parent=7278"}],"wp:term":[{"taxonomy":"product_brand","embeddable":true,"href":"https:\/\/boreait.com\/fr\/wp-json\/wp\/v2\/product_brand?post=7278"},{"taxonomy":"product_cat","embeddable":true,"href":"https:\/\/boreait.com\/fr\/wp-json\/wp\/v2\/product_cat?post=7278"},{"taxonomy":"product_tag","embeddable":true,"href":"https:\/\/boreait.com\/fr\/wp-json\/wp\/v2\/product_tag?post=7278"}],"curies":[{"name":"wp","href":"https:\/\/api.w.org\/{rel}","templated":true}]}}