{"id":7236,"date":"2025-09-15T14:09:15","date_gmt":"2025-09-15T12:09:15","guid":{"rendered":"https:\/\/boreait.com\/fr\/?post_type=product&#038;p=7236"},"modified":"2025-09-15T14:09:59","modified_gmt":"2025-09-15T12:09:59","slug":"camera-webcam-cn-0cj3p2-cj3p2-pour-dell-e5420-e6420-e5520-e6520-m6600-m4600","status":"publish","type":"product","link":"https:\/\/boreait.com\/fr\/produit\/camera-webcam-cn-0cj3p2-cj3p2-pour-dell-e5420-e6420-e5520-e6520-m6600-m4600\/","title":{"rendered":"Cam\u00e9ra &#8211; Webcam CN-0CJ3P2 CJ3P2 pour Dell E5420 E6420 E5520 E6520 M6600 M4600"},"content":{"rendered":"<p>Cam\u00e9ra &#8211; Webcam CN-0CJ3P2 CJ3P2 pour Dell E5420 E6420 E5520 E6520 M6600 M4600.<\/p>\n","protected":false},"excerpt":{"rendered":"<p>CN-0CJ3P2 ou CJ3P2 est la r\u00e9f\u00e9rence d&rsquo;une carte m\u00e8re Dell utilis\u00e9e sur diff\u00e9rents mod\u00e8les d&rsquo;ordinateurs portables Dell, notamment les mod\u00e8les E5420, E6420, E5520, E6520, M6600 et M4600. Ce composant essentiel abrite plusieurs composants essentiels de l&rsquo;ordinateur portable, tels que le processeur, la RAM et d&rsquo;autres connecteurs. Cette pi\u00e8ce est sp\u00e9cialement con\u00e7ue pour les ordinateurs portables Dell et peut ne pas \u00eatre compatible avec d&rsquo;autres mod\u00e8les ou marques.<\/p>\n","protected":false},"featured_media":7305,"template":"","meta":[],"product_brand":[],"product_cat":[59],"product_tag":[53],"class_list":{"0":"post-7236","1":"product","2":"type-product","3":"status-publish","4":"has-post-thumbnail","6":"product_cat-laptop-camera","7":"product_tag-dell","9":"first","10":"instock","11":"taxable","12":"shipping-taxable","13":"purchasable","14":"product-type-simple"},"_links":{"self":[{"href":"https:\/\/boreait.com\/fr\/wp-json\/wp\/v2\/product\/7236","targetHints":{"allow":["GET"]}}],"collection":[{"href":"https:\/\/boreait.com\/fr\/wp-json\/wp\/v2\/product"}],"about":[{"href":"https:\/\/boreait.com\/fr\/wp-json\/wp\/v2\/types\/product"}],"wp:featuredmedia":[{"embeddable":true,"href":"https:\/\/boreait.com\/fr\/wp-json\/wp\/v2\/media\/7305"}],"wp:attachment":[{"href":"https:\/\/boreait.com\/fr\/wp-json\/wp\/v2\/media?parent=7236"}],"wp:term":[{"taxonomy":"product_brand","embeddable":true,"href":"https:\/\/boreait.com\/fr\/wp-json\/wp\/v2\/product_brand?post=7236"},{"taxonomy":"product_cat","embeddable":true,"href":"https:\/\/boreait.com\/fr\/wp-json\/wp\/v2\/product_cat?post=7236"},{"taxonomy":"product_tag","embeddable":true,"href":"https:\/\/boreait.com\/fr\/wp-json\/wp\/v2\/product_tag?post=7236"}],"curies":[{"name":"wp","href":"https:\/\/api.w.org\/{rel}","templated":true}]}}