{"id":7232,"date":"2025-09-15T14:09:14","date_gmt":"2025-09-15T12:09:14","guid":{"rendered":"https:\/\/boreait.com\/fr\/?post_type=product&#038;p=7232"},"modified":"2025-09-15T14:09:54","modified_gmt":"2025-09-15T12:09:54","slug":"nanya-nt4gc64b8hg0ns-di-memoire-ram-ddr3-pour-ordinateur-portable-4-go","status":"publish","type":"product","link":"https:\/\/boreait.com\/fr\/produit\/nanya-nt4gc64b8hg0ns-di-memoire-ram-ddr3-pour-ordinateur-portable-4-go\/","title":{"rendered":"Nanya NT4GC64B8HG0NS-DI M\u00e9moire RAM DDR3 pour ordinateur portable 4 Go"},"content":{"rendered":"<p>Le module m\u00e9moire RAM Nanya NT4GC64B8HG0NS-DI de 4 Go DDR3 pour ordinateur portable est con\u00e7u pour am\u00e9liorer les performances des ordinateurs portables et notebooks en augmentant leur capacit\u00e9 m\u00e9moire. Fabriqu\u00e9 par Nanya, un fabricant leader de m\u00e9moire depuis plus de 25 ans, ce module m\u00e9moire offre une fr\u00e9quence d&rsquo;horloge de 1333 MHz, ce qui permet des transferts de donn\u00e9es rapides et le multit\u00e2che. Il est \u00e9galement con\u00e7u pour fonctionner \u00e0 une basse tension de 1,5 V, ce qui le rend \u00e9conome en \u00e9nergie et r\u00e9duit la production de chaleur. Compatible avec la plupart des ordinateurs portables et notebooks DDR3, il constitue une option de mise \u00e0 niveau id\u00e9ale pour les utilisateurs souhaitant am\u00e9liorer les performances de leur ordinateur.<\/p>\n<p>La m\u00e9moire RAM Nanya NT4GC64B8HG0NS-DI de 4 Go DDR3 pour ordinateur portable est facile \u00e0 installer gr\u00e2ce \u00e0 sa conception plug-and-play qui ne n\u00e9cessite aucun outil ni expertise particuli\u00e8re. Fabriqu\u00e9 avec des mat\u00e9riaux de haute qualit\u00e9, ce module garantit durabilit\u00e9 et fiabilit\u00e9. Il b\u00e9n\u00e9ficie \u00e9galement d&rsquo;une garantie \u00e0 vie limit\u00e9e de Nanya, offrant aux utilisateurs une tranquillit\u00e9 d&rsquo;esprit lors de leur achat.<\/p>\n<p>Dans l&rsquo;ensemble, la m\u00e9moire RAM DDR3 4 Go pour ordinateur portable Nanya NT4GC64B8HG0NS-DI est un module de m\u00e9moire fiable et performant qui peut am\u00e9liorer les performances des ordinateurs portables et des notebooks.<\/p>\n","protected":false},"excerpt":{"rendered":"<p>Le module Nanya NT4GC64B8HG0NS-DI est un module de m\u00e9moire RAM DDR3 de 4 Go con\u00e7u pour augmenter la capacit\u00e9 m\u00e9moire et les performances des ordinateurs portables. Il est cadenc\u00e9 \u00e0 1333 MHz et fonctionne \u00e0 une basse tension de 1,5 V, ce qui le rend rapide et \u00e9conome en \u00e9nergie. Facile \u00e0 installer, gr\u00e2ce \u00e0 sa conception plug-and-play, il est compatible avec la plupart des ordinateurs portables DDR3. Fabriqu\u00e9 avec des mat\u00e9riaux de haute qualit\u00e9, il b\u00e9n\u00e9ficie d&rsquo;une garantie \u00e0 vie limit\u00e9e, gage de durabilit\u00e9 et de fiabilit\u00e9.<\/p>\n","protected":false},"featured_media":7297,"template":"","meta":[],"product_brand":[],"product_cat":[73,72],"product_tag":[],"class_list":{"0":"post-7232","1":"product","2":"type-product","3":"status-publish","4":"has-post-thumbnail","6":"product_cat-ddr3-ddr3l","7":"product_cat-ram-memory","9":"first","10":"instock","11":"taxable","12":"shipping-taxable","13":"purchasable","14":"product-type-simple"},"_links":{"self":[{"href":"https:\/\/boreait.com\/fr\/wp-json\/wp\/v2\/product\/7232","targetHints":{"allow":["GET"]}}],"collection":[{"href":"https:\/\/boreait.com\/fr\/wp-json\/wp\/v2\/product"}],"about":[{"href":"https:\/\/boreait.com\/fr\/wp-json\/wp\/v2\/types\/product"}],"wp:featuredmedia":[{"embeddable":true,"href":"https:\/\/boreait.com\/fr\/wp-json\/wp\/v2\/media\/7297"}],"wp:attachment":[{"href":"https:\/\/boreait.com\/fr\/wp-json\/wp\/v2\/media?parent=7232"}],"wp:term":[{"taxonomy":"product_brand","embeddable":true,"href":"https:\/\/boreait.com\/fr\/wp-json\/wp\/v2\/product_brand?post=7232"},{"taxonomy":"product_cat","embeddable":true,"href":"https:\/\/boreait.com\/fr\/wp-json\/wp\/v2\/product_cat?post=7232"},{"taxonomy":"product_tag","embeddable":true,"href":"https:\/\/boreait.com\/fr\/wp-json\/wp\/v2\/product_tag?post=7232"}],"curies":[{"name":"wp","href":"https:\/\/api.w.org\/{rel}","templated":true}]}}