{"id":7231,"date":"2025-09-15T14:09:14","date_gmt":"2025-09-15T12:09:14","guid":{"rendered":"https:\/\/boreait.com\/fr\/?post_type=product&#038;p=7231"},"modified":"2025-09-15T14:09:52","modified_gmt":"2025-09-15T12:09:52","slug":"ventilateur-et-dissipateur-thermique-oem-pour-dell-latitude-e6520-0gt9xp","status":"publish","type":"product","link":"https:\/\/boreait.com\/fr\/produit\/ventilateur-et-dissipateur-thermique-oem-pour-dell-latitude-e6520-0gt9xp\/","title":{"rendered":"Ventilateur et dissipateur thermique OEM pour Dell Latitude E6520 (0GT9XP)"},"content":{"rendered":"<p>Le ventilateur et dissipateur thermique OEM Dell Latitude E6520 0GT9XP est un syst\u00e8me de refroidissement con\u00e7u pour l&rsquo;ordinateur portable Dell Latitude E6520. Il est compos\u00e9 d&rsquo;un ventilateur et d&rsquo;un dissipateur thermique qui fonctionnent ensemble pour dissiper la chaleur g\u00e9n\u00e9r\u00e9e par le processeur de l&rsquo;ordinateur portable.<\/p>\n<p>Ce ventilateur hautes performances \u00e0 4 broches tourne \u00e0 4\u00a0500 tr\/min. Il est con\u00e7u pour refroidir efficacement le processeur de l&rsquo;ordinateur portable et garantir son fonctionnement \u00e0 des temp\u00e9ratures optimales. Il est \u00e9galement relativement silencieux, produisant un faible niveau sonore m\u00eame \u00e0 haute vitesse.<\/p>\n<p>Le dissipateur thermique est fabriqu\u00e9 en aluminium de haute qualit\u00e9 et pr\u00e9sente une grande surface pour maximiser la dissipation thermique. Il est con\u00e7u pour \u00eatre en contact direct avec le processeur de l&rsquo;ordinateur portable, ce qui lui permet d&rsquo;absorber et d&rsquo;\u00e9vacuer rapidement la chaleur. Il est \u00e9galement dot\u00e9 d&rsquo;ailettes et de canaux qui augmentent la circulation de l&rsquo;air et optimisent les performances de refroidissement. Dans l&rsquo;ensemble, le ventilateur et dissipateur thermique OEM Dell Latitude E6520 0GT9XP est un syst\u00e8me de refroidissement fiable et efficace qui permet d&rsquo;\u00e9viter la surchauffe et de prolonger la dur\u00e9e de vie du processeur de l&rsquo;ordinateur portable.<\/p>\n","protected":false},"excerpt":{"rendered":"<p>Le ventilateur et dissipateur thermique OEM Dell Latitude E6520 0GT9XP est un syst\u00e8me de refroidissement compos\u00e9 d&rsquo;un ventilateur et d&rsquo;un dissipateur thermique, con\u00e7u pour dissiper efficacement la chaleur g\u00e9n\u00e9r\u00e9e par le processeur de l&rsquo;ordinateur portable Dell Latitude E6520. Le ventilateur tourne \u00e0 4\u00a0500 tr\/min et est relativement silencieux. Le dissipateur thermique, fabriqu\u00e9 en aluminium de haute qualit\u00e9, pr\u00e9sente une grande surface pour maximiser la dissipation thermique. Ensemble, le ventilateur et le dissipateur thermique contribuent \u00e0 pr\u00e9venir la surchauffe et \u00e0 prolonger la dur\u00e9e de vie du processeur de l&rsquo;ordinateur portable.<\/p>\n","protected":false},"featured_media":7295,"template":"","meta":[],"product_brand":[],"product_cat":[69],"product_tag":[53],"class_list":{"0":"post-7231","1":"product","2":"type-product","3":"status-publish","4":"has-post-thumbnail","6":"product_cat-cpu-fans-heatsinks","7":"product_tag-dell","9":"first","10":"instock","11":"taxable","12":"shipping-taxable","13":"purchasable","14":"product-type-simple"},"_links":{"self":[{"href":"https:\/\/boreait.com\/fr\/wp-json\/wp\/v2\/product\/7231","targetHints":{"allow":["GET"]}}],"collection":[{"href":"https:\/\/boreait.com\/fr\/wp-json\/wp\/v2\/product"}],"about":[{"href":"https:\/\/boreait.com\/fr\/wp-json\/wp\/v2\/types\/product"}],"wp:featuredmedia":[{"embeddable":true,"href":"https:\/\/boreait.com\/fr\/wp-json\/wp\/v2\/media\/7295"}],"wp:attachment":[{"href":"https:\/\/boreait.com\/fr\/wp-json\/wp\/v2\/media?parent=7231"}],"wp:term":[{"taxonomy":"product_brand","embeddable":true,"href":"https:\/\/boreait.com\/fr\/wp-json\/wp\/v2\/product_brand?post=7231"},{"taxonomy":"product_cat","embeddable":true,"href":"https:\/\/boreait.com\/fr\/wp-json\/wp\/v2\/product_cat?post=7231"},{"taxonomy":"product_tag","embeddable":true,"href":"https:\/\/boreait.com\/fr\/wp-json\/wp\/v2\/product_tag?post=7231"}],"curies":[{"name":"wp","href":"https:\/\/api.w.org\/{rel}","templated":true}]}}