{"id":7212,"date":"2025-09-15T14:08:51","date_gmt":"2025-09-15T12:08:51","guid":{"rendered":"https:\/\/boreait.com\/fr\/?post_type=product&#038;p=7212"},"modified":"2026-01-14T08:02:56","modified_gmt":"2026-01-14T07:02:56","slug":"carte-reseau-sans-fil-dell-n2vfr-authentique-ac-3160-3160ngw-double-bande","status":"publish","type":"product","link":"https:\/\/boreait.com\/fr\/produit\/carte-reseau-sans-fil-dell-n2vfr-authentique-ac-3160-3160ngw-double-bande\/","title":{"rendered":"Carte r\u00e9seau sans fil Dell N2VFR authentique AC 3160 3160NGW double bande"},"content":{"rendered":"<p>L&rsquo;adaptateur r\u00e9seau sans fil Dell N2VFR Wireless-AC 3160 3160NGW bibande authentique est con\u00e7u pour offrir une connectivit\u00e9 Wi-Fi fiable et rapide aux ordinateurs portables et de bureau Dell. Il prend en charge la derni\u00e8re norme Wi-Fi 802.11ac et est compatible avec les bandes de fr\u00e9quences 2,4 GHz et 5 GHz.<\/p>\n<p>Cet adaptateur r\u00e9seau utilise des technologies avanc\u00e9es telles que le MIMO (Multiple Input Multiple Output) et la formation de faisceaux pour offrir des performances et une couverture sans fil am\u00e9lior\u00e9es. Il prend \u00e9galement en charge le Bluetooth 4.0, vous permettant de vous connecter \u00e0 des appareils compatibles Bluetooth tels que des smartphones, des tablettes et des enceintes.<\/p>\n<p>L&rsquo;adaptateur r\u00e9seau Dell N2VFR Wireless-AC 3160 3160NGW est un produit Dell authentique, ce qui signifie qu&rsquo;il est fabriqu\u00e9 par Dell et con\u00e7u sp\u00e9cifiquement pour fonctionner avec les ordinateurs Dell. Cela garantit compatibilit\u00e9 et fiabilit\u00e9, ainsi qu&rsquo;une installation et une configuration faciles. Dans l&rsquo;ensemble, l&rsquo;adaptateur r\u00e9seau sans fil Dell N2VFR Wireless-AC 3160 3160NGW Dual Band authentique est un adaptateur r\u00e9seau sans fil de haute qualit\u00e9 qui offre une connectivit\u00e9 Wi-Fi et Bluetooth rapide et fiable pour les ordinateurs Dell.<\/p>\n","protected":false},"excerpt":{"rendered":"<p>L&rsquo;adaptateur r\u00e9seau sans fil Dell N2VFR Wireless-AC 3160 3160NGW bibande authentique offre une connectivit\u00e9 Wi-Fi fiable et rapide aux ordinateurs portables et de bureau Dell. Il prend en charge la norme Wi-Fi 802.11ac, les bandes de fr\u00e9quences 2,4 GHz et 5 GHz, ainsi que le Bluetooth 4.0. Ce produit Dell authentique garantit compatibilit\u00e9 et facilit\u00e9 d&rsquo;installation.<\/p>\n","protected":false},"featured_media":7290,"template":"","meta":[],"product_brand":[],"product_cat":[63],"product_tag":[53],"class_list":{"0":"post-7212","1":"product","2":"type-product","3":"status-publish","4":"has-post-thumbnail","6":"product_cat-motherboards-board-parts","7":"product_tag-dell","9":"first","10":"instock","11":"taxable","12":"shipping-taxable","13":"purchasable","14":"product-type-simple"},"_links":{"self":[{"href":"https:\/\/boreait.com\/fr\/wp-json\/wp\/v2\/product\/7212","targetHints":{"allow":["GET"]}}],"collection":[{"href":"https:\/\/boreait.com\/fr\/wp-json\/wp\/v2\/product"}],"about":[{"href":"https:\/\/boreait.com\/fr\/wp-json\/wp\/v2\/types\/product"}],"wp:featuredmedia":[{"embeddable":true,"href":"https:\/\/boreait.com\/fr\/wp-json\/wp\/v2\/media\/7290"}],"wp:attachment":[{"href":"https:\/\/boreait.com\/fr\/wp-json\/wp\/v2\/media?parent=7212"}],"wp:term":[{"taxonomy":"product_brand","embeddable":true,"href":"https:\/\/boreait.com\/fr\/wp-json\/wp\/v2\/product_brand?post=7212"},{"taxonomy":"product_cat","embeddable":true,"href":"https:\/\/boreait.com\/fr\/wp-json\/wp\/v2\/product_cat?post=7212"},{"taxonomy":"product_tag","embeddable":true,"href":"https:\/\/boreait.com\/fr\/wp-json\/wp\/v2\/product_tag?post=7212"}],"curies":[{"name":"wp","href":"https:\/\/api.w.org\/{rel}","templated":true}]}}