{"id":7211,"date":"2025-09-15T14:08:51","date_gmt":"2025-09-15T12:08:51","guid":{"rendered":"https:\/\/boreait.com\/fr\/?post_type=product&#038;p=7211"},"modified":"2026-01-14T08:02:38","modified_gmt":"2026-01-14T07:02:38","slug":"ramaxel-100280282-memoire-ram-pour-ordinateur-portable-4-go-1-x-4-go-1600-mhz-pc3-12800s-ddr3-1600-204-broches-sodimm","status":"publish","type":"product","link":"https:\/\/boreait.com\/fr\/produit\/ramaxel-100280282-memoire-ram-pour-ordinateur-portable-4-go-1-x-4-go-1600-mhz-pc3-12800s-ddr3-1600-204-broches-sodimm\/","title":{"rendered":"Ramaxel 100280282 &#8211; M\u00e9moire RAM pour ordinateur portable 4 Go (1 x 4 Go) 1600 MHz PC3-12800S DDR3-1600 204 broches SODIMM"},"content":{"rendered":"<p>Le Ramaxel 100280282 est un module m\u00e9moire pour ordinateur portable offrant 4 Go de capacit\u00e9 de stockage et fonctionnant \u00e0 une fr\u00e9quence de 1600 MHz. Il utilise la technologie DDR3 et affiche une fr\u00e9quence nominale PC3-12800S. Ce module est sp\u00e9cialement con\u00e7u pour les ordinateurs portables et son format SODIMM \u00e0 204 broches le rend compatible avec la plupart des ordinateurs portables compatibles DDR3. Gr\u00e2ce \u00e0 ses performances rapides et \u00e0 sa grande capacit\u00e9 de stockage, ce module m\u00e9moire est un excellent choix pour les utilisateurs d&rsquo;ordinateurs portables souhaitant augmenter la m\u00e9moire de leur appareil. C&rsquo;est une solution fiable et efficace qui peut am\u00e9liorer consid\u00e9rablement les performances d&rsquo;un ordinateur portable, notamment lors du multit\u00e2che ou de l&rsquo;ex\u00e9cution d&rsquo;applications gourmandes en m\u00e9moire.<\/p>\n","protected":false},"excerpt":{"rendered":"<p>Le Ramaxel 100280282 est un module m\u00e9moire pour ordinateur portable d&rsquo;une capacit\u00e9 de 4 Go et fonctionnant \u00e0 une fr\u00e9quence de 1600 MHz. Il utilise la technologie DDR3 et affiche une fr\u00e9quence nominale PC3-12800S. Con\u00e7u pour les ordinateurs portables, ce module est dot\u00e9 d&rsquo;un format SODIMM \u00e0 204 broches, ce qui le rend compatible avec la plupart des ordinateurs portables compatibles DDR3. Gr\u00e2ce \u00e0 ses performances \u00e9lev\u00e9es et \u00e0 sa grande capacit\u00e9, ce module m\u00e9moire est un excellent choix pour les utilisateurs souhaitant mettre \u00e0 niveau la m\u00e9moire de leur ordinateur portable.<\/p>\n","protected":false},"featured_media":7288,"template":"","meta":[],"product_brand":[],"product_cat":[73,72],"product_tag":[],"class_list":{"0":"post-7211","1":"product","2":"type-product","3":"status-publish","4":"has-post-thumbnail","6":"product_cat-ddr3-ddr3l","7":"product_cat-ram-memory","9":"first","10":"instock","11":"taxable","12":"shipping-taxable","13":"purchasable","14":"product-type-simple"},"_links":{"self":[{"href":"https:\/\/boreait.com\/fr\/wp-json\/wp\/v2\/product\/7211","targetHints":{"allow":["GET"]}}],"collection":[{"href":"https:\/\/boreait.com\/fr\/wp-json\/wp\/v2\/product"}],"about":[{"href":"https:\/\/boreait.com\/fr\/wp-json\/wp\/v2\/types\/product"}],"wp:featuredmedia":[{"embeddable":true,"href":"https:\/\/boreait.com\/fr\/wp-json\/wp\/v2\/media\/7288"}],"wp:attachment":[{"href":"https:\/\/boreait.com\/fr\/wp-json\/wp\/v2\/media?parent=7211"}],"wp:term":[{"taxonomy":"product_brand","embeddable":true,"href":"https:\/\/boreait.com\/fr\/wp-json\/wp\/v2\/product_brand?post=7211"},{"taxonomy":"product_cat","embeddable":true,"href":"https:\/\/boreait.com\/fr\/wp-json\/wp\/v2\/product_cat?post=7211"},{"taxonomy":"product_tag","embeddable":true,"href":"https:\/\/boreait.com\/fr\/wp-json\/wp\/v2\/product_tag?post=7211"}],"curies":[{"name":"wp","href":"https:\/\/api.w.org\/{rel}","templated":true}]}}