{"id":7209,"date":"2025-09-15T14:08:51","date_gmt":"2025-09-15T12:08:51","guid":{"rendered":"https:\/\/boreait.com\/fr\/?post_type=product&#038;p=7209"},"modified":"2025-09-15T14:09:44","modified_gmt":"2025-09-15T12:09:44","slug":"pk23000k2v0-kit-de-haut-parleurs-lenovo-dorigine-gd-pour-thinkpad-e555-type-serie-20dh-002qus","status":"publish","type":"product","link":"https:\/\/boreait.com\/fr\/produit\/pk23000k2v0-kit-de-haut-parleurs-lenovo-dorigine-gd-pour-thinkpad-e555-type-serie-20dh-002qus\/","title":{"rendered":"PK23000K2V0 KIT DE HAUT-PARLEURS LENOVO D&rsquo;ORIGINE G+D POUR THINKPAD E555 TYPE S\u00c9RIE 20DH-002QUS"},"content":{"rendered":"<p>Le kit de haut-parleurs LENOVO authentiques PK23000K2V0 G+D est un kit de remplacement con\u00e7u pour l&rsquo;ordinateur portable Lenovo ThinkPad E555 Type 20DH-002QUS. Il comprend des haut-parleurs gauche et droit, offrant un son de haute qualit\u00e9 pour la musique, les vid\u00e9os et autres contenus multim\u00e9dias.<\/p>\n<p>Le kit de haut-parleurs LENOVO authentiques PK23000K2V0 G+D est un produit Lenovo authentique, con\u00e7u pour s&rsquo;adapter parfaitement \u00e0 l&#8217;emplacement pr\u00e9vu et soumis \u00e0 des tests de qualit\u00e9 rigoureux afin de garantir sa compatibilit\u00e9 et sa fiabilit\u00e9 avec le mod\u00e8le d&rsquo;ordinateur portable sp\u00e9cifi\u00e9.<\/p>\n<p>Lorsque les haut-parleurs int\u00e9gr\u00e9s de l&rsquo;ordinateur portable sont d\u00e9fectueux ou endommag\u00e9s, ils peuvent produire un son de mauvaise qualit\u00e9, voire aucun son, voire une distorsion. Remplacer les haut-parleurs par le kit de haut-parleurs LENOVO authentiques PK23000K2V0 G+D permet de restaurer rapidement et facilement la qualit\u00e9 sonore de l&rsquo;ordinateur portable. En r\u00e9sum\u00e9, le kit de haut-parleurs LENOVO PK23000K2V0 G+D d&rsquo;origine est une pi\u00e8ce de rechange de haute qualit\u00e9 offrant une qualit\u00e9 sonore sup\u00e9rieure pour l&rsquo;ordinateur portable Lenovo ThinkPad E555 Type 20DH-002QUS. Sa compatibilit\u00e9, sa fiabilit\u00e9 et sa facilit\u00e9 d&rsquo;installation en font un excellent choix pour ceux qui souhaitent restaurer la qualit\u00e9 sonore de leur ordinateur portable.<\/p>\n","protected":false},"excerpt":{"rendered":"<p>Le kit de haut-parleurs LENOVO G+D PK23000K2V0 d&rsquo;origine est un kit de remplacement con\u00e7u pour l&rsquo;ordinateur portable Lenovo ThinkPad E555 Type 20DH-002QUS. Il comprend des haut-parleurs gauche et droit offrant un son de haute qualit\u00e9 pour la musique, les vid\u00e9os et autres contenus multim\u00e9dias. Ce kit est un produit Lenovo d&rsquo;origine et a \u00e9t\u00e9 soumis \u00e0 des tests qualit\u00e9 rigoureux pour garantir sa compatibilit\u00e9 et sa fiabilit\u00e9 avec le mod\u00e8le d&rsquo;ordinateur portable sp\u00e9cifi\u00e9. Remplacer les haut-parleurs d\u00e9fectueux ou endommag\u00e9s par ce kit permet de restaurer facilement et rapidement la qualit\u00e9 sonore de votre ordinateur portable.<\/p>\n","protected":false},"featured_media":7284,"template":"","meta":[],"product_brand":[],"product_cat":[54],"product_tag":[62],"class_list":{"0":"post-7209","1":"product","2":"type-product","3":"status-publish","4":"has-post-thumbnail","6":"product_cat-laptop-speakers","7":"product_tag-lenovo","9":"first","10":"instock","11":"taxable","12":"shipping-taxable","13":"purchasable","14":"product-type-simple"},"_links":{"self":[{"href":"https:\/\/boreait.com\/fr\/wp-json\/wp\/v2\/product\/7209","targetHints":{"allow":["GET"]}}],"collection":[{"href":"https:\/\/boreait.com\/fr\/wp-json\/wp\/v2\/product"}],"about":[{"href":"https:\/\/boreait.com\/fr\/wp-json\/wp\/v2\/types\/product"}],"wp:featuredmedia":[{"embeddable":true,"href":"https:\/\/boreait.com\/fr\/wp-json\/wp\/v2\/media\/7284"}],"wp:attachment":[{"href":"https:\/\/boreait.com\/fr\/wp-json\/wp\/v2\/media?parent=7209"}],"wp:term":[{"taxonomy":"product_brand","embeddable":true,"href":"https:\/\/boreait.com\/fr\/wp-json\/wp\/v2\/product_brand?post=7209"},{"taxonomy":"product_cat","embeddable":true,"href":"https:\/\/boreait.com\/fr\/wp-json\/wp\/v2\/product_cat?post=7209"},{"taxonomy":"product_tag","embeddable":true,"href":"https:\/\/boreait.com\/fr\/wp-json\/wp\/v2\/product_tag?post=7209"}],"curies":[{"name":"wp","href":"https:\/\/api.w.org\/{rel}","templated":true}]}}