{"id":7182,"date":"2025-09-15T14:08:25","date_gmt":"2025-09-15T12:08:25","guid":{"rendered":"https:\/\/boreait.com\/fr\/?post_type=product&#038;p=7182"},"modified":"2026-01-14T08:02:04","modified_gmt":"2026-01-14T07:02:04","slug":"etui-de-protection-en-u-pour-tablette-lenovo-thinkpad-x230i-04w6808","status":"publish","type":"product","link":"https:\/\/boreait.com\/fr\/produit\/etui-de-protection-en-u-pour-tablette-lenovo-thinkpad-x230i-04w6808\/","title":{"rendered":"\u00c9tui de protection en U pour tablette Lenovo ThinkPad X230i (04W6808)"},"content":{"rendered":"<p>La r\u00e9f\u00e9rence 04W6808 est une housse en U con\u00e7ue par Lenovo pour les tablettes ThinkPad X230 et les ordinateurs portables X230i. Cette housse prot\u00e8ge l&rsquo;arri\u00e8re de l&rsquo;ordinateur portable et lui assure un maintien structurel. Fabriqu\u00e9e \u00e0 partir de mat\u00e9riaux de haute qualit\u00e9, elle est con\u00e7ue sur mesure pour s&rsquo;adapter aux dimensions des tablettes X230 et X230i. Cette housse est un produit original Lenovo et n&rsquo;est pas une copie d&rsquo;une autre marque ou d&rsquo;un autre produit. C&rsquo;est un accessoire fiable et durable qui prolongera la dur\u00e9e de vie de votre ordinateur portable.<\/p>\n","protected":false},"excerpt":{"rendered":"<p>La r\u00e9f\u00e9rence 04W6808 est une housse en U pour tablette Lenovo ThinkPad X230 et ordinateurs portables X230i. Elle est con\u00e7ue pour prot\u00e9ger l&rsquo;arri\u00e8re de l&rsquo;ordinateur portable et lui offrir un soutien structurel. Fabriqu\u00e9e \u00e0 partir de mat\u00e9riaux de haute qualit\u00e9, elle est sp\u00e9cialement con\u00e7ue pour s&rsquo;adapter aux dimensions de la tablette X230 et des ordinateurs portables X230i. Cette housse en U est un produit original de Lenovo et n&rsquo;est ni une copie ni une imitation d&rsquo;une autre marque ou d&rsquo;un autre produit.<\/p>\n","protected":false},"featured_media":7251,"template":"","meta":[],"product_brand":[],"product_cat":[52],"product_tag":[62],"class_list":{"0":"post-7182","1":"product","2":"type-product","3":"status-publish","4":"has-post-thumbnail","6":"product_cat-laptop-housing","7":"product_tag-lenovo","9":"first","10":"instock","11":"taxable","12":"shipping-taxable","13":"purchasable","14":"product-type-simple"},"_links":{"self":[{"href":"https:\/\/boreait.com\/fr\/wp-json\/wp\/v2\/product\/7182","targetHints":{"allow":["GET"]}}],"collection":[{"href":"https:\/\/boreait.com\/fr\/wp-json\/wp\/v2\/product"}],"about":[{"href":"https:\/\/boreait.com\/fr\/wp-json\/wp\/v2\/types\/product"}],"wp:featuredmedia":[{"embeddable":true,"href":"https:\/\/boreait.com\/fr\/wp-json\/wp\/v2\/media\/7251"}],"wp:attachment":[{"href":"https:\/\/boreait.com\/fr\/wp-json\/wp\/v2\/media?parent=7182"}],"wp:term":[{"taxonomy":"product_brand","embeddable":true,"href":"https:\/\/boreait.com\/fr\/wp-json\/wp\/v2\/product_brand?post=7182"},{"taxonomy":"product_cat","embeddable":true,"href":"https:\/\/boreait.com\/fr\/wp-json\/wp\/v2\/product_cat?post=7182"},{"taxonomy":"product_tag","embeddable":true,"href":"https:\/\/boreait.com\/fr\/wp-json\/wp\/v2\/product_tag?post=7182"}],"curies":[{"name":"wp","href":"https:\/\/api.w.org\/{rel}","templated":true}]}}