{"id":7175,"date":"2025-09-15T14:08:24","date_gmt":"2025-09-15T12:08:24","guid":{"rendered":"https:\/\/boreait.com\/fr\/?post_type=product&#038;p=7175"},"modified":"2025-09-15T14:09:16","modified_gmt":"2025-09-15T12:09:16","slug":"ensemble-de-charnieres-pour-ecran-lcd-gauche-droite-pour-hp-elitebook-folio-9470m-et-9480m","status":"publish","type":"product","link":"https:\/\/boreait.com\/fr\/produit\/ensemble-de-charnieres-pour-ecran-lcd-gauche-droite-pour-hp-elitebook-folio-9470m-et-9480m\/","title":{"rendered":"Ensemble de charni\u00e8res pour \u00e9cran LCD gauche\/droite pour HP Elitebook Folio 9470M et 9480M"},"content":{"rendered":"<p>Le kit de charni\u00e8res pour \u00e9cran LCD HP Elitebook Folio 9470M et 9480M comprend les charni\u00e8res gauche et droite pour l&rsquo;\u00e9cran de l&rsquo;ordinateur portable. Ces charni\u00e8res sont con\u00e7ues pour fixer solidement l&rsquo;\u00e9cran LCD \u00e0 sa base et permettent \u00e0 l&rsquo;utilisateur d&rsquo;ajuster l&rsquo;angle de l&rsquo;\u00e9cran.<\/p>\n<p>Fabriqu\u00e9es \u00e0 partir de mat\u00e9riaux de haute qualit\u00e9, ces charni\u00e8res sont con\u00e7ues pour r\u00e9sister \u00e0 une utilisation et des mouvements fr\u00e9quents, garantissant ainsi durabilit\u00e9 et long\u00e9vit\u00e9. Sp\u00e9cialement con\u00e7ues pour les ordinateurs portables HP Elitebook Folio 9470M et 9480M, elles sont faciles \u00e0 installer avec les outils appropri\u00e9s.<\/p>\n<p>Un kit de charni\u00e8res fonctionnel est essentiel pour tout ordinateur portable, car il assure la stabilit\u00e9 de l&rsquo;\u00e9cran pendant l&rsquo;utilisation et pr\u00e9vient les dommages caus\u00e9s par les chutes ou les chocs accidentels. Le kit de charni\u00e8res pour \u00e9cran LCD HP Elitebook Folio 9470M et 9480M est un composant fiable et essentiel pour tout utilisateur souhaitant entretenir ou r\u00e9parer le syst\u00e8me de charni\u00e8res de son ordinateur portable.<\/p>\n","protected":false},"excerpt":{"rendered":"<p>Le kit de charni\u00e8res gauche\/droite pour \u00e9cran LCD HP Elitebook Folio 9470M et 9480M est une pi\u00e8ce de rechange pour les charni\u00e8res gauche et droite de l&rsquo;\u00e9cran LCD de votre ordinateur portable. Fabriqu\u00e9e par HP, cette pi\u00e8ce d&rsquo;origine est compatible avec les mod\u00e8les Elitebook Folio 9470M et 9480M. Ce kit de charni\u00e8res est con\u00e7u pour une ouverture et une fermeture fluides de l&rsquo;\u00e9cran, tout en le maintenant fermement en place pendant l&rsquo;utilisation. Facile \u00e0 installer, il est essentiel au bon fonctionnement de l&rsquo;\u00e9cran de votre ordinateur portable. Il est recommand\u00e9 \u00e0 tous ceux qui doivent remplacer une charni\u00e8re d\u00e9fectueuse ou endommag\u00e9e de l&rsquo;\u00e9cran LCD de leur ordinateur portable.<\/p>\n","protected":false},"featured_media":7238,"template":"","meta":[],"product_brand":[],"product_cat":[55],"product_tag":[61],"class_list":{"0":"post-7175","1":"product","2":"type-product","3":"status-publish","4":"has-post-thumbnail","6":"product_cat-screen-hinge","7":"product_tag-hp","9":"first","10":"instock","11":"taxable","12":"shipping-taxable","13":"purchasable","14":"product-type-simple"},"_links":{"self":[{"href":"https:\/\/boreait.com\/fr\/wp-json\/wp\/v2\/product\/7175","targetHints":{"allow":["GET"]}}],"collection":[{"href":"https:\/\/boreait.com\/fr\/wp-json\/wp\/v2\/product"}],"about":[{"href":"https:\/\/boreait.com\/fr\/wp-json\/wp\/v2\/types\/product"}],"wp:featuredmedia":[{"embeddable":true,"href":"https:\/\/boreait.com\/fr\/wp-json\/wp\/v2\/media\/7238"}],"wp:attachment":[{"href":"https:\/\/boreait.com\/fr\/wp-json\/wp\/v2\/media?parent=7175"}],"wp:term":[{"taxonomy":"product_brand","embeddable":true,"href":"https:\/\/boreait.com\/fr\/wp-json\/wp\/v2\/product_brand?post=7175"},{"taxonomy":"product_cat","embeddable":true,"href":"https:\/\/boreait.com\/fr\/wp-json\/wp\/v2\/product_cat?post=7175"},{"taxonomy":"product_tag","embeddable":true,"href":"https:\/\/boreait.com\/fr\/wp-json\/wp\/v2\/product_tag?post=7175"}],"curies":[{"name":"wp","href":"https:\/\/api.w.org\/{rel}","templated":true}]}}