{"id":7174,"date":"2025-09-15T14:08:24","date_gmt":"2025-09-15T12:08:24","guid":{"rendered":"https:\/\/boreait.com\/fr\/?post_type=product&#038;p=7174"},"modified":"2025-09-15T14:09:12","modified_gmt":"2025-09-15T12:09:12","slug":"ecran-non-tactile-dell-latitude-e5570-precision-3510-edp-09tkmn-dc02c00b600","status":"publish","type":"product","link":"https:\/\/boreait.com\/fr\/produit\/ecran-non-tactile-dell-latitude-e5570-precision-3510-edp-09tkmn-dc02c00b600\/","title":{"rendered":"\u00c9cran non tactile DELL LATITUDE E5570 &#8211; PRECISION 3510 EDP 09TKMN DC02C00B600"},"content":{"rendered":"<p>Le c\u00e2ble LCD Dell, r\u00e9f\u00e9rence 09TKMN, relie l&rsquo;\u00e9cran LCD \u00e0 la carte m\u00e8re d&rsquo;un ordinateur portable Dell. Ce c\u00e2ble est compatible avec plusieurs mod\u00e8les d&rsquo;ordinateurs portables Dell, notamment les Dell Inspiron 15-3521, 15-3537 et 15R-5537, ainsi que les Latitude E5570 et Precision 3510.<\/p>\n","protected":false},"excerpt":{"rendered":"<p>Le c\u00e2ble LCD Dell, r\u00e9f\u00e9rence 09TKMN, relie l&rsquo;\u00e9cran LCD \u00e0 la carte m\u00e8re d&rsquo;un ordinateur portable Dell. Ce c\u00e2ble est compatible avec plusieurs mod\u00e8les d&rsquo;ordinateurs portables Dell, notamment les Dell Inspiron 15-3521, 15-3537 et 15R-5537.<\/p>\n","protected":false},"featured_media":7228,"template":"","meta":[],"product_brand":[],"product_cat":[56],"product_tag":[53],"class_list":{"0":"post-7174","1":"product","2":"type-product","3":"status-publish","4":"has-post-thumbnail","6":"product_cat-cables","7":"product_tag-dell","9":"first","10":"instock","11":"taxable","12":"shipping-taxable","13":"purchasable","14":"product-type-simple"},"_links":{"self":[{"href":"https:\/\/boreait.com\/fr\/wp-json\/wp\/v2\/product\/7174","targetHints":{"allow":["GET"]}}],"collection":[{"href":"https:\/\/boreait.com\/fr\/wp-json\/wp\/v2\/product"}],"about":[{"href":"https:\/\/boreait.com\/fr\/wp-json\/wp\/v2\/types\/product"}],"wp:featuredmedia":[{"embeddable":true,"href":"https:\/\/boreait.com\/fr\/wp-json\/wp\/v2\/media\/7228"}],"wp:attachment":[{"href":"https:\/\/boreait.com\/fr\/wp-json\/wp\/v2\/media?parent=7174"}],"wp:term":[{"taxonomy":"product_brand","embeddable":true,"href":"https:\/\/boreait.com\/fr\/wp-json\/wp\/v2\/product_brand?post=7174"},{"taxonomy":"product_cat","embeddable":true,"href":"https:\/\/boreait.com\/fr\/wp-json\/wp\/v2\/product_cat?post=7174"},{"taxonomy":"product_tag","embeddable":true,"href":"https:\/\/boreait.com\/fr\/wp-json\/wp\/v2\/product_tag?post=7174"}],"curies":[{"name":"wp","href":"https:\/\/api.w.org\/{rel}","templated":true}]}}