{"id":7172,"date":"2025-09-15T14:08:24","date_gmt":"2025-09-15T12:08:24","guid":{"rendered":"https:\/\/boreait.com\/fr\/?post_type=product&#038;p=7172"},"modified":"2025-09-15T14:09:09","modified_gmt":"2025-09-15T12:09:09","slug":"carte-wi-fi-intel-dual-band-ac-8260-8260ngw-802-11ac-module-bluetooth-4-2","status":"publish","type":"product","link":"https:\/\/boreait.com\/fr\/produit\/carte-wi-fi-intel-dual-band-ac-8260-8260ngw-802-11ac-module-bluetooth-4-2\/","title":{"rendered":"Carte Wi-Fi Intel Dual Band AC 8260 8260NGW 802.11ac &#8211; Module Bluetooth 4.2"},"content":{"rendered":"<p>Le 8260NGW est un adaptateur r\u00e9seau Intel Wireless-AC. Cet adaptateur bi-bande prend en charge les fr\u00e9quences 2,4 GHz et 5 GHz et est compatible avec la norme 802.11ac, offrant des d\u00e9bits sans fil \u00e9lev\u00e9s et une capacit\u00e9 r\u00e9seau am\u00e9lior\u00e9e. Il prend \u00e9galement en charge le Bluetooth 4.2, facilitant ainsi la connectivit\u00e9 avec d&rsquo;autres appareils compatibles. Il est couramment utilis\u00e9 sur les ordinateurs portables et autres appareils mobiles pour assurer une connectivit\u00e9 sans fil. <\/p>\n<p>Voici une liste d&rsquo;ordinateurs portables compatibles avec cette carte Wi-Fi\u00a0:<\/p>\n<ol>\n<li>Dell XPS 13<\/li>\n<li>HP Spectre x360<\/li>\n<li>Lenovo ThinkPad T480<\/li>\n<li>Asus Zenbook UX305<\/li>\n<li>Acer Aspire R14<\/li>\n<li>MSI GS63VR Stealth Pro<\/li>\n<li>Razer Blade Stealth<\/li>\n<li>Alienware 13 R3<\/li>\n<li>Lenovo Yoga 720<\/li>\n<li>HP EliteBook x360<\/li>\n<li>Asus ROG Strix GL702VM<\/li>\n<li>Dell Inspiron 15 5000 s\u00e9rie<\/li>\n<li>Acer Swift 7<\/li>\n<li>MSI GP62MVRX Leopard Pro<\/li>\n<li>HP Omen\u00a017<\/li>\n<li>LG Gram 15Z970<\/li>\n<li>Lenovo Legion Y520<\/li>\n<li>HP Pavillon 15<\/li>\n<li>Dell Latitude E7470<\/li>\n<li>Asus VivoBook Pro N580VD<\/li>\n<li>Acer Aspire E15<\/li>\n<li>MSI GE62VR Apache Pro<\/li>\n<li>LG Gram 14Z970<\/li>\n<li>Razer Blade Pro<\/li>\n<li>Dell Latitude E5270 E5470 E5570 E7270 E7470<\/li>\n<li>\n<div class=\"s-item__title\"><span role=\"heading\" aria-level=\"3\">Lenovo Thinkpad X1 YOGA Carbon X260 T460 T560<\/span><\/div>\n<\/li>\n<li>\n<div class=\"s-item__title\"><span role=\"heading\" aria-level=\"3\">Lenovo L460 L470 900-13\u00a0<\/span><\/div>\n<\/li>\n<\/ol>\n<p>HP SPS signifie \u00ab\u00a0Spare Part Number\u00a0\u00bb (num\u00e9ro de pi\u00e8ce de rechange) et d\u00e9signe le num\u00e9ro de pi\u00e8ce utilis\u00e9 par HP pour identifier les pi\u00e8ces sp\u00e9cifiques utilis\u00e9es dans ses produits. Le num\u00e9ro de s\u00e9rie HP SPS de la carte r\u00e9seau Intel 8260NGW varie selon le mod\u00e8le et la configuration de l&rsquo;ordinateur portable HP sur lequel il est install\u00e9. Voici quelques exemples de num\u00e9ros de s\u00e9rie HP SPS pour l&rsquo;Intel 8260NGW\u00a0:<\/p>\n<ul>\n<li>806721-001<\/li>\n<li>8260NGWSPS<\/li>\n<li>792202-001<\/li>\n<li>793840-001<\/li>\n<li>831511-001<\/li>\n<li>806722-001<\/li>\n<li>793840-005<\/li>\n<li>806723-001<\/li>\n<li>806722-005<\/li>\n<li>8260NGWSNX<\/li>\n<li>806721-001<\/li>\n<\/ul>\n<p>Notez que cette liste n&rsquo;est pas exhaustive et que d&rsquo;autres ordinateurs portables et appareils peuvent \u00eatre compatibles avec la carte 8260NGW.<\/p>\n","protected":false},"excerpt":{"rendered":"<p>Le 8260NGW est un adaptateur r\u00e9seau sans fil Intel qui prend en charge la connectivit\u00e9 Wi-Fi et Bluetooth double bande, couramment utilis\u00e9 dans les ordinateurs portables et les appareils mobiles pour une communication sans fil rapide et fiable.<\/p>\n","protected":false},"featured_media":7225,"template":"","meta":[],"product_brand":[],"product_cat":[63],"product_tag":[65,66,53,61,62],"class_list":{"0":"post-7172","1":"product","2":"type-product","3":"status-publish","4":"has-post-thumbnail","6":"product_cat-motherboards-board-parts","7":"product_tag-acer","8":"product_tag-asus","9":"product_tag-dell","10":"product_tag-hp","11":"product_tag-lenovo","13":"first","14":"instock","15":"taxable","16":"shipping-taxable","17":"purchasable","18":"product-type-simple"},"_links":{"self":[{"href":"https:\/\/boreait.com\/fr\/wp-json\/wp\/v2\/product\/7172","targetHints":{"allow":["GET"]}}],"collection":[{"href":"https:\/\/boreait.com\/fr\/wp-json\/wp\/v2\/product"}],"about":[{"href":"https:\/\/boreait.com\/fr\/wp-json\/wp\/v2\/types\/product"}],"wp:featuredmedia":[{"embeddable":true,"href":"https:\/\/boreait.com\/fr\/wp-json\/wp\/v2\/media\/7225"}],"wp:attachment":[{"href":"https:\/\/boreait.com\/fr\/wp-json\/wp\/v2\/media?parent=7172"}],"wp:term":[{"taxonomy":"product_brand","embeddable":true,"href":"https:\/\/boreait.com\/fr\/wp-json\/wp\/v2\/product_brand?post=7172"},{"taxonomy":"product_cat","embeddable":true,"href":"https:\/\/boreait.com\/fr\/wp-json\/wp\/v2\/product_cat?post=7172"},{"taxonomy":"product_tag","embeddable":true,"href":"https:\/\/boreait.com\/fr\/wp-json\/wp\/v2\/product_tag?post=7172"}],"curies":[{"name":"wp","href":"https:\/\/api.w.org\/{rel}","templated":true}]}}