{"id":7165,"date":"2025-09-15T14:08:23","date_gmt":"2025-09-15T12:08:23","guid":{"rendered":"https:\/\/boreait.com\/fr\/?post_type=product&#038;p=7165"},"modified":"2025-09-15T14:08:46","modified_gmt":"2025-09-15T12:08:46","slug":"ordinateur-portable-hp-elitebook-825-g2-820-g1-g2-725-g1-g2-720-g1-g2-825-g1-touche-de-clavier-individuelle-730541-001-735502-001-touches","status":"publish","type":"product","link":"https:\/\/boreait.com\/fr\/produit\/ordinateur-portable-hp-elitebook-825-g2-820-g1-g2-725-g1-g2-720-g1-g2-825-g1-touche-de-clavier-individuelle-730541-001-735502-001-touches\/","title":{"rendered":"Ordinateur portable HP Elitebook 825 G2 820 G1 G2 725 G1 G2 720 G1 G2 825 G1 Touche de clavier individuelle 730541-001 735502-001 touches"},"content":{"rendered":"<p>Vous recevrez la touche du clavier pr\u00e9sent\u00e9 sur la photo de l&rsquo;annonce\u00a0! Les touches disponibles sont indiqu\u00e9es sur l&rsquo;image\u00a0!<\/p>\n<p>Ceci est une offre de touches de clavier de remplacement pour les ordinateurs portables 825 G2, 820 G1, G2, 725 G1, G2, 720 G1, G2, 825 G1, portant les r\u00e9f\u00e9rences 730541-001 et 735502-001 (sans r\u00e9tro\u00e9clairage). Le vendeur fournit des informations importantes \u00e0 prendre en compte avant l&rsquo;achat du kit de touches de remplacement, notamment les variations de clips selon le fabricant du clavier. Il est conseill\u00e9 \u00e0 l&rsquo;acheteur de consulter les photos fournies afin de s&rsquo;assurer que les clips des touches de remplacement correspondent \u00e0 ceux de son clavier. Pour plus de pr\u00e9cisions ou pour obtenir une photo de la touche, l&rsquo;acheteur peut contacter le vendeur via le lien \u00ab\u00a0Demander au vendeur\u00a0\u00bb et recevoir une r\u00e9ponse sous 24\u00a0heures.<\/p>\n<p>L&rsquo;acheteur recevra une touche de clavier avec des clips en plastique et une protection en caoutchouc sous la touche. Cependant, le vendeur insiste sur l&rsquo;importance de v\u00e9rifier la compatibilit\u00e9 avant l&rsquo;achat, car le fait d&rsquo;avoir le m\u00eame mod\u00e8le d&rsquo;ordinateur portable ou la m\u00eame r\u00e9f\u00e9rence de clavier ne garantit pas le fonctionnement des touches de remplacement. Il est conseill\u00e9 \u00e0 l&rsquo;acheteur de comparer le clip de sa touche actuelle avec les photos fournies et, en cas de doute, d&rsquo;envoyer une photo au vendeur pour \u00e9valuation.<\/p>\n<p>Pour acheter les touches de remplacement, l&rsquo;acheteur doit indiquer au vendeur la touche qu&rsquo;il souhaite acheter. La liste des touches disponibles est fournie dans l&rsquo;annonce. L&rsquo;acheteur peut \u00e9crire un message au vendeur lors du paiement ou le contacter apr\u00e8s le paiement via la page d&rsquo;historique des achats eBay. Il est conseill\u00e9 \u00e0 l&rsquo;acheteur d&rsquo;indiquer s&rsquo;il ach\u00e8te une touche Maj, Ctrl ou Alt gauche ou droite, et s&rsquo;il ach\u00e8te des touches sup\u00e9rieures ou des touches du pav\u00e9 num\u00e9rique pour les touches num\u00e9riques. Si l&rsquo;acheteur omet d&rsquo;indiquer la touche qu&rsquo;il souhaite acheter, la commande ne sera pas trait\u00e9e. <\/p>\n<p>Disposition\u00a0: \u00c9tats-Unis<\/p>\n<p>Nous avons actuellement toutes les touches en stock, comme indiqu\u00e9 sur la photo de la liste, y compris\u00a0:<\/p>\n<p>esc f1 f2 f3 f4 f5 f6 f8 f9 f10 f11 f12 \u00ab\u00a0d\u00e9filement\u00a0\u00bb \u00ab\u00a0pause\u00a0\u00bb \u00ab\u00a0insertion\u00a0\u00bb \u00ab\u00a0suppr\u00a0\u00bb<\/p>\n<p>tilde 2 3 4 5 6 7 8 9 0 &#8211; = retour arri\u00e8re \u00ab\u00a0accueil\u00a0\u00bb<\/p>\n<p>tab w e r y i o p [ ]  \u00ab\u00a0page pr\u00e9c\u00e9dente\u00a0\u00bb<\/p>\n<p>verr maj s f j l ; &lsquo; \u00ab\u00a0entr\u00e9e\u00a0\u00bb \u00ab\u00a0page suivante\u00a0\u00bb<\/p>\n<p>maj gauche z x c . \/ \u00ab\u00a0maj droite\u00a0\u00bb \u00ab\u00a0fin\u00a0\u00bb<\/p>\n<p>\u00ab\u00a0fn\u00a0\u00bb \u00ab\u00a0fen\u00eatres\u00a0\u00bb \u00ab\u00a0alt gauche\u00a0\u00bb \u00ab\u00a0alt droite\u00a0\u00bb \u00ab\u00a0menu\u00a0\u00bb \u00ab\u00a0contr\u00f4le droit\u00a0\u00bb<\/p>\n<p>\u00ab\u00a0droite\u00a0\u00bb<\/p>\n","protected":false},"excerpt":{"rendered":"<p>Ceci est une liste de produits pour les touches de clavier de remplacement pour les ordinateurs portables HP Elitebook 825 G2, 820 G1, G2, 725 G1, G2, 720 G1, G2, 825 G1. Le vendeur recommande aux acheteurs de v\u00e9rifier la compatibilit\u00e9 de leur clavier et du kit de touches de remplacement en comparant les clips, et de lui indiquer la touche qu&rsquo;ils souhaitent acheter. L&rsquo;acheteur recevra une touche de clavier avec des clips en plastique et une protection en caoutchouc.<\/p>\n","protected":false},"featured_media":7200,"template":"","meta":[],"product_brand":[],"product_cat":[60],"product_tag":[61],"class_list":{"0":"post-7165","1":"product","2":"type-product","3":"status-publish","4":"has-post-thumbnail","6":"product_cat-individual-keyboard-keys","7":"product_tag-hp","9":"first","10":"instock","11":"taxable","12":"shipping-taxable","13":"purchasable","14":"product-type-simple"},"_links":{"self":[{"href":"https:\/\/boreait.com\/fr\/wp-json\/wp\/v2\/product\/7165","targetHints":{"allow":["GET"]}}],"collection":[{"href":"https:\/\/boreait.com\/fr\/wp-json\/wp\/v2\/product"}],"about":[{"href":"https:\/\/boreait.com\/fr\/wp-json\/wp\/v2\/types\/product"}],"wp:featuredmedia":[{"embeddable":true,"href":"https:\/\/boreait.com\/fr\/wp-json\/wp\/v2\/media\/7200"}],"wp:attachment":[{"href":"https:\/\/boreait.com\/fr\/wp-json\/wp\/v2\/media?parent=7165"}],"wp:term":[{"taxonomy":"product_brand","embeddable":true,"href":"https:\/\/boreait.com\/fr\/wp-json\/wp\/v2\/product_brand?post=7165"},{"taxonomy":"product_cat","embeddable":true,"href":"https:\/\/boreait.com\/fr\/wp-json\/wp\/v2\/product_cat?post=7165"},{"taxonomy":"product_tag","embeddable":true,"href":"https:\/\/boreait.com\/fr\/wp-json\/wp\/v2\/product_tag?post=7165"}],"curies":[{"name":"wp","href":"https:\/\/api.w.org\/{rel}","templated":true}]}}