{"id":7163,"date":"2025-09-15T14:08:23","date_gmt":"2025-09-15T12:08:23","guid":{"rendered":"https:\/\/boreait.com\/fr\/?post_type=product&#038;p=7163"},"modified":"2025-09-15T14:08:34","modified_gmt":"2025-09-15T12:08:34","slug":"ecran-lcd-hd-1366x768-de-156-pouces-b156xtn02-6","status":"publish","type":"product","link":"https:\/\/boreait.com\/fr\/produit\/ecran-lcd-hd-1366x768-de-156-pouces-b156xtn02-6\/","title":{"rendered":"\u00c9cran LCD HD 1366&#215;768 de 15,6 pouces (B156XTN02.6)"},"content":{"rendered":"<p><strong>Le m\u00eame \u00e9cran que sur la photo de l&rsquo;annonce\u00a0! Aucun pixel mort ni rayure\u00a0!<\/strong><\/p>\n<p>Le B156XTN02.6 est un \u00e9cran LCD de haute qualit\u00e9 offrant des images claires et \u00e9clatantes pour ordinateurs portables et autres appareils. Avec une taille d&rsquo;\u00e9cran de 15,6 pouces et une r\u00e9solution de 1366 x 768 pixels, cet \u00e9cran offre des images nettes et d\u00e9taill\u00e9es, des couleurs vives et des noirs profonds. Sa finition mate r\u00e9duit les reflets et les reflets, offrant une exp\u00e9rience visuelle confortable, m\u00eame dans des environnements lumineux. Son design fin et sa construction l\u00e9g\u00e8re le rendent id\u00e9al pour une utilisation sur des appareils portables, tandis que ses grands angles de vision offrent une exp\u00e9rience visuelle immersive, quelle que soit la position. Que ce soit pour le travail ou le divertissement, le B156XTN02.6 est un excellent choix pour ceux qui recherchent un \u00e9cran LCD de haute qualit\u00e9 pour leur ordinateur portable.<\/p>\n<p>Voici quelques \u00e9crans compatibles avec l&rsquo;\u00e9cran LCD HD 1366 x 768 B156XTN02.6 (15,6&Prime;)\u00a0:<\/p>\n<ol>\n<li>LP156WHB(TP)(A1)<\/li>\n<li>N156BGE-EB2<\/li>\n<li>B156XTN03.1<\/li>\n<li>N156BGE-EB1<\/li>\n<li>LP156WHB(TP)(C1)<\/li>\n<li>N156BGE-EB2 Rev. C2<\/li>\n<li>LP156WHB(TP)(D1)<\/li>\n<li>B156XTN03.2<\/li>\n<li>N156BGE-EB3<\/li>\n<li>LP156WHB(TP)(E1)<\/li>\n<\/ol>\n","protected":false},"excerpt":{"rendered":"<p>Le B156XTN02.6 est un \u00e9cran LCD de 15,6 pouces offrant des images claires et nettes gr\u00e2ce \u00e0 sa r\u00e9solution HD de 1366 x 768 pixels. Sa finition mate r\u00e9duit les reflets et les reflets, offrant une exp\u00e9rience visuelle confortable dans diverses conditions d&rsquo;\u00e9clairage. Son design fin et sa l\u00e9g\u00e8ret\u00e9 en font un \u00e9cran id\u00e9al pour les appareils portables, tandis que ses grands angles de vision garantissent une exp\u00e9rience visuelle immersive, quelle que soit la position.<\/p>\n","protected":false},"featured_media":7197,"template":"","meta":[],"product_brand":[],"product_cat":[58,57],"product_tag":[],"class_list":{"0":"post-7163","1":"product","2":"type-product","3":"status-publish","4":"has-post-thumbnail","6":"product_cat-15-6","7":"product_cat-laptop-screens-lcd-panels","9":"first","10":"instock","11":"taxable","12":"shipping-taxable","13":"purchasable","14":"product-type-simple"},"_links":{"self":[{"href":"https:\/\/boreait.com\/fr\/wp-json\/wp\/v2\/product\/7163","targetHints":{"allow":["GET"]}}],"collection":[{"href":"https:\/\/boreait.com\/fr\/wp-json\/wp\/v2\/product"}],"about":[{"href":"https:\/\/boreait.com\/fr\/wp-json\/wp\/v2\/types\/product"}],"wp:featuredmedia":[{"embeddable":true,"href":"https:\/\/boreait.com\/fr\/wp-json\/wp\/v2\/media\/7197"}],"wp:attachment":[{"href":"https:\/\/boreait.com\/fr\/wp-json\/wp\/v2\/media?parent=7163"}],"wp:term":[{"taxonomy":"product_brand","embeddable":true,"href":"https:\/\/boreait.com\/fr\/wp-json\/wp\/v2\/product_brand?post=7163"},{"taxonomy":"product_cat","embeddable":true,"href":"https:\/\/boreait.com\/fr\/wp-json\/wp\/v2\/product_cat?post=7163"},{"taxonomy":"product_tag","embeddable":true,"href":"https:\/\/boreait.com\/fr\/wp-json\/wp\/v2\/product_tag?post=7163"}],"curies":[{"name":"wp","href":"https:\/\/api.w.org\/{rel}","templated":true}]}}