{"id":7161,"date":"2025-09-15T14:08:22","date_gmt":"2025-09-15T12:08:22","guid":{"rendered":"https:\/\/boreait.com\/fr\/?post_type=product&#038;p=7161"},"modified":"2025-09-15T14:08:31","modified_gmt":"2025-09-15T12:08:31","slug":"charnieres-decran-lcd-dorigine-pour-ordinateur-portable-dell-precision-7710-doccasion","status":"publish","type":"product","link":"https:\/\/boreait.com\/fr\/produit\/charnieres-decran-lcd-dorigine-pour-ordinateur-portable-dell-precision-7710-doccasion\/","title":{"rendered":"Charni\u00e8res d&rsquo;\u00e9cran LCD d&rsquo;origine pour ordinateur portable Dell Precision 7710 d&rsquo;occasion"},"content":{"rendered":"<p>R\u00e9f.\u00a0: GJN0G<\/p>\n<p>Le kit de charni\u00e8res d&rsquo;\u00e9cran LCD d&rsquo;origine pour ordinateur portable Dell Precision 7710 est une pi\u00e8ce de rechange pour le m\u00e9canisme de charni\u00e8re reliant l&rsquo;\u00e9cran LCD de l&rsquo;ordinateur portable \u00e0 son ch\u00e2ssis. Ces charni\u00e8res sont des pi\u00e8ces Dell d&rsquo;origine et sont sp\u00e9cialement con\u00e7ues pour le mod\u00e8le Precision 7710. D&rsquo;occasion, elles sont toujours en bon \u00e9tat et enti\u00e8rement fonctionnelles. En rempla\u00e7ant les charni\u00e8res endommag\u00e9es ou cass\u00e9es par ce kit, vous pouvez restaurer l&rsquo;\u00e9cran de votre ordinateur portable et b\u00e9n\u00e9ficier d&rsquo;un fonctionnement fluide et stable.<\/p>\n","protected":false},"excerpt":{"rendered":"<p>Ravivez l&rsquo;\u00e9cran de votre ordinateur portable Dell Precision 7710 avec cet ensemble authentique et enti\u00e8rement fonctionnel de charni\u00e8res d&rsquo;\u00e9cran LCD d&rsquo;occasion con\u00e7ues pour offrir un fonctionnement fluide et stable.<\/p>\n","protected":false},"featured_media":7193,"template":"","meta":[],"product_brand":[],"product_cat":[55],"product_tag":[53],"class_list":{"0":"post-7161","1":"product","2":"type-product","3":"status-publish","4":"has-post-thumbnail","6":"product_cat-screen-hinge","7":"product_tag-dell","9":"first","10":"instock","11":"taxable","12":"shipping-taxable","13":"purchasable","14":"product-type-simple"},"_links":{"self":[{"href":"https:\/\/boreait.com\/fr\/wp-json\/wp\/v2\/product\/7161","targetHints":{"allow":["GET"]}}],"collection":[{"href":"https:\/\/boreait.com\/fr\/wp-json\/wp\/v2\/product"}],"about":[{"href":"https:\/\/boreait.com\/fr\/wp-json\/wp\/v2\/types\/product"}],"wp:featuredmedia":[{"embeddable":true,"href":"https:\/\/boreait.com\/fr\/wp-json\/wp\/v2\/media\/7193"}],"wp:attachment":[{"href":"https:\/\/boreait.com\/fr\/wp-json\/wp\/v2\/media?parent=7161"}],"wp:term":[{"taxonomy":"product_brand","embeddable":true,"href":"https:\/\/boreait.com\/fr\/wp-json\/wp\/v2\/product_brand?post=7161"},{"taxonomy":"product_cat","embeddable":true,"href":"https:\/\/boreait.com\/fr\/wp-json\/wp\/v2\/product_cat?post=7161"},{"taxonomy":"product_tag","embeddable":true,"href":"https:\/\/boreait.com\/fr\/wp-json\/wp\/v2\/product_tag?post=7161"}],"curies":[{"name":"wp","href":"https:\/\/api.w.org\/{rel}","templated":true}]}}