{"id":7160,"date":"2025-09-15T14:08:22","date_gmt":"2025-09-15T12:08:22","guid":{"rendered":"https:\/\/boreait.com\/fr\/?post_type=product&#038;p=7160"},"modified":"2025-09-15T14:08:30","modified_gmt":"2025-09-15T12:08:30","slug":"haut-parleur-pour-ordinateur-portable-dell-precision-17-7710","status":"publish","type":"product","link":"https:\/\/boreait.com\/fr\/produit\/haut-parleur-pour-ordinateur-portable-dell-precision-17-7710\/","title":{"rendered":"Haut-parleur pour ordinateur portable DELL Precision 17 7710"},"content":{"rendered":"<p>R\u00e9f.\u00a0: GFGE2<\/p>\n<p>Le haut-parleur pour ordinateur portable DELL Precision 17 7710 est un syst\u00e8me audio haute fid\u00e9lit\u00e9 offrant une qualit\u00e9 sonore immersive, id\u00e9ale pour les applications professionnelles et de divertissement. \u00c9quip\u00e9 de haut-parleurs et d&rsquo;amplificateurs audio avanc\u00e9s, ce haut-parleur produit un son clair et net, avec des basses riches et des aigus \u00e9lev\u00e9s, vous permettant de profiter de votre musique, de vos vid\u00e9os et de vos conf\u00e9rences t\u00e9l\u00e9phoniques avec clart\u00e9 et profondeur.<\/p>\n<p>Le haut-parleur est intelligemment con\u00e7u pour optimiser la sortie audio en fonction du contenu lu, qu&rsquo;il s&rsquo;agisse de musique, de voix ou de vid\u00e9o. Il prend \u00e9galement en charge divers formats audio, notamment l&rsquo;audio haute d\u00e9finition, Dolby Atmos et Waves MaxxAudio Pro, vous garantissant une qualit\u00e9 sonore optimale pour une vari\u00e9t\u00e9 d&rsquo;applications et de supports.<\/p>\n<p>Avec son design \u00e9l\u00e9gant et durable, le haut-parleur pour ordinateur portable DELL Precision 17 7710 est con\u00e7u pour durer et r\u00e9sister aux exigences d&rsquo;un usage professionnel. C&rsquo;est un composant essentiel pour quiconque a besoin d&rsquo;un son de haute qualit\u00e9 pour le travail ou le divertissement, et il am\u00e9liorera certainement votre exp\u00e9rience utilisateur globale.<\/p>\n","protected":false},"excerpt":{"rendered":"<p>Le haut-parleur pour ordinateur portable DELL Precision 17 7710 est un syst\u00e8me audio hautes performances qui produit un son clair et immersif, avec des basses et des aigus riches. Sa conception intelligente optimise la sortie audio pour la musique, la voix et la vid\u00e9o, et sa conception \u00e9l\u00e9gante et durable en fait un choix fiable pour une utilisation professionnelle et r\u00e9cr\u00e9ative.<\/p>\n","protected":false},"featured_media":7191,"template":"","meta":[],"product_brand":[],"product_cat":[54],"product_tag":[53],"class_list":{"0":"post-7160","1":"product","2":"type-product","3":"status-publish","4":"has-post-thumbnail","6":"product_cat-laptop-speakers","7":"product_tag-dell","9":"first","10":"instock","11":"taxable","12":"shipping-taxable","13":"purchasable","14":"product-type-simple"},"_links":{"self":[{"href":"https:\/\/boreait.com\/fr\/wp-json\/wp\/v2\/product\/7160","targetHints":{"allow":["GET"]}}],"collection":[{"href":"https:\/\/boreait.com\/fr\/wp-json\/wp\/v2\/product"}],"about":[{"href":"https:\/\/boreait.com\/fr\/wp-json\/wp\/v2\/types\/product"}],"wp:featuredmedia":[{"embeddable":true,"href":"https:\/\/boreait.com\/fr\/wp-json\/wp\/v2\/media\/7191"}],"wp:attachment":[{"href":"https:\/\/boreait.com\/fr\/wp-json\/wp\/v2\/media?parent=7160"}],"wp:term":[{"taxonomy":"product_brand","embeddable":true,"href":"https:\/\/boreait.com\/fr\/wp-json\/wp\/v2\/product_brand?post=7160"},{"taxonomy":"product_cat","embeddable":true,"href":"https:\/\/boreait.com\/fr\/wp-json\/wp\/v2\/product_cat?post=7160"},{"taxonomy":"product_tag","embeddable":true,"href":"https:\/\/boreait.com\/fr\/wp-json\/wp\/v2\/product_tag?post=7160"}],"curies":[{"name":"wp","href":"https:\/\/api.w.org\/{rel}","templated":true}]}}