{"id":18623,"date":"2025-09-17T08:03:23","date_gmt":"2025-09-17T06:03:23","guid":{"rendered":"https:\/\/boreait.com\/fr\/?post_type=product&#038;p=18623"},"modified":"2025-09-17T08:05:42","modified_gmt":"2025-09-17T06:05:42","slug":"ecran-tactile-lcd-oled-noir-avec-chassis-pour-samsung-galaxy-a54-5g-a546","status":"publish","type":"product","link":"https:\/\/boreait.com\/fr\/produit\/ecran-tactile-lcd-oled-noir-avec-chassis-pour-samsung-galaxy-a54-5g-a546\/","title":{"rendered":"\u00c9cran tactile LCD OLED noir avec ch\u00e2ssis pour Samsung Galaxy A54 5G A546"},"content":{"rendered":"<p data-start=\"345\" data-end=\"588\">Remplacez un \u00e9cran fissur\u00e9 ou d\u00e9fectueux par cet <strong data-start=\"391\" data-end=\"464\">\u00e9cran LCD + \u00e9cran tactile + cadre (OLED noir) d&rsquo;origine pour Samsung Galaxy A54 5G<\/strong>.<br data-start=\"465\" data-end=\"468\" \/>Cet ensemble complet assure un ajustement parfait et restaure l&rsquo;int\u00e9gralit\u00e9 des fonctionnalit\u00e9s tactiles, la luminosit\u00e9 et l&rsquo;\u00e9clat des couleurs.<\/p>\n<p data-start=\"590\" data-end=\"612\"><strong data-start=\"590\" data-end=\"610\">D\u00e9tails du produit\u00a0:<\/strong><\/p>\n<ul data-start=\"613\" data-end=\"886\">\n<li data-start=\"613\" data-end=\"656\">\n<p data-start=\"615\" data-end=\"656\">Mod\u00e8le\u00a0: <strong data-start=\"622\" data-end=\"654\">Samsung Galaxy A54 5G (A546)<\/strong><\/p>\n<\/li>\n<li data-start=\"657\" data-end=\"706\">\n<p data-start=\"659\" data-end=\"706\">Type\u00a0: <strong data-start=\"665\" data-end=\"704\">LCD + \u00e9cran tactile + cadre<\/strong><\/p>\n<\/li>\n<li data-start=\"707\" data-end=\"727\">\n<p data-start=\"709\" data-end=\"727\">Couleur\u00a0: <strong data-start=\"716\" data-end=\"725\">Noir<\/strong><\/p>\n<\/li>\n<li data-start=\"728\" data-end=\"789\">\n<p data-start=\"730\" data-end=\"789\">Technologie\u00a0: <strong data-start=\"742\" data-end=\"750\">OLED<\/strong> pour des couleurs \u00e9clatantes et un contraste profond<\/p>\n<\/li>\n<li data-start=\"790\" data-end=\"839\">\n<p data-start=\"792\" data-end=\"839\">\u00c9tat\u00a0: <strong data-start=\"803\" data-end=\"837\">Original, haute qualit\u00e9, test\u00e9<\/strong><\/p>\n<\/li>\n<li data-start=\"840\" data-end=\"886\">\n<p data-start=\"842\" data-end=\"886\">Installation facile gr\u00e2ce au cadre pr\u00e9-assembl\u00e9<\/p>\n<\/li>\n<\/ul>\n<p data-start=\"888\" data-end=\"976\"><strong data-start=\"888\" data-end=\"909\">Contenu du coffret\u00a0:<\/strong><br data-start=\"909\" data-end=\"912\" \/>1x Samsung Galaxy A54 5G (A546) \u00c9cran LCD + Tactile + Cadre OLED Noir<\/p>\n<p data-start=\"978\" data-end=\"1067\">Pi\u00e8ce de rechange id\u00e9ale pour redonner \u00e0 l&rsquo;\u00e9cran de votre smartphone un aspect neuf.<\/p>\n","protected":false},"excerpt":{"rendered":"<p>Remplacez un \u00e9cran fissur\u00e9 ou d\u00e9fectueux par cet \u00e9cran LCD + \u00e9cran tactile + cadre (OLED noir) d&rsquo;origine pour Samsung Galaxy A54 5G.Cet ensemble complet assure un ajustement parfait et restaure l&rsquo;int\u00e9gralit\u00e9 des fonctionnalit\u00e9s tactiles, la luminosit\u00e9 et l&rsquo;\u00e9clat des couleurs. D\u00e9tails du produit\u00a0: Mod\u00e8le\u00a0: Samsung Galaxy A54 5G (A546) Type\u00a0: LCD + \u00e9cran tactile [&hellip;]<\/p>\n","protected":false},"featured_media":18660,"template":"","meta":[],"product_brand":[],"product_cat":[118],"product_tag":[84],"class_list":{"0":"post-18623","1":"product","2":"type-product","3":"status-publish","4":"has-post-thumbnail","6":"product_cat-mobile-phone-parts","7":"product_tag-samsung","9":"first","10":"instock","11":"taxable","12":"shipping-taxable","13":"purchasable","14":"product-type-simple"},"_links":{"self":[{"href":"https:\/\/boreait.com\/fr\/wp-json\/wp\/v2\/product\/18623","targetHints":{"allow":["GET"]}}],"collection":[{"href":"https:\/\/boreait.com\/fr\/wp-json\/wp\/v2\/product"}],"about":[{"href":"https:\/\/boreait.com\/fr\/wp-json\/wp\/v2\/types\/product"}],"wp:featuredmedia":[{"embeddable":true,"href":"https:\/\/boreait.com\/fr\/wp-json\/wp\/v2\/media\/18660"}],"wp:attachment":[{"href":"https:\/\/boreait.com\/fr\/wp-json\/wp\/v2\/media?parent=18623"}],"wp:term":[{"taxonomy":"product_brand","embeddable":true,"href":"https:\/\/boreait.com\/fr\/wp-json\/wp\/v2\/product_brand?post=18623"},{"taxonomy":"product_cat","embeddable":true,"href":"https:\/\/boreait.com\/fr\/wp-json\/wp\/v2\/product_cat?post=18623"},{"taxonomy":"product_tag","embeddable":true,"href":"https:\/\/boreait.com\/fr\/wp-json\/wp\/v2\/product_tag?post=18623"}],"curies":[{"name":"wp","href":"https:\/\/api.w.org\/{rel}","templated":true}]}}