{"id":18621,"date":"2025-09-17T08:03:23","date_gmt":"2025-09-17T06:03:23","guid":{"rendered":"https:\/\/boreait.com\/fr\/?post_type=product&#038;p=18621"},"modified":"2025-09-17T08:05:37","modified_gmt":"2025-09-17T06:05:37","slug":"ecran-arriere-avec-camera-pour-lenovo-thinkpad-t460-scb0h21608","status":"publish","type":"product","link":"https:\/\/boreait.com\/fr\/produit\/ecran-arriere-avec-camera-pour-lenovo-thinkpad-t460-scb0h21608\/","title":{"rendered":"\u00c9cran arri\u00e8re avec cam\u00e9ra pour Lenovo ThinkPad T460 SCB0H21608"},"content":{"rendered":"<p data-start=\"351\" data-end=\"615\">Redonnez \u00e0 votre Lenovo ThinkPad son aspect professionnel et sa protection d&rsquo;\u00e9cran gr\u00e2ce \u00e0 ce <strong data-start=\"432\" data-end=\"491\">cache arri\u00e8re d&rsquo;\u00e9cran de remplacement (SCB0H21608) avec cam\u00e9ra<\/strong>.<br data-start=\"492\" data-end=\"495\" \/>Fabriqu\u00e9e \u00e0 partir de mat\u00e9riaux de haute qualit\u00e9, cette pi\u00e8ce d&rsquo;origine offre durabilit\u00e9, stabilit\u00e9 et s&rsquo;adapte parfaitement \u00e0 votre ordinateur portable.<\/p>\n<p data-start=\"617\" data-end=\"639\"><strong data-start=\"617\" data-end=\"637\">D\u00e9tails du produit\u00a0:<\/strong><\/p>\n<ul data-start=\"640\" data-end=\"916\">\n<li data-start=\"640\" data-end=\"689\">\n<p data-start=\"642\" data-end=\"689\">Compatibilit\u00e9\u00a0: <strong data-start=\"663\" data-end=\"687\">Lenovo ThinkPad T460<\/strong><\/p>\n<\/li>\n<li data-start=\"690\" data-end=\"721\">\n<p data-start=\"692\" data-end=\"721\">R\u00e9f\u00e9rence\u00a0: <strong data-start=\"705\" data-end=\"719\">SCB0H21608<\/strong><\/p>\n<\/li>\n<li data-start=\"722\" data-end=\"770\">\n<p data-start=\"724\" data-end=\"770\">Type\u00a0: <strong data-start=\"730\" data-end=\"768\">Cache arri\u00e8re de l&rsquo;\u00e9cran LCD avec cam\u00e9ra<\/strong><\/p>\n<\/li>\n<li data-start=\"771\" data-end=\"821\">\n<p data-start=\"773\" data-end=\"821\">\u00c9tat\u00a0: <strong data-start=\"784\" data-end=\"819\">Original Lenovo, Grade A, test\u00e9<\/strong><\/p>\n<\/li>\n<li data-start=\"822\" data-end=\"874\">\n<p data-start=\"824\" data-end=\"874\">Protection structurelle de l&rsquo;\u00e9cran LCD<\/p>\n<\/li>\n<li data-start=\"875\" data-end=\"916\">\n<p data-start=\"877\" data-end=\"916\">Inclut un <strong data-start=\"897\" data-end=\"914\">module cam\u00e9ra int\u00e9gr\u00e9<\/strong><\/p>\n<\/li>\n<\/ul>\n<p data-start=\"918\" data-end=\"1018\"><strong data-start=\"918\" data-end=\"939\">Contenu de l&#8217;emballage\u00a0:<\/strong><br data-start=\"939\" data-end=\"942\" \/>1 coque arri\u00e8re pour \u00e9cran Lenovo ThinkPad T460 (SCB0H21608) avec cam\u00e9ra<\/p>\n<p data-start=\"1020\" data-end=\"1095\">Solution id\u00e9ale pour remplacer les coques arri\u00e8re fissur\u00e9es, ray\u00e9es ou cass\u00e9es.<\/p>\n","protected":false},"excerpt":{"rendered":"<p>Coque arri\u00e8re d&rsquo;\u00e9cran de remplacement avec cam\u00e9ra (SCB0H21608) pour Lenovo ThinkPad T460. Pi\u00e8ce de rechange d&rsquo;origine et durable.<\/p>\n","protected":false},"featured_media":18657,"template":"","meta":[],"product_brand":[],"product_cat":[52],"product_tag":[62],"class_list":{"0":"post-18621","1":"product","2":"type-product","3":"status-publish","4":"has-post-thumbnail","6":"product_cat-laptop-housing","7":"product_tag-lenovo","9":"first","10":"instock","11":"taxable","12":"shipping-taxable","13":"purchasable","14":"product-type-simple"},"_links":{"self":[{"href":"https:\/\/boreait.com\/fr\/wp-json\/wp\/v2\/product\/18621","targetHints":{"allow":["GET"]}}],"collection":[{"href":"https:\/\/boreait.com\/fr\/wp-json\/wp\/v2\/product"}],"about":[{"href":"https:\/\/boreait.com\/fr\/wp-json\/wp\/v2\/types\/product"}],"wp:featuredmedia":[{"embeddable":true,"href":"https:\/\/boreait.com\/fr\/wp-json\/wp\/v2\/media\/18657"}],"wp:attachment":[{"href":"https:\/\/boreait.com\/fr\/wp-json\/wp\/v2\/media?parent=18621"}],"wp:term":[{"taxonomy":"product_brand","embeddable":true,"href":"https:\/\/boreait.com\/fr\/wp-json\/wp\/v2\/product_brand?post=18621"},{"taxonomy":"product_cat","embeddable":true,"href":"https:\/\/boreait.com\/fr\/wp-json\/wp\/v2\/product_cat?post=18621"},{"taxonomy":"product_tag","embeddable":true,"href":"https:\/\/boreait.com\/fr\/wp-json\/wp\/v2\/product_tag?post=18621"}],"curies":[{"name":"wp","href":"https:\/\/api.w.org\/{rel}","templated":true}]}}