{"id":18611,"date":"2025-09-17T08:02:56","date_gmt":"2025-09-17T06:02:56","guid":{"rendered":"https:\/\/boreait.com\/fr\/?post_type=product&#038;p=18611"},"modified":"2025-09-17T08:05:10","modified_gmt":"2025-09-17T06:05:10","slug":"carte-wi-fi-pour-lenovo-thinkpad-x1-carbon-x260-t460-t560-intel-8260ngw-00jt530","status":"publish","type":"product","link":"https:\/\/boreait.com\/fr\/produit\/carte-wi-fi-pour-lenovo-thinkpad-x1-carbon-x260-t460-t560-intel-8260ngw-00jt530\/","title":{"rendered":"Carte Wi-Fi pour Lenovo ThinkPad X1 Carbon X260 T460 T560 Intel 8260NGW 00JT530"},"content":{"rendered":"<p data-start=\"338\" data-end=\"612\">Restez connect\u00e9 avec cette <strong data-start=\"363\" data-end=\"421\">carte Wi-Fi Lenovo d&rsquo;origine (Intel 8260NGW, FRU 00JT530)<\/strong>.<br data-start=\"422\" data-end=\"425\" \/>Con\u00e7ue pour plusieurs mod\u00e8les ThinkPad, cette carte sans fil offre une connectivit\u00e9 Wi-Fi et Bluetooth stable et haut d\u00e9bit, ce qui en fait le remplacement id\u00e9al des adaptateurs d\u00e9fectueux ou obsol\u00e8tes.<\/p>\n<p data-start=\"614\" data-end=\"636\"><strong data-start=\"614\" data-end=\"634\">D\u00e9tails du produit\u00a0:<\/strong><\/p>\n<ul data-start=\"637\" data-end=\"855\">\n<li data-start=\"637\" data-end=\"666\">\n<p data-start=\"639\" data-end=\"666\">Marque\u00a0: <strong data-start=\"646\" data-end=\"664\">Intel \/ Lenovo<\/strong><\/p>\n<\/li>\n<li data-start=\"667\" data-end=\"689\">\n<p data-start=\"669\" data-end=\"689\">Mod\u00e8le\u00a0: <strong data-start=\"676\" data-end=\"687\">8260NGW<\/strong><\/p>\n<\/li>\n<li data-start=\"690\" data-end=\"710\">\n<p data-start=\"692\" data-end=\"710\">FRU\u00a0: <strong data-start=\"697\" data-end=\"708\">00JT530<\/strong><\/p>\n<\/li>\n<li data-start=\"711\" data-end=\"757\">\n<p data-start=\"713\" data-end=\"757\">Type\u00a0: <strong data-start=\"719\" data-end=\"755\">Carte Wi-Fi + Bluetooth (NGFF M.2)<\/strong><\/p>\n<\/li>\n<li data-start=\"758\" data-end=\"808\">\n<p data-start=\"760\" data-end=\"808\">\u00c9tat\u00a0: <strong data-start=\"771\" data-end=\"806\">Original Lenovo, Grade A, test\u00e9<\/strong><\/p>\n<\/li>\n<li data-start=\"809\" data-end=\"855\">\n<p data-start=\"811\" data-end=\"855\">Prise en charge bi-bande pour des performances fiables<\/p>\n<\/li>\n<\/ul>\n<p data-start=\"857\" data-end=\"881\"><strong data-start=\"857\" data-end=\"879\">Compatible Mod\u00e8les\u00a0:<\/strong><\/p>\n<ul data-start=\"882\" data-end=\"974\">\n<li data-start=\"882\" data-end=\"908\">\n<p data-start=\"884\" data-end=\"908\"><strong data-start=\"884\" data-end=\"906\">ThinkPad X1 Carbon<\/strong><\/p>\n<\/li>\n<li data-start=\"909\" data-end=\"930\">\n<p data-start=\"911\" data-end=\"930\"><strong data-start=\"911\" data-end=\"928\">ThinkPad X260<\/strong><\/p>\n<\/li>\n<li data-start=\"931\" data-end=\"952\">\n<p data-start=\"933\" data-end=\"952\"><strong data-start=\"933\" data-end=\"950\">ThinkPad T460<\/strong><\/p>\n<\/li>\n<li data-start=\"953\" data-end=\"974\">\n<p data-start=\"955\" data-end=\"974\"><strong data-start=\"955\" data-end=\"972\">ThinkPad T560<\/strong><\/p>\n<\/li>\n<\/ul>\n<p data-start=\"976\" data-end=\"1051\"><strong data-start=\"976\" data-end=\"997\">Contenu du coffret\u00a0:<\/strong><br data-start=\"997\" data-end=\"1000\" \/>1 carte Wi-Fi Lenovo d&rsquo;origine <strong data-start=\"1028\" data-end=\"1049\">8260NGW (00JT530)<\/strong><\/p>\n<p data-start=\"1053\" data-end=\"1143\">Solution parfaite pour r\u00e9soudre les probl\u00e8mes de connectivit\u00e9 ou passer \u00e0 des performances Wi-Fi plus rapides.<\/p>\n","protected":false},"excerpt":{"rendered":"<p>Carte Wi-Fi Intel 8260NGW authentique (00JT530) pour Lenovo ThinkPad X1 Carbon, X260, T460 et T560. Mise \u00e0 niveau fiable de la connectivit\u00e9 sans fil.<\/p>\n","protected":false},"featured_media":18653,"template":"","meta":[],"product_brand":[],"product_cat":[63],"product_tag":[62],"class_list":{"0":"post-18611","1":"product","2":"type-product","3":"status-publish","4":"has-post-thumbnail","6":"product_cat-motherboards-board-parts","7":"product_tag-lenovo","9":"first","10":"instock","11":"taxable","12":"shipping-taxable","13":"purchasable","14":"product-type-simple"},"_links":{"self":[{"href":"https:\/\/boreait.com\/fr\/wp-json\/wp\/v2\/product\/18611","targetHints":{"allow":["GET"]}}],"collection":[{"href":"https:\/\/boreait.com\/fr\/wp-json\/wp\/v2\/product"}],"about":[{"href":"https:\/\/boreait.com\/fr\/wp-json\/wp\/v2\/types\/product"}],"wp:featuredmedia":[{"embeddable":true,"href":"https:\/\/boreait.com\/fr\/wp-json\/wp\/v2\/media\/18653"}],"wp:attachment":[{"href":"https:\/\/boreait.com\/fr\/wp-json\/wp\/v2\/media?parent=18611"}],"wp:term":[{"taxonomy":"product_brand","embeddable":true,"href":"https:\/\/boreait.com\/fr\/wp-json\/wp\/v2\/product_brand?post=18611"},{"taxonomy":"product_cat","embeddable":true,"href":"https:\/\/boreait.com\/fr\/wp-json\/wp\/v2\/product_cat?post=18611"},{"taxonomy":"product_tag","embeddable":true,"href":"https:\/\/boreait.com\/fr\/wp-json\/wp\/v2\/product_tag?post=18611"}],"curies":[{"name":"wp","href":"https:\/\/api.w.org\/{rel}","templated":true}]}}