{"id":18610,"date":"2025-09-17T08:02:56","date_gmt":"2025-09-17T06:02:56","guid":{"rendered":"https:\/\/boreait.com\/fr\/?post_type=product&#038;p=18610"},"modified":"2025-09-17T08:04:58","modified_gmt":"2025-09-17T06:04:58","slug":"pave-tactile-a-trois-boutons-dorigine-lenovo-thinkpad-t460-avec-cable","status":"publish","type":"product","link":"https:\/\/boreait.com\/fr\/produit\/pave-tactile-a-trois-boutons-dorigine-lenovo-thinkpad-t460-avec-cable\/","title":{"rendered":"Pav\u00e9 tactile \u00e0 trois boutons d&rsquo;origine Lenovo ThinkPad T460 avec c\u00e2ble"},"content":{"rendered":"<p data-start=\"347\" data-end=\"599\">Restaure une navigation fluide avec ce <strong data-start=\"383\" data-end=\"473\">pav\u00e9 tactile (trackpad) Lenovo ThinkPad T460 d&rsquo;origine, dot\u00e9 de trois boutons physiques et d&rsquo;un c\u00e2ble<\/strong>.<br data-start=\"474\" data-end=\"477\" \/>Sp\u00e9cialement con\u00e7u pour le T460, ce remplacement assure un contr\u00f4le pr\u00e9cis du curseur et une fonctionnalit\u00e9 multi-touch compl\u00e8te.<\/p>\n<p data-start=\"601\" data-end=\"623\"><strong data-start=\"601\" data-end=\"621\">D\u00e9tails du produit\u00a0:<\/strong><\/p>\n<ul data-start=\"624\" data-end=\"855\">\n<li data-start=\"624\" data-end=\"659\">\n<p data-start=\"626\" data-end=\"659\">Mod\u00e8le\u00a0: <strong data-start=\"633\" data-end=\"657\">Lenovo ThinkPad T460<\/strong><\/p>\n<\/li>\n<li data-start=\"660\" data-end=\"716\">\n<p data-start=\"662\" data-end=\"716\">Type\u00a0: <strong data-start=\"668\" data-end=\"714\">Pav\u00e9 tactile \/ Trackpad avec 3 boutons + c\u00e2ble<\/strong><\/p>\n<\/li>\n<li data-start=\"717\" data-end=\"761\">\n<p data-start=\"719\" data-end=\"761\">Pi\u00e8ce d&rsquo;origine Lenovo, test\u00e9e et de cat\u00e9gorie A<\/p>\n<\/li>\n<li data-start=\"762\" data-end=\"803\">\n<p data-start=\"764\" data-end=\"803\">Surface r\u00e9sistante et r\u00e9active<\/p>\n<\/li>\n<li data-start=\"804\" data-end=\"855\">\n<p data-start=\"806\" data-end=\"855\">C\u00e2ble de connexion inclus pour une installation facile<\/p>\n<\/li>\n<\/ul>\n<p data-start=\"857\" data-end=\"948\"><strong data-start=\"857\" data-end=\"878\">Contenu du colis\u00a0:<\/strong><br data-start=\"878\" data-end=\"881\" \/>1 pav\u00e9 tactile Lenovo ThinkPad T460 d&rsquo;origine (avec 3 boutons + c\u00e2ble)<\/p>\n<p data-start=\"950\" data-end=\"1017\">Remplacement id\u00e9al pour les pav\u00e9s tactiles us\u00e9s, fissur\u00e9s ou qui ne r\u00e9pondent plus.<\/p>\n","protected":false},"excerpt":{"rendered":"<p>Pav\u00e9 tactile Lenovo ThinkPad T460 d&rsquo;origine avec trois boutons et c\u00e2ble. Pi\u00e8ce de rechange d&rsquo;origine, test\u00e9e et en excellent \u00e9tat.<\/p>\n","protected":false},"featured_media":18651,"template":"","meta":[],"product_brand":[],"product_cat":[78],"product_tag":[62],"class_list":{"0":"post-18610","1":"product","2":"type-product","3":"status-publish","4":"has-post-thumbnail","6":"product_cat-laptop-touchpads","7":"product_tag-lenovo","9":"first","10":"instock","11":"taxable","12":"shipping-taxable","13":"purchasable","14":"product-type-simple"},"_links":{"self":[{"href":"https:\/\/boreait.com\/fr\/wp-json\/wp\/v2\/product\/18610","targetHints":{"allow":["GET"]}}],"collection":[{"href":"https:\/\/boreait.com\/fr\/wp-json\/wp\/v2\/product"}],"about":[{"href":"https:\/\/boreait.com\/fr\/wp-json\/wp\/v2\/types\/product"}],"wp:featuredmedia":[{"embeddable":true,"href":"https:\/\/boreait.com\/fr\/wp-json\/wp\/v2\/media\/18651"}],"wp:attachment":[{"href":"https:\/\/boreait.com\/fr\/wp-json\/wp\/v2\/media?parent=18610"}],"wp:term":[{"taxonomy":"product_brand","embeddable":true,"href":"https:\/\/boreait.com\/fr\/wp-json\/wp\/v2\/product_brand?post=18610"},{"taxonomy":"product_cat","embeddable":true,"href":"https:\/\/boreait.com\/fr\/wp-json\/wp\/v2\/product_cat?post=18610"},{"taxonomy":"product_tag","embeddable":true,"href":"https:\/\/boreait.com\/fr\/wp-json\/wp\/v2\/product_tag?post=18610"}],"curies":[{"name":"wp","href":"https:\/\/api.w.org\/{rel}","templated":true}]}}