{"id":18609,"date":"2025-09-17T08:02:56","date_gmt":"2025-09-17T06:02:56","guid":{"rendered":"https:\/\/boreait.com\/fr\/?post_type=product&#038;p=18609"},"modified":"2025-09-17T08:04:48","modified_gmt":"2025-09-17T06:04:48","slug":"carte-usb-dorigine-lenovo-thinkpad-t460-avec-cable-dc02c008310","status":"publish","type":"product","link":"https:\/\/boreait.com\/fr\/produit\/carte-usb-dorigine-lenovo-thinkpad-t460-avec-cable-dc02c008310\/","title":{"rendered":"Carte USB d&rsquo;origine Lenovo ThinkPad T460 avec c\u00e2ble DC02C008310"},"content":{"rendered":"<p data-start=\"353\" data-end=\"612\">Remplacez un port USB d\u00e9fectueux ou non fonctionnel par cette <strong data-start=\"407\" data-end=\"476\">carte USB Lenovo ThinkPad T460 d&rsquo;occasion et son c\u00e2ble (DC02C008310)<\/strong>.<br data-start=\"477\" data-end=\"480\" \/>Cette pi\u00e8ce a \u00e9t\u00e9 test\u00e9e et est en parfait \u00e9tat de fonctionnement, ce qui en fait une solution \u00e9conomique pour r\u00e9soudre les probl\u00e8mes de connectivit\u00e9.<\/p>\n<p data-start=\"614\" data-end=\"636\"><strong data-start=\"614\" data-end=\"634\">D\u00e9tails du produit\u00a0:<\/strong><\/p>\n<ul data-start=\"637\" data-end=\"901\">\n<li data-start=\"637\" data-end=\"672\">\n<p data-start=\"639\" data-end=\"672\">Mod\u00e8le\u00a0: <strong data-start=\"646\" data-end=\"670\">Lenovo ThinkPad T460<\/strong><\/p>\n<\/li>\n<li data-start=\"673\" data-end=\"705\">\n<p data-start=\"675\" data-end=\"705\">R\u00e9f\u00e9rence\u00a0: <strong data-start=\"688\" data-end=\"703\">DC02C008310<\/strong><\/p>\n<\/li>\n<li data-start=\"706\" data-end=\"740\">\n<p data-start=\"708\" data-end=\"740\">Type\u00a0: <strong data-start=\"714\" data-end=\"738\">Carte USB avec c\u00e2ble<\/strong><\/p>\n<\/li>\n<li data-start=\"741\" data-end=\"797\">\n<p data-start=\"743\" data-end=\"797\">\u00c9tat\u00a0: <strong data-start=\"754\" data-end=\"795\">Occasion, Lenovo d&rsquo;origine, Grade A, test\u00e9<\/strong><\/p>\n<\/li>\n<li data-start=\"798\" data-end=\"847\">\n<p data-start=\"800\" data-end=\"847\">Offre une connectivit\u00e9 USB stable et fiable<\/p>\n<\/li>\n<li data-start=\"848\" data-end=\"901\">\n<p data-start=\"850\" data-end=\"901\">Installation facile pour les techniciens et les r\u00e9parations par soi-m\u00eame<\/p>\n<\/li>\n<\/ul>\n<p data-start=\"903\" data-end=\"1000\"><strong data-start=\"903\" data-end=\"924\">Contenu du colis\u00a0:<\/strong><br data-start=\"924\" data-end=\"927\" \/>1 x d&rsquo;occasion d&rsquo;origine Carte USB Lenovo ThinkPad T460 avec c\u00e2ble (DC02C008310)<\/p>\n<p data-start=\"1002\" data-end=\"1071\">Remplacement id\u00e9al pour les ports USB cass\u00e9s, endommag\u00e9s ou qui ne r\u00e9pondent pas.<\/p>\n","protected":false},"excerpt":{"rendered":"<p>Carte USB Lenovo ThinkPad T460 d&rsquo;origine d&rsquo;occasion avec c\u00e2ble (DC02C008310). Pi\u00e8ce de rechange d&rsquo;origine test\u00e9e et enti\u00e8rement fonctionnelle.<\/p>\n","protected":false},"featured_media":18650,"template":"","meta":[],"product_brand":[],"product_cat":[41],"product_tag":[],"class_list":{"0":"post-18609","1":"product","2":"type-product","3":"status-publish","4":"has-post-thumbnail","6":"product_cat-uncategorized","8":"first","9":"instock","10":"taxable","11":"shipping-taxable","12":"purchasable","13":"product-type-simple"},"_links":{"self":[{"href":"https:\/\/boreait.com\/fr\/wp-json\/wp\/v2\/product\/18609","targetHints":{"allow":["GET"]}}],"collection":[{"href":"https:\/\/boreait.com\/fr\/wp-json\/wp\/v2\/product"}],"about":[{"href":"https:\/\/boreait.com\/fr\/wp-json\/wp\/v2\/types\/product"}],"wp:featuredmedia":[{"embeddable":true,"href":"https:\/\/boreait.com\/fr\/wp-json\/wp\/v2\/media\/18650"}],"wp:attachment":[{"href":"https:\/\/boreait.com\/fr\/wp-json\/wp\/v2\/media?parent=18609"}],"wp:term":[{"taxonomy":"product_brand","embeddable":true,"href":"https:\/\/boreait.com\/fr\/wp-json\/wp\/v2\/product_brand?post=18609"},{"taxonomy":"product_cat","embeddable":true,"href":"https:\/\/boreait.com\/fr\/wp-json\/wp\/v2\/product_cat?post=18609"},{"taxonomy":"product_tag","embeddable":true,"href":"https:\/\/boreait.com\/fr\/wp-json\/wp\/v2\/product_tag?post=18609"}],"curies":[{"name":"wp","href":"https:\/\/api.w.org\/{rel}","templated":true}]}}