{"id":18602,"date":"2025-09-17T08:02:31","date_gmt":"2025-09-17T06:02:31","guid":{"rendered":"https:\/\/boreait.com\/fr\/?post_type=product&#038;p=18602"},"modified":"2025-09-17T08:04:44","modified_gmt":"2025-09-17T06:04:44","slug":"kit-de-charnieres-lcd-gauche-et-droite-pour-lenovo-thinkpad-t460s-et-t470s-00jt998","status":"publish","type":"product","link":"https:\/\/boreait.com\/fr\/produit\/kit-de-charnieres-lcd-gauche-et-droite-pour-lenovo-thinkpad-t460s-et-t470s-00jt998\/","title":{"rendered":"Kit de charni\u00e8res LCD gauche et droite pour Lenovo ThinkPad T460s et T470s (00JT998)"},"content":{"rendered":"<p data-start=\"348\" data-end=\"574\">R\u00e9parez vos charni\u00e8res d&rsquo;\u00e9cran desserr\u00e9es ou cass\u00e9es avec ce <strong data-start=\"392\" data-end=\"445\">kit de charni\u00e8res LCD Lenovo ThinkPad d&rsquo;origine (00JT998)<\/strong>.<br data-start=\"446\" data-end=\"449\" \/>Con\u00e7ues pour les mod\u00e8les T460s et T470s, ces charni\u00e8res offrent un support fiable et un mouvement fluide \u00e0 l&rsquo;\u00e9cran de votre ordinateur portable.<\/p>\n<p data-start=\"576\" data-end=\"598\"><strong data-start=\"576\" data-end=\"596\">D\u00e9tails du produit\u00a0:<\/strong><\/p>\n<ul data-start=\"599\" data-end=\"895\">\n<li data-start=\"599\" data-end=\"650\">\n<p data-start=\"601\" data-end=\"650\">Compatibilit\u00e9\u00a0: <strong data-start=\"622\" data-end=\"648\">ThinkPad T460s \/ T470s<\/strong><\/p>\n<\/li>\n<li data-start=\"651\" data-end=\"679\">\n<p data-start=\"653\" data-end=\"679\">R\u00e9f\u00e9rence\u00a0: <strong data-start=\"666\" data-end=\"677\">00JT998<\/strong><\/p>\n<\/li>\n<li data-start=\"680\" data-end=\"723\">\n<p data-start=\"682\" data-end=\"723\">Type\u00a0: <strong data-start=\"688\" data-end=\"721\">Kit de charni\u00e8res LCD (gauche et droite)<\/strong><\/p>\n<\/li>\n<li data-start=\"724\" data-end=\"774\">\n<p data-start=\"726\" data-end=\"774\">\u00c9tat\u00a0: <strong data-start=\"737\" data-end=\"772\">Original Lenovo, Grade A, test\u00e9<\/strong><\/p>\n<\/li>\n<li data-start=\"775\" data-end=\"837\">\n<p data-start=\"777\" data-end=\"837\">Assure un positionnement stable de l&rsquo;\u00e9cran et une durabilit\u00e9 \u00e0 long terme<\/p>\n<\/li>\n<li data-start=\"838\" data-end=\"895\">\n<p data-start=\"840\" data-end=\"895\">Installation facile pour les techniciens de r\u00e9paration ou les bricoleurs<\/p>\n<\/li>\n<\/ul>\n<p data-start=\"897\" data-end=\"987\"><strong data-start=\"897\" data-end=\"918\">Contenu de l&#8217;emballage\u00a0:<\/strong><br data-start=\"918\" data-end=\"921\" \/>1\u00a0ensemble Charni\u00e8res LCD Lenovo d&rsquo;origine (gauche + droite) \u2013 <strong data-start=\"974\" data-end=\"985\">00JT998<\/strong><\/p>\n<p data-start=\"989\" data-end=\"1060\">Id\u00e9al pour remplacer les charni\u00e8res des ordinateurs portables dont les charni\u00e8res sont desserr\u00e9es, rigides ou endommag\u00e9es.<\/p>\n","protected":false},"excerpt":{"rendered":"<p>Kit de charni\u00e8res LCD d&rsquo;origine (00JT998) pour Lenovo ThinkPad T460s et T470s. Pi\u00e8ce de rechange d&rsquo;origine robuste pour un support d&rsquo;\u00e9cran stable.<\/p>\n","protected":false},"featured_media":18649,"template":"","meta":[],"product_brand":[],"product_cat":[55],"product_tag":[],"class_list":{"0":"post-18602","1":"product","2":"type-product","3":"status-publish","4":"has-post-thumbnail","6":"product_cat-screen-hinge","8":"first","9":"instock","10":"taxable","11":"shipping-taxable","12":"purchasable","13":"product-type-simple"},"_links":{"self":[{"href":"https:\/\/boreait.com\/fr\/wp-json\/wp\/v2\/product\/18602","targetHints":{"allow":["GET"]}}],"collection":[{"href":"https:\/\/boreait.com\/fr\/wp-json\/wp\/v2\/product"}],"about":[{"href":"https:\/\/boreait.com\/fr\/wp-json\/wp\/v2\/types\/product"}],"wp:featuredmedia":[{"embeddable":true,"href":"https:\/\/boreait.com\/fr\/wp-json\/wp\/v2\/media\/18649"}],"wp:attachment":[{"href":"https:\/\/boreait.com\/fr\/wp-json\/wp\/v2\/media?parent=18602"}],"wp:term":[{"taxonomy":"product_brand","embeddable":true,"href":"https:\/\/boreait.com\/fr\/wp-json\/wp\/v2\/product_brand?post=18602"},{"taxonomy":"product_cat","embeddable":true,"href":"https:\/\/boreait.com\/fr\/wp-json\/wp\/v2\/product_cat?post=18602"},{"taxonomy":"product_tag","embeddable":true,"href":"https:\/\/boreait.com\/fr\/wp-json\/wp\/v2\/product_tag?post=18602"}],"curies":[{"name":"wp","href":"https:\/\/api.w.org\/{rel}","templated":true}]}}