{"id":18601,"date":"2025-09-17T08:02:31","date_gmt":"2025-09-17T06:02:31","guid":{"rendered":"https:\/\/boreait.com\/fr\/?post_type=product&#038;p=18601"},"modified":"2025-09-17T08:04:40","modified_gmt":"2025-09-17T06:04:40","slug":"haut-parleurs-pour-ordinateur-portable-lenovo-thinkpad-t440-t450-t460-04x5442-00ht878-pk23000jj00","status":"publish","type":"product","link":"https:\/\/boreait.com\/fr\/produit\/haut-parleurs-pour-ordinateur-portable-lenovo-thinkpad-t440-t450-t460-04x5442-00ht878-pk23000jj00\/","title":{"rendered":"Haut-parleurs pour ordinateur portable Lenovo ThinkPad T440 T450 T460 04X5442 00HT878 PK23000JJ00"},"content":{"rendered":"<p data-start=\"379\" data-end=\"643\">Restaure un son clair sur votre ordinateur portable avec ces <strong data-start=\"425\" data-end=\"471\">haut-parleurs internes Lenovo ThinkPad d&rsquo;origine<\/strong>.<br data-start=\"472\" data-end=\"475\" \/>Sp\u00e9cifiquement con\u00e7us pour les s\u00e9ries T440, T450 et T460, ces haut-parleurs offrent des performances audio fiables et constituent un remplacement id\u00e9al pour les pi\u00e8ces d\u00e9fectueuses ou endommag\u00e9es.<\/p>\n<p data-start=\"645\" data-end=\"667\"><strong data-start=\"645\" data-end=\"665\">D\u00e9tails du produit\u00a0:<\/strong><\/p>\n<ul data-start=\"668\" data-end=\"953\">\n<li data-start=\"668\" data-end=\"689\">\n<p data-start=\"670\" data-end=\"689\">Marque\u00a0: <strong data-start=\"677\" data-end=\"687\">Lenovo<\/strong><\/p>\n<\/li>\n<li data-start=\"690\" data-end=\"742\">\n<p data-start=\"692\" data-end=\"742\">Mod\u00e8les compatibles\u00a0: <strong data-start=\"711\" data-end=\"740\">ThinkPad T440, T450, T460<\/strong><\/p>\n<\/li>\n<li data-start=\"743\" data-end=\"796\">\n<p data-start=\"745\" data-end=\"796\">R\u00e9f\u00e9rences\u00a0: <strong data-start=\"759\" data-end=\"794\">04X5442 \/ 00HT878 \/ PK23000JJ00<\/strong><\/p>\n<\/li>\n<li data-start=\"797\" data-end=\"855\">\n<p data-start=\"799\" data-end=\"855\">Type\u00a0: <strong data-start=\"805\" data-end=\"853\">Haut-parleurs internes pour ordinateur portable (paire gauche et droite)<\/strong><\/p>\n<\/li>\n<li data-start=\"856\" data-end=\"906\">\n<p data-start=\"858\" data-end=\"906\">\u00c9tat\u00a0: <strong data-start=\"869\" data-end=\"904\">Original Lenovo, Grade A, test\u00e9<\/strong><\/p>\n<\/li>\n<li data-start=\"907\" data-end=\"953\">\n<p data-start=\"909\" data-end=\"953\">Son haute qualit\u00e9, installation facile<\/p>\n<\/li>\n<\/ul>\n<p data-start=\"955\" data-end=\"1056\"><strong data-start=\"955\" data-end=\"976\">Contenu du coffret\u00a0:<\/strong><br data-start=\"976\" data-end=\"979\" \/>1 jeu de haut-parleurs pour ordinateur portable Lenovo ThinkPad (04X5442 \/ 00HT878 \/ PK23000JJ00)<\/p>\n<p data-start=\"1058\" data-end=\"1137\">Solution id\u00e9ale pour remplacer des haut-parleurs gr\u00e9sillants, d\u00e9form\u00e9s ou non fonctionnels.<\/p>\n","protected":false},"excerpt":{"rendered":"<p data-start=\"199\" data-end=\"333\">Haut-parleurs d&rsquo;origine pour ordinateur portable Lenovo ThinkPad (04X5442 \/ 00HT878 \/ PK23000JJ00)<\/strong> pour T440, T450 et T460. Pi\u00e8ce de rechange d&rsquo;origine de qualit\u00e9 A.<\/p>\n","protected":false},"featured_media":18648,"template":"","meta":[],"product_brand":[],"product_cat":[54],"product_tag":[62],"class_list":{"0":"post-18601","1":"product","2":"type-product","3":"status-publish","4":"has-post-thumbnail","6":"product_cat-laptop-speakers","7":"product_tag-lenovo","9":"first","10":"instock","11":"taxable","12":"shipping-taxable","13":"purchasable","14":"product-type-simple"},"_links":{"self":[{"href":"https:\/\/boreait.com\/fr\/wp-json\/wp\/v2\/product\/18601","targetHints":{"allow":["GET"]}}],"collection":[{"href":"https:\/\/boreait.com\/fr\/wp-json\/wp\/v2\/product"}],"about":[{"href":"https:\/\/boreait.com\/fr\/wp-json\/wp\/v2\/types\/product"}],"wp:featuredmedia":[{"embeddable":true,"href":"https:\/\/boreait.com\/fr\/wp-json\/wp\/v2\/media\/18648"}],"wp:attachment":[{"href":"https:\/\/boreait.com\/fr\/wp-json\/wp\/v2\/media?parent=18601"}],"wp:term":[{"taxonomy":"product_brand","embeddable":true,"href":"https:\/\/boreait.com\/fr\/wp-json\/wp\/v2\/product_brand?post=18601"},{"taxonomy":"product_cat","embeddable":true,"href":"https:\/\/boreait.com\/fr\/wp-json\/wp\/v2\/product_cat?post=18601"},{"taxonomy":"product_tag","embeddable":true,"href":"https:\/\/boreait.com\/fr\/wp-json\/wp\/v2\/product_tag?post=18601"}],"curies":[{"name":"wp","href":"https:\/\/api.w.org\/{rel}","templated":true}]}}