{"id":18600,"date":"2025-09-17T08:02:31","date_gmt":"2025-09-17T06:02:31","guid":{"rendered":"https:\/\/boreait.com\/fr\/?post_type=product&#038;p=18600"},"modified":"2025-09-17T08:04:34","modified_gmt":"2025-09-17T06:04:34","slug":"cache-superieur-du-repose-poignets-dorigine-pour-lenovo-thinkpad-t460-am105000200-sb30j07817","status":"publish","type":"product","link":"https:\/\/boreait.com\/fr\/produit\/cache-superieur-du-repose-poignets-dorigine-pour-lenovo-thinkpad-t460-am105000200-sb30j07817\/","title":{"rendered":"Cache sup\u00e9rieur du repose-poignets d&rsquo;origine pour Lenovo ThinkPad T460 AM105000200 SB30J07817"},"content":{"rendered":"<p data-start=\"363\" data-end=\"623\">Redonnez \u00e0 votre ThinkPad son aspect et ses fonctionnalit\u00e9s avec ce <strong data-start=\"425\" data-end=\"468\">couvercle sup\u00e9rieur de repose-poignets d&rsquo;origine pour Lenovo T460<\/strong>.<br data-start=\"469\" data-end=\"472\" \/>Cette pi\u00e8ce de rechange d&rsquo;origine est con\u00e7ue pour s&rsquo;adapter parfaitement, offrant durabilit\u00e9 et finition professionnelle tout en soutenant le pav\u00e9 tactile et le clavier.<\/p>\n<p data-start=\"625\" data-end=\"647\"><strong data-start=\"625\" data-end=\"645\">D\u00e9tails du produit\u00a0:<\/strong><\/p>\n<ul data-start=\"648\" data-end=\"949\">\n<li data-start=\"648\" data-end=\"697\">\n<p data-start=\"650\" data-end=\"697\">Compatibilit\u00e9\u00a0: <strong data-start=\"671\" data-end=\"695\">Lenovo ThinkPad T460<\/strong><\/p>\n<\/li>\n<li data-start=\"698\" data-end=\"744\">\n<p data-start=\"700\" data-end=\"744\">R\u00e9f\u00e9rences\u00a0: <strong data-start=\"714\" data-end=\"742\">AM105000200 \/ SB30J07817<\/strong><\/p>\n<\/li>\n<li data-start=\"745\" data-end=\"777\">\n<p data-start=\"747\" data-end=\"777\">Type\u00a0: <strong data-start=\"753\" data-end=\"775\">Couvercle sup\u00e9rieur du repose-poignets<\/strong><\/p>\n<\/li>\n<li data-start=\"778\" data-end=\"834\">\n<p data-start=\"780\" data-end=\"834\">\u00c9tat\u00a0: <strong data-start=\"791\" data-end=\"832\">Original Lenovo, Grade A, enti\u00e8rement test\u00e9<\/strong><\/p>\n<\/li>\n<li data-start=\"835\" data-end=\"890\">\n<p data-start=\"837\" data-end=\"890\">Conception de haute qualit\u00e9 pour une durabilit\u00e9 et un ajustement pr\u00e9cis<\/p>\n<\/li>\n<li data-start=\"891\" data-end=\"949\">\n<p data-start=\"893\" data-end=\"949\">Prise en charge de l&rsquo;installation d&rsquo;un pav\u00e9 tactile (pav\u00e9 tactile non inclus)<\/p>\n<\/li>\n<\/ul>\n<p data-start=\"951\" data-end=\"1054\"><strong data-start=\"951\" data-end=\"972\">Contenu de l&#8217;emballage\u00a0:<\/strong><br data-start=\"972\" data-end=\"975\" \/>1x Cache sup\u00e9rieur de repose-poignets d&rsquo;origine pour Lenovo ThinkPad T460 (AM105000200 \/ SB30J07817)<\/p>\n<p data-start=\"1056\" data-end=\"1130\">Pi\u00e8ce de rechange id\u00e9ale si votre repose-poignets est fissur\u00e9, ray\u00e9 ou us\u00e9.<\/p>\n","protected":false},"excerpt":{"rendered":"<p>Cache sup\u00e9rieur du repose-poignets d&rsquo;origine pour Lenovo ThinkPad T460 (AM105000200 \/ SB30J07817). Pi\u00e8ce de rechange d&rsquo;origine, grade A, avec d\u00e9coupe pour pav\u00e9 tactile.<\/p>\n","protected":false},"featured_media":18646,"template":"","meta":[],"product_brand":[],"product_cat":[52],"product_tag":[62],"class_list":{"0":"post-18600","1":"product","2":"type-product","3":"status-publish","4":"has-post-thumbnail","6":"product_cat-laptop-housing","7":"product_tag-lenovo","9":"first","10":"instock","11":"taxable","12":"shipping-taxable","13":"purchasable","14":"product-type-simple"},"_links":{"self":[{"href":"https:\/\/boreait.com\/fr\/wp-json\/wp\/v2\/product\/18600","targetHints":{"allow":["GET"]}}],"collection":[{"href":"https:\/\/boreait.com\/fr\/wp-json\/wp\/v2\/product"}],"about":[{"href":"https:\/\/boreait.com\/fr\/wp-json\/wp\/v2\/types\/product"}],"wp:featuredmedia":[{"embeddable":true,"href":"https:\/\/boreait.com\/fr\/wp-json\/wp\/v2\/media\/18646"}],"wp:attachment":[{"href":"https:\/\/boreait.com\/fr\/wp-json\/wp\/v2\/media?parent=18600"}],"wp:term":[{"taxonomy":"product_brand","embeddable":true,"href":"https:\/\/boreait.com\/fr\/wp-json\/wp\/v2\/product_brand?post=18600"},{"taxonomy":"product_cat","embeddable":true,"href":"https:\/\/boreait.com\/fr\/wp-json\/wp\/v2\/product_cat?post=18600"},{"taxonomy":"product_tag","embeddable":true,"href":"https:\/\/boreait.com\/fr\/wp-json\/wp\/v2\/product_tag?post=18600"}],"curies":[{"name":"wp","href":"https:\/\/api.w.org\/{rel}","templated":true}]}}