{"id":18591,"date":"2025-09-17T08:02:06","date_gmt":"2025-09-17T06:02:06","guid":{"rendered":"https:\/\/boreait.com\/fr\/?post_type=product&#038;p=18591"},"modified":"2025-09-17T08:04:15","modified_gmt":"2025-09-17T06:04:15","slug":"carte-mere-lenovo-thinkpad-t460-nm-a581-i5-6200u-01aw320-01aw336-01aw344","status":"publish","type":"product","link":"https:\/\/boreait.com\/fr\/produit\/carte-mere-lenovo-thinkpad-t460-nm-a581-i5-6200u-01aw320-01aw336-01aw344\/","title":{"rendered":"Carte m\u00e8re Lenovo ThinkPad T460 NM-A581 i5-6200U 01AW320 01AW336 01AW344"},"content":{"rendered":"<p data-start=\"340\" data-end=\"595\"><strong>ENTI\u00c8REMENT FONCTIONNEL &#8211; CONSULTEZ LES PHOTOS\u00a0!<\/strong><\/p>\n<p data-start=\"340\" data-end=\"595\">Remettez \u00e0 neuf votre Lenovo ThinkPad T460 avec cette <strong data-start=\"384\" data-end=\"416\">carte m\u00e8re d&rsquo;origine NM-A581<\/strong>, \u00e9quip\u00e9e d&rsquo;un <strong data-start=\"432\" data-end=\"465\">processeur Intel Core i5-6200U<\/strong>. Cette pi\u00e8ce d\u00e9tach\u00e9e Lenovo d&rsquo;origine est id\u00e9ale pour remplacer les cartes m\u00e8res d\u00e9fectueuses ou endommag\u00e9es et redonner vie \u00e0 votre ordinateur portable.<\/p>\n<p data-start=\"597\" data-end=\"619\"><strong data-start=\"597\" data-end=\"617\">D\u00e9tails du produit\u00a0:<\/strong><\/p>\n<ul data-start=\"620\" data-end=\"888\">\n<li data-start=\"620\" data-end=\"655\">\n<p data-start=\"622\" data-end=\"655\">Mod\u00e8le\u00a0: <strong data-start=\"629\" data-end=\"653\">Lenovo ThinkPad T460<\/strong><\/p>\n<\/li>\n<li data-start=\"656\" data-end=\"684\">\n<p data-start=\"658\" data-end=\"684\">Carte m\u00e8re\u00a0: <strong data-start=\"671\" data-end=\"682\">NM-A581<\/strong><\/p>\n<\/li>\n<li data-start=\"685\" data-end=\"730\">\n<p data-start=\"687\" data-end=\"730\">Processeur\u00a0: <strong data-start=\"692\" data-end=\"715\">Intel Core i5-6200U (int\u00e9gr\u00e9)<\/p>\n<\/li>\n<li data-start=\"731\" data-end=\"780\">\n<p data-start=\"733\" data-end=\"780\">R\u00e9f\u00e9rences\u00a0: <strong data-start=\"747\" data-end=\"778\">01AW320 \/ 01AW336 \/ 01AW344<\/strong><\/p>\n<\/li>\n<li data-start=\"781\" data-end=\"824\">\n<p data-start=\"783\" data-end=\"824\">\u00c9tat\u00a0: <strong data-start=\"794\" data-end=\"822\">Authentique, Grade A, test\u00e9<\/strong><\/p>\n<\/li>\n<li data-start=\"825\" data-end=\"888\">\n<p data-start=\"827\" data-end=\"888\">Remplacement id\u00e9al pour les cartes m\u00e8res d\u00e9fectueuses ou non fonctionnelles<\/p>\n<\/li>\n<\/ul>\n<p data-start=\"890\" data-end=\"985\"><strong data-start=\"890\" data-end=\"911\">Contenu\u00a0:<\/strong><br data-start=\"911\" data-end=\"914\" \/>1 carte m\u00e8re Lenovo ThinkPad T460 d&rsquo;origine <strong data-start=\"958\" data-end=\"983\">NM-A581 avec processeur i5-6200U<\/strong><\/p>\n<p data-start=\"987\" data-end=\"1062\">Fiable, enti\u00e8rement test\u00e9e et pr\u00eate \u00e0 installer pour une r\u00e9paration en douceur.<\/p>\n","protected":false},"excerpt":{"rendered":"<p>Carte m\u00e8re Lenovo ThinkPad T460 NM-A581 authentique avec processeur Intel Core i5-6200U. R\u00e9f\u00e9rences\u00a0: 01AW320, 01AW336, 01AW344.<\/p>\n","protected":false},"featured_media":18640,"template":"","meta":[],"product_brand":[],"product_cat":[63],"product_tag":[62],"class_list":{"0":"post-18591","1":"product","2":"type-product","3":"status-publish","4":"has-post-thumbnail","6":"product_cat-motherboards-board-parts","7":"product_tag-lenovo","9":"first","10":"instock","11":"taxable","12":"shipping-taxable","13":"purchasable","14":"product-type-simple"},"_links":{"self":[{"href":"https:\/\/boreait.com\/fr\/wp-json\/wp\/v2\/product\/18591","targetHints":{"allow":["GET"]}}],"collection":[{"href":"https:\/\/boreait.com\/fr\/wp-json\/wp\/v2\/product"}],"about":[{"href":"https:\/\/boreait.com\/fr\/wp-json\/wp\/v2\/types\/product"}],"wp:featuredmedia":[{"embeddable":true,"href":"https:\/\/boreait.com\/fr\/wp-json\/wp\/v2\/media\/18640"}],"wp:attachment":[{"href":"https:\/\/boreait.com\/fr\/wp-json\/wp\/v2\/media?parent=18591"}],"wp:term":[{"taxonomy":"product_brand","embeddable":true,"href":"https:\/\/boreait.com\/fr\/wp-json\/wp\/v2\/product_brand?post=18591"},{"taxonomy":"product_cat","embeddable":true,"href":"https:\/\/boreait.com\/fr\/wp-json\/wp\/v2\/product_cat?post=18591"},{"taxonomy":"product_tag","embeddable":true,"href":"https:\/\/boreait.com\/fr\/wp-json\/wp\/v2\/product_tag?post=18591"}],"curies":[{"name":"wp","href":"https:\/\/api.w.org\/{rel}","templated":true}]}}