{"id":18590,"date":"2025-09-17T08:02:05","date_gmt":"2025-09-17T06:02:05","guid":{"rendered":"https:\/\/boreait.com\/fr\/?post_type=product&#038;p=18590"},"modified":"2025-09-17T08:04:08","modified_gmt":"2025-09-17T06:04:08","slug":"carte-mere-pour-ordinateur-portable-lenovo-thinkpad-t510-w510-chassis-60y5496-authentique-de-qualite-a","status":"publish","type":"product","link":"https:\/\/boreait.com\/fr\/produit\/carte-mere-pour-ordinateur-portable-lenovo-thinkpad-t510-w510-chassis-60y5496-authentique-de-qualite-a\/","title":{"rendered":"Carte m\u00e8re pour ordinateur portable Lenovo ThinkPad T510 W510, ch\u00e2ssis 60Y5496, authentique, de qualit\u00e9 A"},"content":{"rendered":"<p data-start=\"334\" data-end=\"598\">Maintenez votre Lenovo ThinkPad en parfait \u00e9tat gr\u00e2ce \u00e0 ce <strong data-start=\"387\" data-end=\"427\">cadre de carte m\u00e8re d&rsquo;origine (60Y5496)<\/strong> pour les mod\u00e8les <strong data-start=\"436\" data-end=\"453\">T510 et W510<\/strong>.<br data-start=\"461\" data-end=\"464\" \/>Cette pi\u00e8ce d&rsquo;origine Lenovo offre une base solide \u00e0 la carte m\u00e8re, garantissant un alignement correct, une protection et une stabilit\u00e9 \u00e0 long terme.<\/p>\n<p data-start=\"600\" data-end=\"622\"><strong data-start=\"600\" data-end=\"620\">D\u00e9tails du produit\u00a0:<\/strong><\/p>\n<ul data-start=\"623\" data-end=\"892\">\n<li data-start=\"623\" data-end=\"672\">\n<p data-start=\"625\" data-end=\"672\">Mod\u00e8les compatibles\u00a0: <strong data-start=\"646\" data-end=\"670\">ThinkPad T510 \/ W510<\/strong><\/p>\n<\/li>\n<li data-start=\"673\" data-end=\"701\">\n<p data-start=\"675\" data-end=\"701\">R\u00e9f\u00e9rence\u00a0: <strong data-start=\"688\" data-end=\"699\">60Y5496<\/strong><\/p>\n<\/li>\n<li data-start=\"702\" data-end=\"751\">\n<p data-start=\"704\" data-end=\"751\">Type\u00a0: <strong data-start=\"710\" data-end=\"749\">Support de ch\u00e2ssis\/cadre de carte m\u00e8re<\/strong><\/p>\n<\/li>\n<li data-start=\"752\" data-end=\"795\">\n<p data-start=\"754\" data-end=\"795\">\u00c9tat\u00a0: <strong data-start=\"765\" data-end=\"793\">Authentique, Grade A, test\u00e9<\/strong><\/p>\n<\/li>\n<li data-start=\"796\" data-end=\"842\">\n<p data-start=\"798\" data-end=\"842\">Assure un ajustement s\u00fbr et pr\u00e9cis \u00e0 la carte m\u00e8re<\/p>\n<\/li>\n<li data-start=\"843\" data-end=\"892\">\n<p data-start=\"845\" data-end=\"892\">Prot\u00e8ge les composants internes contre les dommages<\/p>\n<\/li>\n<\/ul>\n<p data-start=\"894\" data-end=\"977\"><strong data-start=\"894\" data-end=\"915\">Contenu du coffret\u00a0:<\/strong><br data-start=\"915\" data-end=\"918\" \/>1x Cadre de carte m\u00e8re d&rsquo;origine Lenovo T510 \/ W510 (60Y5496)<\/p>\n<p data-start=\"979\" data-end=\"1084\">Remplacement id\u00e9al pour les supports de carte m\u00e8re endommag\u00e9s ou manquants lors de l&rsquo;entretien ou de la reconstruction de votre ordinateur portable.<\/p>\n","protected":false},"excerpt":{"rendered":"<p>Cadre de carte m\u00e8re Lenovo T510 \/ W510 authentique (60Y5496). Pi\u00e8ce de rechange d&rsquo;origine de qualit\u00e9 A pour un maintien s\u00fbr et une durabilit\u00e9 accrue de la carte m\u00e8re.<\/p>\n","protected":false},"featured_media":18639,"template":"","meta":[],"product_brand":[],"product_cat":[52],"product_tag":[62],"class_list":{"0":"post-18590","1":"product","2":"type-product","3":"status-publish","4":"has-post-thumbnail","6":"product_cat-laptop-housing","7":"product_tag-lenovo","9":"first","10":"instock","11":"taxable","12":"shipping-taxable","13":"purchasable","14":"product-type-simple"},"_links":{"self":[{"href":"https:\/\/boreait.com\/fr\/wp-json\/wp\/v2\/product\/18590","targetHints":{"allow":["GET"]}}],"collection":[{"href":"https:\/\/boreait.com\/fr\/wp-json\/wp\/v2\/product"}],"about":[{"href":"https:\/\/boreait.com\/fr\/wp-json\/wp\/v2\/types\/product"}],"wp:featuredmedia":[{"embeddable":true,"href":"https:\/\/boreait.com\/fr\/wp-json\/wp\/v2\/media\/18639"}],"wp:attachment":[{"href":"https:\/\/boreait.com\/fr\/wp-json\/wp\/v2\/media?parent=18590"}],"wp:term":[{"taxonomy":"product_brand","embeddable":true,"href":"https:\/\/boreait.com\/fr\/wp-json\/wp\/v2\/product_brand?post=18590"},{"taxonomy":"product_cat","embeddable":true,"href":"https:\/\/boreait.com\/fr\/wp-json\/wp\/v2\/product_cat?post=18590"},{"taxonomy":"product_tag","embeddable":true,"href":"https:\/\/boreait.com\/fr\/wp-json\/wp\/v2\/product_tag?post=18590"}],"curies":[{"name":"wp","href":"https:\/\/api.w.org\/{rel}","templated":true}]}}