{"id":18581,"date":"2025-09-17T08:01:37","date_gmt":"2025-09-17T06:01:37","guid":{"rendered":"https:\/\/boreait.com\/fr\/?post_type=product&#038;p=18581"},"modified":"2025-09-17T08:04:00","modified_gmt":"2025-09-17T06:04:00","slug":"cable-decran-lcd-lvds-6017b0428601-pour-hp-elitebook-840-820-740-745-755-845-g1-g2-zbook-14-probookr","status":"publish","type":"product","link":"https:\/\/boreait.com\/fr\/produit\/cable-decran-lcd-lvds-6017b0428601-pour-hp-elitebook-840-820-740-745-755-845-g1-g2-zbook-14-probookr\/","title":{"rendered":"C\u00e2ble d&rsquo;\u00e9cran LCD LVDS 6017B0428601 pour HP EliteBook 840 820 740 745 755 845 G1 G2 ZBook 14 ProBookR"},"content":{"rendered":"<p>Remplacez votre c\u00e2ble d&rsquo;\u00e9cran endommag\u00e9 ou d\u00e9fectueux par ce <strong data-start=\"374\" data-end=\"407\">c\u00e2ble LCD LVDS (6017B0428601)<\/strong>, con\u00e7u pour une large gamme d&rsquo;ordinateurs portables HP.<br data-start=\"449\" data-end=\"452\" \/>Si votre \u00e9cran scintille, pr\u00e9sente des lignes ou ne s&rsquo;affiche pas du tout, ce c\u00e2ble en est souvent la cause. Un remplacement rapide peut restaurer une fonctionnalit\u00e9 d&rsquo;affichage parfaite. <\/p>\n<p data-start=\"612\" data-end=\"634\"><strong data-start=\"612\" data-end=\"632\">D\u00e9tails du produit\u00a0:<\/strong><\/p>\n<ul data-start=\"635\" data-end=\"807\">\n<li data-start=\"635\" data-end=\"668\">\n<p data-start=\"637\" data-end=\"668\">R\u00e9f\u00e9rence\u00a0: <strong data-start=\"650\" data-end=\"666\">6017B0428601<\/strong><\/p>\n<\/li>\n<li data-start=\"669\" data-end=\"704\">\n<p data-start=\"671\" data-end=\"704\">Type\u00a0: <strong data-start=\"677\" data-end=\"702\">C\u00e2ble d&rsquo;\u00e9cran LCD LVDS<\/strong><\/p>\n<\/li>\n<li data-start=\"705\" data-end=\"747\">\n<p data-start=\"707\" data-end=\"747\">Pi\u00e8ce de rechange de haute qualit\u00e9, enti\u00e8rement test\u00e9e<\/p>\n<\/li>\n<li data-start=\"748\" data-end=\"807\">\n<p data-start=\"750\" data-end=\"807\">Id\u00e9al pour r\u00e9soudre les probl\u00e8mes d&rsquo;affichage caus\u00e9s par des c\u00e2bles d\u00e9fectueux<\/p>\n<\/li>\n<\/ul>\n<p data-start=\"809\" data-end=\"836\"><strong data-start=\"809\" data-end=\"834\">Mod\u00e8les HP compatibles\u00a0:<\/strong><\/p>\n<ul data-start=\"837\" data-end=\"930\">\n<li data-start=\"837\" data-end=\"893\">\n<p data-start=\"839\" data-end=\"893\"><strong data-start=\"839\" data-end=\"853\">EliteBook\u00a0:<\/strong> 845, 840, 820, 755, 745, 740 (G1, G2)<\/p>\n<\/li>\n<li data-start=\"894\" data-end=\"910\">\n<p data-start=\"896\" data-end=\"910\"><strong data-start=\"896\" data-end=\"908\">ZBook 14<\/strong><\/p>\n<\/li>\n<li data-start=\"911\" data-end=\"930\">\n<p data-start=\"913\" data-end=\"930\"><strong data-start=\"913\" data-end=\"928\">ProBook 470<\/strong><\/p>\n<\/li>\n<\/ul>\n<p data-start=\"932\" data-end=\"997\"><strong data-start=\"932\" data-end=\"953\">Contenu du colis\u00a0:<\/strong><br data-start=\"953\" data-end=\"956\" \/>1 c\u00e2ble d&rsquo;\u00e9cran LCD LVDS (6017B0428601)<\/p>\n<p data-start=\"999\" data-end=\"1082\">Solution facile \u00e0 installer et \u00e9conomique pour r\u00e9soudre les probl\u00e8mes de connexion de l&rsquo;\u00e9cran.<\/p>\n","protected":false},"excerpt":{"rendered":"<p>C\u00e2ble d&rsquo;\u00e9cran LCD LVDS de remplacement (6017B0428601) pour HP EliteBook 840 \/ 820 \/ 740 \/ 745 \/ 755 \/ 845 G1 G2, ZBook 14 et ProBook 470.<\/p>\n","protected":false},"featured_media":18635,"template":"","meta":[],"product_brand":[],"product_cat":[56],"product_tag":[61],"class_list":{"0":"post-18581","1":"product","2":"type-product","3":"status-publish","4":"has-post-thumbnail","6":"product_cat-cables","7":"product_tag-hp","9":"first","10":"instock","11":"taxable","12":"shipping-taxable","13":"purchasable","14":"product-type-simple"},"_links":{"self":[{"href":"https:\/\/boreait.com\/fr\/wp-json\/wp\/v2\/product\/18581","targetHints":{"allow":["GET"]}}],"collection":[{"href":"https:\/\/boreait.com\/fr\/wp-json\/wp\/v2\/product"}],"about":[{"href":"https:\/\/boreait.com\/fr\/wp-json\/wp\/v2\/types\/product"}],"wp:featuredmedia":[{"embeddable":true,"href":"https:\/\/boreait.com\/fr\/wp-json\/wp\/v2\/media\/18635"}],"wp:attachment":[{"href":"https:\/\/boreait.com\/fr\/wp-json\/wp\/v2\/media?parent=18581"}],"wp:term":[{"taxonomy":"product_brand","embeddable":true,"href":"https:\/\/boreait.com\/fr\/wp-json\/wp\/v2\/product_brand?post=18581"},{"taxonomy":"product_cat","embeddable":true,"href":"https:\/\/boreait.com\/fr\/wp-json\/wp\/v2\/product_cat?post=18581"},{"taxonomy":"product_tag","embeddable":true,"href":"https:\/\/boreait.com\/fr\/wp-json\/wp\/v2\/product_tag?post=18581"}],"curies":[{"name":"wp","href":"https:\/\/api.w.org\/{rel}","templated":true}]}}