{"id":18580,"date":"2025-09-17T08:01:37","date_gmt":"2025-09-17T06:01:37","guid":{"rendered":"https:\/\/boreait.com\/fr\/?post_type=product&#038;p=18580"},"modified":"2025-09-17T08:03:58","modified_gmt":"2025-09-17T06:03:58","slug":"carte-mere-dorigine-pour-ordinateur-portable-hp-elitebook-840-g5-6053b1482001","status":"publish","type":"product","link":"https:\/\/boreait.com\/fr\/produit\/carte-mere-dorigine-pour-ordinateur-portable-hp-elitebook-840-g5-6053b1482001\/","title":{"rendered":"Carte m\u00e8re d&rsquo;origine pour ordinateur portable HP EliteBook 840 G5 (6053B1482001)"},"content":{"rendered":"<p data-start=\"572\" data-end=\"843\">Am\u00e9liorez ou r\u00e9parez votre HP EliteBook 840 G5 avec cette <strong data-start=\"625\" data-end=\"669\">carte Smart Card d&rsquo;origine (6053B1482001)<\/strong>. Cette pi\u00e8ce d&rsquo;origine pour ordinateur portable HP garantit une compatibilit\u00e9 totale et des performances fiables, ce qui en fait le remplacement id\u00e9al si votre carte m\u00e8re actuelle est endommag\u00e9e ou d\u00e9fectueuse.<\/p>\n<p data-start=\"845\" data-end=\"1061\">\u2714 <strong data-start=\"847\" data-end=\"867\">Mod\u00e8le compatible<\/strong>\u00a0: HP EliteBook 840 G5<br data-start=\"888\" data-end=\"891\" \/>\u2714 <strong data-start=\"893\" data-end=\"908\">R\u00e9f\u00e9rence<\/strong>\u00a0: 6053B1482001<br data-start=\"922\" data-end=\"925\" \/>\u2714 <strong data-start=\"927\" data-end=\"940\">\u00c9tat<\/strong>\u00a0: Authentique et test\u00e9, provenant d&rsquo;ordinateurs portables en \u00e9tat de marche<br data-start=\"989\" data-end=\"992\" \/>\u2714 <strong data-start=\"994\" data-end=\"1001\">Utilisation<\/strong>\u00a0: Remplacement id\u00e9al d&rsquo;une carte \u00e0 puce d\u00e9fectueuse ou manquante.<\/p>\n<p data-start=\"1063\" data-end=\"1286\">Chez <strong data-start=\"1066\" data-end=\"1080\">Siggmo<\/strong>, nous fournissons uniquement des <strong data-start=\"1107\" data-end=\"1123\">pi\u00e8ces d\u00e9tach\u00e9es pour ordinateur portable<\/strong> authentiques, soigneusement test\u00e9es avant exp\u00e9dition. Les photos pr\u00e9sent\u00e9es sont celles de l&rsquo;<strong data-start=\"1195\" data-end=\"1210\">produit r\u00e9el<\/strong> que vous recevrez\u00a0; aucune image d&rsquo;archive n&rsquo;est disponible, vous savez donc exactement ce que vous achetez.<\/p>\n<p data-start=\"1288\" data-end=\"1426\">Nous ne fournissons pas d&rsquo;instructions d&rsquo;installation, mais si vous avez besoin de conseils, n&rsquo;h\u00e9sitez pas \u00e0 nous contacter \u00e0 tout moment\u00a0; notre \u00e9quipe se fera un plaisir de vous aider.<\/p>\n","protected":false},"excerpt":{"rendered":"<p>Carte m\u00e8re d&rsquo;origine pour HP EliteBook 840 G5 (6053B1482001). Pi\u00e8ce d&rsquo;origine test\u00e9e pour ordinateur portable\u00a0: remplacement id\u00e9al pour votre appareil.<\/p>\n","protected":false},"featured_media":18634,"template":"","meta":[],"product_brand":[],"product_cat":[52],"product_tag":[61],"class_list":{"0":"post-18580","1":"product","2":"type-product","3":"status-publish","4":"has-post-thumbnail","6":"product_cat-laptop-housing","7":"product_tag-hp","9":"first","10":"instock","11":"taxable","12":"shipping-taxable","13":"purchasable","14":"product-type-simple"},"_links":{"self":[{"href":"https:\/\/boreait.com\/fr\/wp-json\/wp\/v2\/product\/18580","targetHints":{"allow":["GET"]}}],"collection":[{"href":"https:\/\/boreait.com\/fr\/wp-json\/wp\/v2\/product"}],"about":[{"href":"https:\/\/boreait.com\/fr\/wp-json\/wp\/v2\/types\/product"}],"wp:featuredmedia":[{"embeddable":true,"href":"https:\/\/boreait.com\/fr\/wp-json\/wp\/v2\/media\/18634"}],"wp:attachment":[{"href":"https:\/\/boreait.com\/fr\/wp-json\/wp\/v2\/media?parent=18580"}],"wp:term":[{"taxonomy":"product_brand","embeddable":true,"href":"https:\/\/boreait.com\/fr\/wp-json\/wp\/v2\/product_brand?post=18580"},{"taxonomy":"product_cat","embeddable":true,"href":"https:\/\/boreait.com\/fr\/wp-json\/wp\/v2\/product_cat?post=18580"},{"taxonomy":"product_tag","embeddable":true,"href":"https:\/\/boreait.com\/fr\/wp-json\/wp\/v2\/product_tag?post=18580"}],"curies":[{"name":"wp","href":"https:\/\/api.w.org\/{rel}","templated":true}]}}