{"id":18578,"date":"2025-09-17T08:01:37","date_gmt":"2025-09-17T06:01:37","guid":{"rendered":"https:\/\/boreait.com\/fr\/?post_type=product&#038;p=18578"},"modified":"2025-09-17T08:03:53","modified_gmt":"2025-09-17T06:03:53","slug":"support-pour-disque-dur-ssd-m-2-ns-a933-pour-ordinateur-portable-lenovo-thinkpad-t470-x270","status":"publish","type":"product","link":"https:\/\/boreait.com\/fr\/produit\/support-pour-disque-dur-ssd-m-2-ns-a933-pour-ordinateur-portable-lenovo-thinkpad-t470-x270\/","title":{"rendered":"Support pour disque dur SSD M.2 NS-A933 pour ordinateur portable Lenovo ThinkPad T470 X270"},"content":{"rendered":"<p data-start=\"562\" data-end=\"861\">Am\u00e9liorez ou remplacez votre stockage avec ce <strong data-start=\"604\" data-end=\"632\">caddy pour disque dur NS-A933<\/strong>, sp\u00e9cialement con\u00e7u pour les ordinateurs portables <strong data-start=\"660\" data-end=\"693\">Lenovo ThinkPad T470 et X270<\/strong>. Ce <strong data-start=\"721\" data-end=\"736\">composant pour ordinateur portable<\/strong> de haute qualit\u00e9 vous permet d&rsquo;installer un <strong data-start=\"762\" data-end=\"780\">SSD ou disque dur M.2<\/strong>, vous offrant ainsi plus de flexibilit\u00e9 pour \u00e9tendre votre stockage ou remplacer un disque d\u00e9fectueux.<\/p>\n<p data-start=\"863\" data-end=\"1101\">Que vous recherchiez des performances plus rapides avec un SSD ou un espace suppl\u00e9mentaire avec un disque dur, ce caddy assure un maintien s\u00fbr et stable dans votre ThinkPad. Con\u00e7u pour sa fiabilit\u00e9 et sa durabilit\u00e9, il constitue un excellent choix pour une utilisation \u00e0 long terme.<\/p>\n<p data-start=\"1103\" data-end=\"1368\">\ud83d\udd39 <strong data-start=\"1106\" data-end=\"1127\">Mod\u00e8les compatibles<\/strong>\u00a0: Lenovo ThinkPad T470 \/ X270<br data-start=\"1156\" data-end=\"1159\" \/>\ud83d\udd39 <strong data-start=\"1162\" data-end=\"1177\">R\u00e9f\u00e9rence<\/strong>\u00a0: NS-A933<br data-start=\"1186\" data-end=\"1189\" \/>\ud83d\udd39 <strong data-start=\"1192\" data-end=\"1204\">Prise en charge<\/strong>\u00a0: Installation de SSD \/ disque dur M.2<br data-start=\"1232\" data-end=\"1235\" \/>\ud83d\udd39 <strong data-start=\"1238\" data-end=\"1251\">\u00c9tat<\/strong>\u00a0: Pi\u00e8ce d&rsquo;origine, qualit\u00e9 contr\u00f4l\u00e9e.<br data-start=\"1282\" data-end=\"1285\" \/>\ud83d\udd39 <strong data-start=\"1288\" data-end=\"1298\">Photos<\/strong>\u00a0: Photos r\u00e9elles du produit incluses\u00a0; vous recevrez exactement ce que vous voyez.<\/p>\n<p data-start=\"1370\" data-end=\"1497\">C&rsquo;est la solution id\u00e9ale si vous devez <strong data-start=\"1411\" data-end=\"1437\">remplacer un bo\u00eetier cass\u00e9<\/strong> ou simplement ajouter de l&rsquo;espace de stockage \u00e0 votre ordinateur portable Lenovo.<\/p>\n<p data-start=\"1499\" data-end=\"1608\">\ud83d\udca1 <strong data-start=\"1502\" data-end=\"1510\">Remarque<\/strong>\u00a0: Les instructions d&rsquo;installation ne sont pas incluses, mais si vous avez besoin d&rsquo;aide, n&rsquo;h\u00e9sitez pas \u00e0 nous contacter. nous.<\/p>\n","protected":false},"excerpt":{"rendered":"<p>Support de disque dur fiable NS-A933 pour Lenovo ThinkPad T470 et X270. Compatible avec les SSD et disques durs M.2, id\u00e9al pour les mises \u00e0 niveau et les remplacements de stockage.<\/p>\n","protected":false},"featured_media":18631,"template":"","meta":[],"product_brand":[],"product_cat":[52],"product_tag":[62],"class_list":{"0":"post-18578","1":"product","2":"type-product","3":"status-publish","4":"has-post-thumbnail","6":"product_cat-laptop-housing","7":"product_tag-lenovo","9":"first","10":"instock","11":"taxable","12":"shipping-taxable","13":"purchasable","14":"product-type-simple"},"_links":{"self":[{"href":"https:\/\/boreait.com\/fr\/wp-json\/wp\/v2\/product\/18578","targetHints":{"allow":["GET"]}}],"collection":[{"href":"https:\/\/boreait.com\/fr\/wp-json\/wp\/v2\/product"}],"about":[{"href":"https:\/\/boreait.com\/fr\/wp-json\/wp\/v2\/types\/product"}],"wp:featuredmedia":[{"embeddable":true,"href":"https:\/\/boreait.com\/fr\/wp-json\/wp\/v2\/media\/18631"}],"wp:attachment":[{"href":"https:\/\/boreait.com\/fr\/wp-json\/wp\/v2\/media?parent=18578"}],"wp:term":[{"taxonomy":"product_brand","embeddable":true,"href":"https:\/\/boreait.com\/fr\/wp-json\/wp\/v2\/product_brand?post=18578"},{"taxonomy":"product_cat","embeddable":true,"href":"https:\/\/boreait.com\/fr\/wp-json\/wp\/v2\/product_cat?post=18578"},{"taxonomy":"product_tag","embeddable":true,"href":"https:\/\/boreait.com\/fr\/wp-json\/wp\/v2\/product_tag?post=18578"}],"curies":[{"name":"wp","href":"https:\/\/api.w.org\/{rel}","templated":true}]}}