{"id":18569,"date":"2025-09-17T08:01:10","date_gmt":"2025-09-17T06:01:10","guid":{"rendered":"https:\/\/boreait.com\/fr\/?post_type=product&#038;p=18569"},"modified":"2025-09-17T08:03:35","modified_gmt":"2025-09-17T06:03:35","slug":"cadre-lcd-dorigine-dell-latitude-e6420-h4nx0-0h4nx0-pieces-detachees-pour-ordinateur-portable","status":"publish","type":"product","link":"https:\/\/boreait.com\/fr\/produit\/cadre-lcd-dorigine-dell-latitude-e6420-h4nx0-0h4nx0-pieces-detachees-pour-ordinateur-portable\/","title":{"rendered":"Cadre LCD d&rsquo;origine Dell Latitude E6420 H4NX0 0H4NX0 \u2013 Pi\u00e8ces d\u00e9tach\u00e9es pour ordinateur portable"},"content":{"rendered":"<p data-start=\"693\" data-end=\"943\">Mettez \u00e0 niveau ou restaurez votre Dell Latitude E6420 avec ce <strong data-start=\"747\" data-end=\"773\">cadre LCD Dell authentique<\/strong>, num\u00e9ros de pi\u00e8ce <strong data-start=\"788\" data-end=\"806\">H4NX0 \/ 0H4NX0<\/strong>. Cette <strong data-start=\"825\" data-end=\"840\">pi\u00e8ce de rechange pour ordinateur portable<\/strong> est sp\u00e9cialement con\u00e7ue pour le mod\u00e8le Latitude E6420, garantissant un ajustement pr\u00e9cis et un aspect professionnel.<\/p>\n<p data-start=\"945\" data-end=\"1193\">\u2714 <strong data-start=\"947\" data-end=\"969\">Pi\u00e8ce Dell d&rsquo;origine<\/strong>\u00a0\u2013 il ne s&rsquo;agit pas d&rsquo;un substitut g\u00e9n\u00e9rique.<br data-start=\"996\" data-end=\"999\" \/>\u2714 Compatible avec le <strong data-start=\"1017\" data-end=\"1040\">Dell Latitude E6420<\/strong><br data-start=\"1040\" data-end=\"1043\" \/>\u2714 R\u00e9f\u00e9rences\u00a0: <strong data-start=\"1059\" data-end=\"1077\">H4NX0 \/ 0H4NX0<\/strong><br data-start=\"1077\" data-end=\"1080\" \/>\u2714 Cadre en plastique r\u00e9sistant pour des performances durables.<br data-start=\"1132\" data-end=\"1135\" \/>\u2714 Id\u00e9al pour r\u00e9parer les bordures fissur\u00e9es, cass\u00e9es ou manquantes.<\/p>\n<p data-start=\"1195\" data-end=\"1419\">Ce cadre entoure l&rsquo;\u00e9cran LCD et le maintient fermement en place, prot\u00e9geant ainsi les bords de l&rsquo;\u00e9cran et offrant \u00e0 votre ordinateur portable une finition impeccable, digne d&rsquo;un \u00e9cran d&rsquo;origine. C&rsquo;est une excellente solution si votre bordure d&rsquo;origine est endommag\u00e9e, us\u00e9e ou manquante.<\/p>\n<p data-start=\"1421\" data-end=\"1619\">Remarque\u00a0: cette offre comprend uniquement la bordure, et non l&rsquo;\u00e9cran LCD ni les autres composants. Si vous avez besoin de conseils pour choisir la pi\u00e8ce adapt\u00e9e \u00e0 votre ordinateur portable, n&rsquo;h\u00e9sitez pas \u00e0 nous contacter \u00e0 tout moment.<\/p>\n<p data-start=\"1621\" data-end=\"1713\">\ud83d\udcf8 <strong data-start=\"1624\" data-end=\"1713\">Des photos r\u00e9elles de la pi\u00e8ce sont fournies, afin que vous sachiez exactement ce que vous recevrez.<\/strong><\/p>\n","protected":false},"excerpt":{"rendered":"<p>Cadre LCD d&rsquo;origine pour Dell Latitude E6420 (r\u00e9f\u00e9rences H4NX0 \/ 0H4NX0). Pi\u00e8ce de rechange id\u00e9ale pour restaurer le cadre d&rsquo;\u00e9cran de votre ordinateur portable \u00e0 son \u00e9tat d&rsquo;origine.<\/p>\n","protected":false},"featured_media":18627,"template":"","meta":[],"product_brand":[],"product_cat":[52],"product_tag":[53],"class_list":{"0":"post-18569","1":"product","2":"type-product","3":"status-publish","4":"has-post-thumbnail","6":"product_cat-laptop-housing","7":"product_tag-dell","9":"first","10":"instock","11":"taxable","12":"shipping-taxable","13":"purchasable","14":"product-type-simple"},"_links":{"self":[{"href":"https:\/\/boreait.com\/fr\/wp-json\/wp\/v2\/product\/18569","targetHints":{"allow":["GET"]}}],"collection":[{"href":"https:\/\/boreait.com\/fr\/wp-json\/wp\/v2\/product"}],"about":[{"href":"https:\/\/boreait.com\/fr\/wp-json\/wp\/v2\/types\/product"}],"wp:featuredmedia":[{"embeddable":true,"href":"https:\/\/boreait.com\/fr\/wp-json\/wp\/v2\/media\/18627"}],"wp:attachment":[{"href":"https:\/\/boreait.com\/fr\/wp-json\/wp\/v2\/media?parent=18569"}],"wp:term":[{"taxonomy":"product_brand","embeddable":true,"href":"https:\/\/boreait.com\/fr\/wp-json\/wp\/v2\/product_brand?post=18569"},{"taxonomy":"product_cat","embeddable":true,"href":"https:\/\/boreait.com\/fr\/wp-json\/wp\/v2\/product_cat?post=18569"},{"taxonomy":"product_tag","embeddable":true,"href":"https:\/\/boreait.com\/fr\/wp-json\/wp\/v2\/product_tag?post=18569"}],"curies":[{"name":"wp","href":"https:\/\/api.w.org\/{rel}","templated":true}]}}