{"id":18563,"date":"2025-09-17T08:00:47","date_gmt":"2025-09-17T06:00:47","guid":{"rendered":"https:\/\/boreait.com\/fr\/?post_type=product&#038;p=18563"},"modified":"2025-09-17T08:03:32","modified_gmt":"2025-09-17T06:03:32","slug":"remplacement-du-cache-charniere-du-hp-elitebook-840-g5-pieces-dorigine-pour-ordinateur-portable","status":"publish","type":"product","link":"https:\/\/boreait.com\/fr\/produit\/remplacement-du-cache-charniere-du-hp-elitebook-840-g5-pieces-dorigine-pour-ordinateur-portable\/","title":{"rendered":"Remplacement du cache charni\u00e8re du HP EliteBook 840 G5 \u2013 Pi\u00e8ces d&rsquo;origine pour ordinateur portable"},"content":{"rendered":"<p data-start=\"554\" data-end=\"791\">Ce <strong data-start=\"559\" data-end=\"598\">cache charni\u00e8re pour HP EliteBook 840 G5<\/strong> est une pi\u00e8ce de rechange fiable con\u00e7ue pour restaurer l&rsquo;apparence de votre ordinateur portable et prot\u00e9ger son m\u00e9canisme de charni\u00e8re. Con\u00e7u pour s&rsquo;adapter parfaitement, il contribue \u00e0 la robustesse et \u00e0 l&rsquo;aspect professionnel de votre appareil.<\/p>\n<p data-start=\"793\" data-end=\"998\">\u2714 <strong data-start=\"795\" data-end=\"815\">Mod\u00e8le compatible<\/strong>\u00a0: HP EliteBook 840 G5<br data-start=\"836\" data-end=\"839\" \/>\u2714 <strong data-start=\"841\" data-end=\"854\">Type de pi\u00e8ce<\/strong>\u00a0: Cache charni\u00e8re<br data-start=\"867\" data-end=\"870\" \/>\u2714 <strong data-start=\"872\" data-end=\"885\">\u00c9tat<\/strong>\u00a0: Pi\u00e8ce d&rsquo;ordinateur portable d&rsquo;origine test\u00e9e<br data-start=\"914\" data-end=\"917\" \/>\u2714 <strong data-start=\"919\" data-end=\"931\">Utilisation<\/strong>\u00a0: Remplacement id\u00e9al pour une charni\u00e8re endommag\u00e9e, fissur\u00e9e ou manquante Housses<\/p>\n<p data-start=\"1000\" data-end=\"1022\"><strong data-start=\"1000\" data-end=\"1020\">Pourquoi acheter chez nous\u00a0?<\/strong><\/p>\n<ul data-start=\"1023\" data-end=\"1255\">\n<li data-start=\"1023\" data-end=\"1116\">\n<p data-start=\"1025\" data-end=\"1116\">Nous sommes sp\u00e9cialis\u00e9s dans les <strong data-start=\"1042\" data-end=\"1058\">pi\u00e8ces d\u00e9tach\u00e9es pour ordinateurs portables<\/strong> et proposons une livraison rapide dans le monde entier, notamment en Europe.<\/p>\n<\/li>\n<li data-start=\"1117\" data-end=\"1199\">\n<p data-start=\"1119\" data-end=\"1199\">Toutes les photos de cette annonce sont des <strong data-start=\"1150\" data-end=\"1167\">Photos r\u00e9elles<\/strong> de la pi\u00e8ce que vous recevrez.<\/p>\n<\/li>\n<li data-start=\"1200\" data-end=\"1255\">\n<p data-start=\"1202\" data-end=\"1255\">Pas de doute\u00a0: ce que vous voyez est exactement ce que vous recevrez.<\/p>\n<\/li>\n<\/ul>\n<p data-start=\"1257\" data-end=\"1396\"><strong data-start=\"1257\" data-end=\"1266\">Remarque\u00a0:<\/strong> Cette liste ne comprend pas d&rsquo;instructions de remplacement \u00e9tape par \u00e9tape. Si vous avez besoin d&rsquo;aide, n&rsquo;h\u00e9sitez pas \u00e0 nous contacter.<\/p>\n","protected":false},"excerpt":{"rendered":"<p>Cache charni\u00e8re de remplacement pour HP EliteBook 840 G5. Pi\u00e8ce d&rsquo;origine pour ordinateur portable, id\u00e9ale pour r\u00e9parer ou restaurer l&rsquo;apparence d&rsquo;origine de votre appareil.<\/p>\n","protected":false},"featured_media":18626,"template":"","meta":[],"product_brand":[],"product_cat":[52],"product_tag":[],"class_list":{"0":"post-18563","1":"product","2":"type-product","3":"status-publish","4":"has-post-thumbnail","6":"product_cat-laptop-housing","8":"first","9":"instock","10":"taxable","11":"shipping-taxable","12":"purchasable","13":"product-type-simple"},"_links":{"self":[{"href":"https:\/\/boreait.com\/fr\/wp-json\/wp\/v2\/product\/18563","targetHints":{"allow":["GET"]}}],"collection":[{"href":"https:\/\/boreait.com\/fr\/wp-json\/wp\/v2\/product"}],"about":[{"href":"https:\/\/boreait.com\/fr\/wp-json\/wp\/v2\/types\/product"}],"wp:featuredmedia":[{"embeddable":true,"href":"https:\/\/boreait.com\/fr\/wp-json\/wp\/v2\/media\/18626"}],"wp:attachment":[{"href":"https:\/\/boreait.com\/fr\/wp-json\/wp\/v2\/media?parent=18563"}],"wp:term":[{"taxonomy":"product_brand","embeddable":true,"href":"https:\/\/boreait.com\/fr\/wp-json\/wp\/v2\/product_brand?post=18563"},{"taxonomy":"product_cat","embeddable":true,"href":"https:\/\/boreait.com\/fr\/wp-json\/wp\/v2\/product_cat?post=18563"},{"taxonomy":"product_tag","embeddable":true,"href":"https:\/\/boreait.com\/fr\/wp-json\/wp\/v2\/product_tag?post=18563"}],"curies":[{"name":"wp","href":"https:\/\/api.w.org\/{rel}","templated":true}]}}