{"id":18561,"date":"2025-09-17T08:00:47","date_gmt":"2025-09-17T06:00:47","guid":{"rendered":"https:\/\/boreait.com\/fr\/?post_type=product&#038;p=18561"},"modified":"2025-09-17T08:03:26","modified_gmt":"2025-09-17T06:03:26","slug":"haut-parleur-pour-ordinateur-portable-hp-elitebook-735-745-830-840-845-846-g5-g6-et-zbook-14u","status":"publish","type":"product","link":"https:\/\/boreait.com\/fr\/produit\/haut-parleur-pour-ordinateur-portable-hp-elitebook-735-745-830-840-845-846-g5-g6-et-zbook-14u\/","title":{"rendered":"Haut-parleur pour ordinateur portable HP EliteBook 735 745 830 840 845 846 G5 G6 et ZBook 14u"},"content":{"rendered":"<p data-start=\"650\" data-end=\"817\">Am\u00e9liorez ou restaurez les performances audio de votre ordinateur portable avec ce <strong data-start=\"711\" data-end=\"754\">haut-parleur de remplacement haute qualit\u00e9<\/strong>, con\u00e7u pour une large gamme de mod\u00e8les HP EliteBook et ZBook.<\/p>\n<p data-start=\"819\" data-end=\"845\">\u2705 <strong data-start=\"821\" data-end=\"843\">Mod\u00e8les compatibles\u00a0:<\/strong><\/p>\n<ul data-start=\"846\" data-end=\"962\">\n<li data-start=\"846\" data-end=\"899\">\n<p data-start=\"848\" data-end=\"899\">HP EliteBook 735, 745, 830, 836, 840, 845, 846 G5<\/p>\n<\/li>\n<li data-start=\"900\" data-end=\"933\">\n<p data-start=\"902\" data-end=\"933\">HP EliteBook 735, 830, 836 G6<\/p>\n<\/li>\n<li data-start=\"934\" data-end=\"962\">\n<p data-start=\"936\" data-end=\"962\">HP ZBook 14u (ls-ps1714)<\/p>\n<\/li>\n<\/ul>\n<p data-start=\"964\" data-end=\"992\">\ud83d\udd27 <strong data-start=\"967\" data-end=\"990\">Points forts du produit\u00a0:<\/strong><\/p>\n<ul data-start=\"993\" data-end=\"1214\">\n<li data-start=\"993\" data-end=\"1053\">\n<p data-start=\"995\" data-end=\"1053\">Pi\u00e8ce de rechange d&rsquo;origine pour ordinateur portable, pour des performances fiables.<\/p>\n<\/li>\n<li data-start=\"1054\" data-end=\"1111\">\n<p data-start=\"1056\" data-end=\"1111\">Qualit\u00e9 sonore claire et nette, id\u00e9ale pour une utilisation quotidienne.<\/p>\n<\/li>\n<li data-start=\"1112\" data-end=\"1174\">\n<p data-start=\"1114\" data-end=\"1174\">Parfaitement compatible avec les mod\u00e8les HP list\u00e9s\u00a0\u2014 aucune modification n\u00e9cessaire.<\/p>\n<\/li>\n<li data-start=\"1175\" data-end=\"1214\">\n<p data-start=\"1177\" data-end=\"1214\">Test\u00e9 et v\u00e9rifi\u00e9 avant Livraison<\/p>\n<\/li>\n<\/ul>\n<p data-start=\"1216\" data-end=\"1363\">\ud83d\udcf7 <strong data-start=\"1219\" data-end=\"1252\">Ce que vous voyez est ce que vous obtenez\u00a0:<\/strong><br data-start=\"1252\" data-end=\"1255\" \/>Toutes les photos de cette annonce repr\u00e9sentent le <strong data-start=\"1293\" data-end=\"1311\">produit r\u00e9el<\/strong> que vous recevrez. Vous pouvez donc acheter en toute confiance.<\/p>\n<p data-start=\"1365\" data-end=\"1587\">\ud83d\udca1 <strong data-start=\"1368\" data-end=\"1377\">Remarque\u00a0:<\/strong><br data-start=\"1377\" data-end=\"1380\" \/>Cette annonce concerne uniquement le haut-parleur de remplacement. Les instructions d&rsquo;installation ne sont pas incluses. Si vous avez besoin d&rsquo;aide pour d\u00e9terminer la compatibilit\u00e9 ou de conseils avant l&rsquo;achat, n&rsquo;h\u00e9sitez pas \u00e0 nous contacter.<\/p>\n<p data-start=\"1589\" data-end=\"1747\">Redonnez vie \u00e0 votre ordinateur portable avec ce haut-parleur de remplacement fiable pour HP EliteBook \/ ZBook, qui vous garantit un son clair et des performances durables.<\/p>\n","protected":false},"excerpt":{"rendered":"<p>Haut-parleur interne de remplacement pour ordinateur portable compatible avec les s\u00e9ries HP EliteBook G5 \/ G6 (735, 745, 830, 836, 840, 845, 846) et ZBook 14u. Pi\u00e8ce d&rsquo;ordinateur portable 100% test\u00e9e et authentique avec une sortie sonore claire.<\/p>\n","protected":false},"featured_media":18624,"template":"","meta":[],"product_brand":[],"product_cat":[54],"product_tag":[61],"class_list":{"0":"post-18561","1":"product","2":"type-product","3":"status-publish","4":"has-post-thumbnail","6":"product_cat-laptop-speakers","7":"product_tag-hp","9":"first","10":"instock","11":"taxable","12":"shipping-taxable","13":"purchasable","14":"product-type-simple"},"_links":{"self":[{"href":"https:\/\/boreait.com\/fr\/wp-json\/wp\/v2\/product\/18561","targetHints":{"allow":["GET"]}}],"collection":[{"href":"https:\/\/boreait.com\/fr\/wp-json\/wp\/v2\/product"}],"about":[{"href":"https:\/\/boreait.com\/fr\/wp-json\/wp\/v2\/types\/product"}],"wp:featuredmedia":[{"embeddable":true,"href":"https:\/\/boreait.com\/fr\/wp-json\/wp\/v2\/media\/18624"}],"wp:attachment":[{"href":"https:\/\/boreait.com\/fr\/wp-json\/wp\/v2\/media?parent=18561"}],"wp:term":[{"taxonomy":"product_brand","embeddable":true,"href":"https:\/\/boreait.com\/fr\/wp-json\/wp\/v2\/product_brand?post=18561"},{"taxonomy":"product_cat","embeddable":true,"href":"https:\/\/boreait.com\/fr\/wp-json\/wp\/v2\/product_cat?post=18561"},{"taxonomy":"product_tag","embeddable":true,"href":"https:\/\/boreait.com\/fr\/wp-json\/wp\/v2\/product_tag?post=18561"}],"curies":[{"name":"wp","href":"https:\/\/api.w.org\/{rel}","templated":true}]}}