{"id":18560,"date":"2025-09-17T08:00:46","date_gmt":"2025-09-17T06:00:46","guid":{"rendered":"https:\/\/boreait.com\/fr\/?post_type=product&#038;p=18560"},"modified":"2025-09-17T08:03:19","modified_gmt":"2025-09-17T06:03:19","slug":"carte-de-circuit-imprime-led-detat-pour-ordinateur-portable-dell-latitude-5490-piece-dorigine","status":"publish","type":"product","link":"https:\/\/boreait.com\/fr\/produit\/carte-de-circuit-imprime-led-detat-pour-ordinateur-portable-dell-latitude-5490-piece-dorigine\/","title":{"rendered":"Carte de circuit imprim\u00e9 LED d&rsquo;\u00e9tat pour ordinateur portable Dell Latitude 5490, pi\u00e8ce d&rsquo;origine"},"content":{"rendered":"<p data-start=\"568\" data-end=\"855\">Il s&rsquo;agit d&rsquo;une <strong data-start=\"578\" data-end=\"643\">carte de circuit imprim\u00e9 LED d&rsquo;indicateur d&rsquo;\u00e9tat Dell Latitude 5490 authentique<\/strong>, une <strong data-start=\"658\" data-end=\"673\">pi\u00e8ce essentielle pour ordinateur portable<\/strong> qui g\u00e8re les voyants d&rsquo;\u00e9tat avant de votre ordinateur portable Latitude 5490. Si les voyants LED de votre ordinateur portable ne fonctionnent pas correctement, cette carte de remplacement constitue une solution fiable.<\/p>\n<p data-start=\"857\" data-end=\"876\"><strong data-start=\"857\" data-end=\"874\">Principales caract\u00e9ristiques\u00a0:<\/strong><\/p>\n<ul data-start=\"877\" data-end=\"1165\">\n<li data-start=\"877\" data-end=\"917\">\n<p data-start=\"879\" data-end=\"917\">Mod\u00e8le compatible\u00a0: Dell Latitude 5490<\/p>\n<\/li>\n<li data-start=\"918\" data-end=\"1002\">\n<p data-start=\"920\" data-end=\"1002\">Fonction\u00a0: Contr\u00f4le les voyants LED d&rsquo;\u00e9tat (alimentation, batterie, Wi-Fi, etc.)<\/p>\n<\/li>\n<li data-start=\"1003\" data-end=\"1046\">\n<p data-start=\"1005\" data-end=\"1046\">Pi\u00e8ce de rechange authentique et test\u00e9e pour ordinateur portable<\/p>\n<\/li>\n<li data-start=\"1047\" data-end=\"1102\">\n<p data-start=\"1049\" data-end=\"1102\">Extrait d&rsquo;unit\u00e9s fonctionnelles et inspect\u00e9 pour la qualit\u00e9<\/p>\n<\/li>\n<li data-start=\"1103\" data-end=\"1165\">\n<p data-start=\"1105\" data-end=\"1165\">Photos r\u00e9elles incluses\u00a0: vous recevrez exactement ce que vous voyez.<\/p>\n<\/li>\n<\/ul>\n<p data-start=\"1167\" data-end=\"1499\"><strong data-start=\"1167\" data-end=\"1192\">Pourquoi choisir ce produit\u00a0? Pi\u00e8ce\u00a0?<\/strong><br data-start=\"1192\" data-end=\"1195\" \/>Pour que votre ordinateur portable reste pleinement fonctionnel, il faut des composants fiables. Ce circuit imprim\u00e9 de remplacement garantit que votre Dell Latitude 5490 continue d&rsquo;afficher des indicateurs syst\u00e8me pr\u00e9cis. C&rsquo;est la solution id\u00e9ale pour les techniciens, les ateliers de r\u00e9paration ou les bricoleurs qui ont besoin de <strong data-start=\"1461\" data-end=\"1477\">pi\u00e8ces d\u00e9tach\u00e9es pour ordinateur portable<\/strong> fiables et sans compromis.<\/p>\n<p data-start=\"1501\" data-end=\"1617\">\ud83d\udca1 <strong data-start=\"1504\" data-end=\"1513\">Remarque\u00a0:<\/strong> Les instructions d&rsquo;installation ne sont pas incluses. Pour plus d&rsquo;informations, n&rsquo;h\u00e9sitez pas \u00e0 nous contacter.<\/p>\n","protected":false},"excerpt":{"rendered":"<p>Carte LED d&rsquo;\u00e9tat d&rsquo;origine pour Dell Latitude 5490. Test\u00e9e \u00e0 100 %, fiable et pr\u00eate \u00e0 remplacer votre carte d\u00e9fectueuse. Photos du produit.<\/p>\n","protected":false},"featured_media":18618,"template":"","meta":[],"product_brand":[],"product_cat":[63],"product_tag":[53],"class_list":{"0":"post-18560","1":"product","2":"type-product","3":"status-publish","4":"has-post-thumbnail","6":"product_cat-motherboards-board-parts","7":"product_tag-dell","9":"first","10":"instock","11":"taxable","12":"shipping-taxable","13":"purchasable","14":"product-type-simple"},"_links":{"self":[{"href":"https:\/\/boreait.com\/fr\/wp-json\/wp\/v2\/product\/18560","targetHints":{"allow":["GET"]}}],"collection":[{"href":"https:\/\/boreait.com\/fr\/wp-json\/wp\/v2\/product"}],"about":[{"href":"https:\/\/boreait.com\/fr\/wp-json\/wp\/v2\/types\/product"}],"wp:featuredmedia":[{"embeddable":true,"href":"https:\/\/boreait.com\/fr\/wp-json\/wp\/v2\/media\/18618"}],"wp:attachment":[{"href":"https:\/\/boreait.com\/fr\/wp-json\/wp\/v2\/media?parent=18560"}],"wp:term":[{"taxonomy":"product_brand","embeddable":true,"href":"https:\/\/boreait.com\/fr\/wp-json\/wp\/v2\/product_brand?post=18560"},{"taxonomy":"product_cat","embeddable":true,"href":"https:\/\/boreait.com\/fr\/wp-json\/wp\/v2\/product_cat?post=18560"},{"taxonomy":"product_tag","embeddable":true,"href":"https:\/\/boreait.com\/fr\/wp-json\/wp\/v2\/product_tag?post=18560"}],"curies":[{"name":"wp","href":"https:\/\/api.w.org\/{rel}","templated":true}]}}