{"id":18552,"date":"2025-09-17T08:00:21","date_gmt":"2025-09-17T06:00:21","guid":{"rendered":"https:\/\/boreait.com\/fr\/?post_type=product&#038;p=18552"},"modified":"2025-09-17T08:03:12","modified_gmt":"2025-09-17T06:03:12","slug":"cable-daffichage-pour-hp-elitebook-820-g3-pieces-de-rechange-dorigine-pour-ordinateur-portable","status":"publish","type":"product","link":"https:\/\/boreait.com\/fr\/produit\/cable-daffichage-pour-hp-elitebook-820-g3-pieces-de-rechange-dorigine-pour-ordinateur-portable\/","title":{"rendered":"C\u00e2ble d&rsquo;affichage pour HP EliteBook 820 G3 \u2013 Pi\u00e8ces de rechange d&rsquo;origine pour ordinateur portable"},"content":{"rendered":"<p data-start=\"545\" data-end=\"912\">Am\u00e9liorez ou r\u00e9parez votre ordinateur portable avec ce <strong data-start=\"585\" data-end=\"622\">c\u00e2ble d&rsquo;\u00e9cran HP EliteBook 820 G3<\/strong>, une pi\u00e8ce de rechange fiable con\u00e7ue pour restaurer la fonctionnalit\u00e9 de votre \u00e9cran. Composant essentiel du syst\u00e8me d&rsquo;affichage de votre ordinateur portable, ce c\u00e2ble assure un transfert de signal stable entre la carte m\u00e8re et l&rsquo;\u00e9cran LCD, vous permettant ainsi de profiter d&rsquo;images nettes, sans scintillement ni distorsion.<\/p>\n<ul data-start=\"914\" data-end=\"1211\">\n<li data-start=\"914\" data-end=\"959\">\n<p data-start=\"916\" data-end=\"959\"><strong data-start=\"916\" data-end=\"937\">Mod\u00e8le compatible\u00a0:<\/strong> HP EliteBook 820 G3<\/p>\n<\/li>\n<li data-start=\"960\" data-end=\"1009\">\n<p data-start=\"962\" data-end=\"1009\"><strong data-start=\"962\" data-end=\"976\">Type de pi\u00e8ce\u00a0:<\/strong> C\u00e2ble d&rsquo;\u00e9cran \/ C\u00e2ble flexible LCD<\/p>\n<\/li>\n<li data-start=\"1010\" data-end=\"1056\">\n<p data-start=\"1012\" data-end=\"1056\"><strong data-start=\"1012\" data-end=\"1026\">\u00c9tat\u00a0:<\/strong> Pi\u00e8ce d&rsquo;ordinateur portable d&rsquo;origine et test\u00e9e<\/p>\n<\/li>\n<li data-start=\"1057\" data-end=\"1139\">\n<p data-start=\"1059\" data-end=\"1139\"><strong data-start=\"1059\" data-end=\"1072\">Utilisation\u00a0:<\/strong> Id\u00e9al pour r\u00e9parer les connexions d&rsquo;\u00e9cran cass\u00e9es, d\u00e9fectueuses ou endommag\u00e9es.<\/p>\n<\/li>\n<li data-start=\"1140\" data-end=\"1211\">\n<p data-start=\"1142\" data-end=\"1211\"><strong data-start=\"1142\" data-end=\"1164\">Qualit\u00e9 Garantie\u00a0: Photos r\u00e9elles de l&rsquo;article que vous recevrez.<\/p>\n<\/li>\n<\/ul>\n<p data-start=\"1213\" data-end=\"1492\">Ce c\u00e2ble est id\u00e9al si vous rencontrez des probl\u00e8mes tels qu&rsquo;un \u00e9cran noir, un scintillement ou des images d\u00e9form\u00e9es sur votre HP EliteBook 820 G3. Remplacer le c\u00e2ble par une pi\u00e8ce d&rsquo;origine pour ordinateur portable peut restaurer les performances de votre appareil sans avoir \u00e0 remplacer l&rsquo;\u00e9cran complet.<\/p>\n<p data-start=\"1494\" data-end=\"1607\">Remarque\u00a0: les instructions d&rsquo;installation ne sont pas fournies, mais si vous avez besoin d&rsquo;aide, vous pouvez nous contacter directement.<\/p>\n","protected":false},"excerpt":{"rendered":"<p>C\u00e2ble d&rsquo;affichage d&rsquo;origine pour HP EliteBook 820 G3. Pi\u00e8ce de rechange de haute qualit\u00e9 pour un affichage clair et stable de votre ordinateur portable.<\/p>\n","protected":false},"featured_media":18616,"template":"","meta":[],"product_brand":[],"product_cat":[56],"product_tag":[61],"class_list":{"0":"post-18552","1":"product","2":"type-product","3":"status-publish","4":"has-post-thumbnail","6":"product_cat-cables","7":"product_tag-hp","9":"first","10":"instock","11":"taxable","12":"shipping-taxable","13":"purchasable","14":"product-type-simple"},"_links":{"self":[{"href":"https:\/\/boreait.com\/fr\/wp-json\/wp\/v2\/product\/18552","targetHints":{"allow":["GET"]}}],"collection":[{"href":"https:\/\/boreait.com\/fr\/wp-json\/wp\/v2\/product"}],"about":[{"href":"https:\/\/boreait.com\/fr\/wp-json\/wp\/v2\/types\/product"}],"wp:featuredmedia":[{"embeddable":true,"href":"https:\/\/boreait.com\/fr\/wp-json\/wp\/v2\/media\/18616"}],"wp:attachment":[{"href":"https:\/\/boreait.com\/fr\/wp-json\/wp\/v2\/media?parent=18552"}],"wp:term":[{"taxonomy":"product_brand","embeddable":true,"href":"https:\/\/boreait.com\/fr\/wp-json\/wp\/v2\/product_brand?post=18552"},{"taxonomy":"product_cat","embeddable":true,"href":"https:\/\/boreait.com\/fr\/wp-json\/wp\/v2\/product_cat?post=18552"},{"taxonomy":"product_tag","embeddable":true,"href":"https:\/\/boreait.com\/fr\/wp-json\/wp\/v2\/product_tag?post=18552"}],"curies":[{"name":"wp","href":"https:\/\/api.w.org\/{rel}","templated":true}]}}