{"id":18551,"date":"2025-09-17T08:00:21","date_gmt":"2025-09-17T06:00:21","guid":{"rendered":"https:\/\/boreait.com\/fr\/?post_type=product&#038;p=18551"},"modified":"2025-09-17T08:03:09","modified_gmt":"2025-09-17T06:03:09","slug":"module-webcam-de-remplacement-pour-ordinateur-portable-hp-elitebook-820-g3-pieces-detachees","status":"publish","type":"product","link":"https:\/\/boreait.com\/fr\/produit\/module-webcam-de-remplacement-pour-ordinateur-portable-hp-elitebook-820-g3-pieces-detachees\/","title":{"rendered":"Module webcam de remplacement pour ordinateur portable HP EliteBook 820 G3 \u2013 Pi\u00e8ces d\u00e9tach\u00e9es"},"content":{"rendered":"<p data-start=\"519\" data-end=\"769\">Am\u00e9liorez ou r\u00e9parez votre ordinateur portable avec ce <strong data-start=\"559\" data-end=\"609\">module cam\u00e9ra d&rsquo;origine pour HP EliteBook 820 G3<\/strong>. Si votre webcam ne fonctionne plus, affiche une image floue ou n&rsquo;est pas d\u00e9tect\u00e9e par le syst\u00e8me, la remplacer par cette pi\u00e8ce d&rsquo;origine est la solution id\u00e9ale.<\/p>\n<p data-start=\"771\" data-end=\"977\">Cette <strong data-start=\"776\" data-end=\"813\">cam\u00e9ra pour ordinateur portable HP EliteBook 820 G3<\/strong> est soigneusement test\u00e9e et provient d&rsquo;ordinateurs portables en \u00e9tat de marche, garantissant ainsi son parfait fonctionnement. Con\u00e7u sp\u00e9cifiquement pour le mod\u00e8le 820 G3, sa compatibilit\u00e9 est garantie.<\/p>\n<p data-start=\"979\" data-end=\"1004\">\u2714 <strong data-start=\"981\" data-end=\"1002\">Caract\u00e9ristiques du produit\u00a0:<\/strong><\/p>\n<ul data-start=\"1005\" data-end=\"1207\">\n<li data-start=\"1005\" data-end=\"1050\">\n<p data-start=\"1007\" data-end=\"1050\">Mod\u00e8le compatible\u00a0: <strong data-start=\"1025\" data-end=\"1048\">HP EliteBook 820 G3<\/strong><\/p>\n<\/li>\n<li data-start=\"1051\" data-end=\"1099\">\n<p data-start=\"1053\" data-end=\"1099\">Type de pi\u00e8ce\u00a0: <strong data-start=\"1064\" data-end=\"1097\">Module cam\u00e9ra\/webcam pour ordinateur portable<\/strong><\/p>\n<\/li>\n<li data-start=\"1100\" data-end=\"1155\">\n<p data-start=\"1102\" data-end=\"1155\">\u00c9tat\u00a0: Enti\u00e8rement test\u00e9, en excellent \u00e9tat de fonctionnement.<\/p>\n<\/li>\n<li data-start=\"1156\" data-end=\"1207\">\n<p data-start=\"1158\" data-end=\"1207\">Remplacement id\u00e9al pour les webcams d\u00e9fectueuses ou endommag\u00e9es.<\/p>\n<\/li>\n<\/ul>\n<p data-start=\"1209\" data-end=\"1245\">\u2714 <strong data-start=\"1211\" data-end=\"1243\">Pourquoi choisir cette pi\u00e8ce pour ordinateur portable\u00a0:<\/strong><\/p>\n<ul data-start=\"1246\" data-end=\"1418\">\n<li data-start=\"1246\" data-end=\"1282\">\n<p data-start=\"1248\" data-end=\"1282\">Pi\u00e8ce de rechange HP 100 % authentique<\/p>\n<\/li>\n<li data-start=\"1283\" data-end=\"1355\">\n<p data-start=\"1285\" data-end=\"1355\">Restaure la qualit\u00e9 d&rsquo;origine de la cam\u00e9ra pour les appels vid\u00e9o et les r\u00e9unions en ligne.<\/p>\n<\/li>\n<li data-start=\"1356\" data-end=\"1418\">\n<p data-start=\"1358\" data-end=\"1418\">Prolongez la dur\u00e9e de vie de votre HP EliteBook \u00e0 moindre co\u00fbt.<\/p>\n<\/li>\n<\/ul>\n<p data-start=\"1420\" data-end=\"1497\">\ud83d\udcf7 <strong data-start=\"1423\" data-end=\"1432\">Remarque\u00a0:<\/strong> Les photos pr\u00e9sent\u00e9es repr\u00e9sentent la pi\u00e8ce d&rsquo;ordinateur portable que vous recevrez.<\/p>\n<p data-start=\"1499\" data-end=\"1640\">\ud83d\udd27 Nous ne fournissons pas d&rsquo;instructions d&rsquo;installation, mais si vous avez besoin d&rsquo;aide ou si vous avez des questions, n&rsquo;h\u00e9sitez pas \u00e0 nous contacter\u00a0; nous serons ravis de vous aider.<\/p>\n","protected":false},"excerpt":{"rendered":"<p data-start=\"334\" data-end=\"467\">Module cam\u00e9ra d&rsquo;origine pour HP EliteBook 820 G3. Pi\u00e8ce de rechange id\u00e9ale pour des appels vid\u00e9o clairs et une webcam fluide.<\/p>\n","protected":false},"featured_media":18615,"template":"","meta":[],"product_brand":[],"product_cat":[59],"product_tag":[61],"class_list":{"0":"post-18551","1":"product","2":"type-product","3":"status-publish","4":"has-post-thumbnail","6":"product_cat-laptop-camera","7":"product_tag-hp","9":"first","10":"instock","11":"taxable","12":"shipping-taxable","13":"purchasable","14":"product-type-simple"},"_links":{"self":[{"href":"https:\/\/boreait.com\/fr\/wp-json\/wp\/v2\/product\/18551","targetHints":{"allow":["GET"]}}],"collection":[{"href":"https:\/\/boreait.com\/fr\/wp-json\/wp\/v2\/product"}],"about":[{"href":"https:\/\/boreait.com\/fr\/wp-json\/wp\/v2\/types\/product"}],"wp:featuredmedia":[{"embeddable":true,"href":"https:\/\/boreait.com\/fr\/wp-json\/wp\/v2\/media\/18615"}],"wp:attachment":[{"href":"https:\/\/boreait.com\/fr\/wp-json\/wp\/v2\/media?parent=18551"}],"wp:term":[{"taxonomy":"product_brand","embeddable":true,"href":"https:\/\/boreait.com\/fr\/wp-json\/wp\/v2\/product_brand?post=18551"},{"taxonomy":"product_cat","embeddable":true,"href":"https:\/\/boreait.com\/fr\/wp-json\/wp\/v2\/product_cat?post=18551"},{"taxonomy":"product_tag","embeddable":true,"href":"https:\/\/boreait.com\/fr\/wp-json\/wp\/v2\/product_tag?post=18551"}],"curies":[{"name":"wp","href":"https:\/\/api.w.org\/{rel}","templated":true}]}}