{"id":18540,"date":"2025-09-17T07:59:52","date_gmt":"2025-09-17T05:59:52","guid":{"rendered":"https:\/\/boreait.com\/fr\/?post_type=product&#038;p=18540"},"modified":"2025-09-17T08:02:41","modified_gmt":"2025-09-17T06:02:41","slug":"cadre-avant-lcd-dorigine-pour-ordinateur-portable-hp-elitebook-820-g3-821658-001","status":"publish","type":"product","link":"https:\/\/boreait.com\/fr\/produit\/cadre-avant-lcd-dorigine-pour-ordinateur-portable-hp-elitebook-820-g3-821658-001\/","title":{"rendered":"Cadre avant LCD d&rsquo;origine pour ordinateur portable HP EliteBook 820 G3 821658-001"},"content":{"rendered":"<p data-start=\"535\" data-end=\"806\">Il s&rsquo;agit d&rsquo;un <strong data-start=\"546\" data-end=\"625\">cadre avant LCD d&rsquo;origine HP EliteBook 820 G3 (num\u00e9ro de pi\u00e8ce 821658-001)<\/strong>, con\u00e7u pour s&rsquo;adapter parfaitement \u00e0 la s\u00e9rie EliteBook 820 G3. Il s&rsquo;agit d&rsquo;une pi\u00e8ce d&rsquo;origine pour ordinateur portable qui garantit la m\u00eame durabilit\u00e9, le m\u00eame aspect et la m\u00eame compatibilit\u00e9 que le cadre d&rsquo;origine.<\/p>\n<p data-start=\"808\" data-end=\"1073\">\u2705 <strong data-start=\"810\" data-end=\"823\">\u00c9tat<\/strong>\u00a0: Pi\u00e8ce d&rsquo;origine HP<br data-start=\"841\" data-end=\"844\" \/>\u2705 <strong data-start=\"846\" data-end=\"863\">Compatibilit\u00e9<\/strong>\u00a0: S\u00e9rie EliteBook 820 G3<br data-start=\"888\" data-end=\"891\" \/>\u2705 <strong data-start=\"893\" data-end=\"908\">R\u00e9f\u00e9rence<\/strong>\u00a0: 821658-001<br data-start=\"920\" data-end=\"923\" \/>\u2705 <strong data-start=\"925\" data-end=\"937\">Cat\u00e9gorie<\/strong>\u00a0: Pi\u00e8ces pour ordinateur portable \u2013 Cadre avant de l&rsquo;\u00e9cran LCD<br data-start=\"975\" data-end=\"978\" \/>\u2705 <strong data-start=\"980\" data-end=\"990\">Photos<\/strong>\u00a0: Les images de cette annonce sont des photos r\u00e9elles du produit que vous recevrez.<\/p>\n<p data-start=\"1075\" data-end=\"1259\">Ce cadre est id\u00e9al pour remplacer un cadre endommag\u00e9 ou us\u00e9 de votre HP EliteBook 820 G3. Il maintient votre \u00e9cran en place tout en pr\u00e9servant l&rsquo;aspect impeccable et professionnel de votre ordinateur portable.<\/p>\n<p data-start=\"1261\" data-end=\"1391\">\ud83d\udccc Remarque\u00a0: les instructions d&rsquo;installation ne sont pas fournies, mais si vous avez besoin d&rsquo;aide, vous pouvez nous contacter \u00e0 tout moment pour obtenir de l&rsquo;aide.<\/p>\n<p data-start=\"1393\" data-end=\"1499\">Am\u00e9liorez ou r\u00e9parez votre appareil avec des pi\u00e8ces d\u00e9tach\u00e9es HP d&rsquo;origine pour ordinateur portable afin de garantir des performances et une long\u00e9vit\u00e9 optimales.<\/p>\n","protected":false},"excerpt":{"rendered":"<p>Cadre avant d&rsquo;\u00e9cran LCD d&rsquo;origine pour HP EliteBook 820 G3 (821658-001). Pi\u00e8ce de rechange de haute qualit\u00e9, test\u00e9e et en excellent \u00e9tat.<\/p>\n","protected":false},"featured_media":18604,"template":"","meta":[],"product_brand":[],"product_cat":[52],"product_tag":[61],"class_list":{"0":"post-18540","1":"product","2":"type-product","3":"status-publish","4":"has-post-thumbnail","6":"product_cat-laptop-housing","7":"product_tag-hp","9":"first","10":"instock","11":"taxable","12":"shipping-taxable","13":"purchasable","14":"product-type-simple"},"_links":{"self":[{"href":"https:\/\/boreait.com\/fr\/wp-json\/wp\/v2\/product\/18540","targetHints":{"allow":["GET"]}}],"collection":[{"href":"https:\/\/boreait.com\/fr\/wp-json\/wp\/v2\/product"}],"about":[{"href":"https:\/\/boreait.com\/fr\/wp-json\/wp\/v2\/types\/product"}],"wp:featuredmedia":[{"embeddable":true,"href":"https:\/\/boreait.com\/fr\/wp-json\/wp\/v2\/media\/18604"}],"wp:attachment":[{"href":"https:\/\/boreait.com\/fr\/wp-json\/wp\/v2\/media?parent=18540"}],"wp:term":[{"taxonomy":"product_brand","embeddable":true,"href":"https:\/\/boreait.com\/fr\/wp-json\/wp\/v2\/product_brand?post=18540"},{"taxonomy":"product_cat","embeddable":true,"href":"https:\/\/boreait.com\/fr\/wp-json\/wp\/v2\/product_cat?post=18540"},{"taxonomy":"product_tag","embeddable":true,"href":"https:\/\/boreait.com\/fr\/wp-json\/wp\/v2\/product_tag?post=18540"}],"curies":[{"name":"wp","href":"https:\/\/api.w.org\/{rel}","templated":true}]}}