{"id":18522,"date":"2025-09-17T07:59:27","date_gmt":"2025-09-17T05:59:27","guid":{"rendered":"https:\/\/boreait.com\/fr\/?post_type=product&#038;p=18522"},"modified":"2025-09-17T08:01:55","modified_gmt":"2025-09-17T06:01:55","slug":"pieces-dorigine-pour-ordinateur-portable-lenovo-thinkpad-yoga-260-ventilateur-de-refroidissement-et-dissipateur-thermique-00hn996","status":"publish","type":"product","link":"https:\/\/boreait.com\/fr\/produit\/pieces-dorigine-pour-ordinateur-portable-lenovo-thinkpad-yoga-260-ventilateur-de-refroidissement-et-dissipateur-thermique-00hn996\/","title":{"rendered":"Pi\u00e8ces d&rsquo;origine pour ordinateur portable Lenovo ThinkPad Yoga 260\u00a0: ventilateur de refroidissement et dissipateur thermique (00HN996)"},"content":{"rendered":"<p data-start=\"579\" data-end=\"831\">Ce <strong data-start=\"584\" data-end=\"641\">ventilateur de refroidissement et dissipateur thermique pour processeur Lenovo d&rsquo;origine (00HN996)<\/strong> est con\u00e7u pour le <strong data-start=\"662\" data-end=\"683\">ThinkPad Yoga 260<\/strong>. <strong data-start=\"700\" data-end=\"715\">Pi\u00e8ce de rechange pour ordinateur portable<\/strong> de haute qualit\u00e9, elle permet de r\u00e9guler la temp\u00e9rature de votre ordinateur portable, garantissant ainsi des performances stables lors d&rsquo;une utilisation quotidienne ou de charges de travail intenses.<\/p>\n<p data-start=\"833\" data-end=\"1095\">\u2705 <strong data-start=\"835\" data-end=\"856\">Mod\u00e8le compatible\u00a0:<\/strong> Lenovo ThinkPad Yoga 260<br data-start=\"881\" data-end=\"884\" \/>\u2705 <strong data-start=\"886\" data-end=\"902\">R\u00e9f\u00e9rence\u00a0:<\/strong> 00HN996<br data-start=\"910\" data-end=\"913\" \/>\u2705 <strong data-start=\"915\" data-end=\"924\">Type\u00a0:<\/strong> Ventilateur de refroidissement du processeur et Ensemble dissipateur thermique<br data-start=\"960\" data-end=\"963\" \/>\u2705 <strong data-start=\"965\" data-end=\"979\">\u00c9tat\u00a0:<\/strong> Original, test\u00e9 et en excellent \u00e9tat de fonctionnement.<br data-start=\"1027\" data-end=\"1030\" \/>\u2705 <strong data-start=\"1032\" data-end=\"1040\">Utilisation\u00a0:<\/strong> Pi\u00e8ce de rechange pour syst\u00e8mes de refroidissement d\u00e9fectueux ou bruyants.<\/p>\n<p data-start=\"1097\" data-end=\"1369\">Que votre Yoga 260 chauffe plus que d&rsquo;habitude, s&rsquo;\u00e9teigne inopin\u00e9ment ou que le ventilateur devienne bruyant, cet ensemble ventilateur et dissipateur thermique Lenovo d&rsquo;origine est la solution id\u00e9ale. Il r\u00e9tablit une bonne circulation de l&rsquo;air et une bonne dissipation de la chaleur, prolongeant ainsi la dur\u00e9e de vie de votre ordinateur portable.<\/p>\n<p data-start=\"1371\" data-end=\"1553\">\ud83d\udd39 <strong data-start=\"1374\" data-end=\"1446\">Les photos de cette annonce sont des images r\u00e9elles de la pi\u00e8ce que vous recevrez.<\/strong><br data-start=\"1446\" data-end=\"1449\" \/>\ud83d\udd39 <strong data-start=\"1452\" data-end=\"1551\">Aucune instruction d&rsquo;installation n&rsquo;est fournie, mais si vous avez besoin d&rsquo;aide, n&rsquo;h\u00e9sitez pas \u00e0 nous contacter.<\/strong><\/p>\n<p data-start=\"1555\" data-end=\"1652\">Am\u00e9liorez la fiabilit\u00e9 de votre ordinateur portable avec cette <strong data-start=\"1609\" data-end=\"1649\">pi\u00e8ce essentielle pour ordinateur portable Lenovo ThinkPad Yoga 260<\/strong>.<\/p>\n","protected":false},"excerpt":{"rendered":"<p>Maintenez votre Lenovo ThinkPad Yoga 260 au frais gr\u00e2ce \u00e0 ce ventilateur et dissipateur thermique d&rsquo;origine (00HN996). Ce composant fiable pour ordinateur portable est con\u00e7u pour pr\u00e9server les performances du syst\u00e8me et pr\u00e9venir la surchauffe.<\/p>\n","protected":false},"featured_media":18587,"template":"","meta":[],"product_brand":[],"product_cat":[69],"product_tag":[62],"class_list":{"0":"post-18522","1":"product","2":"type-product","3":"status-publish","4":"has-post-thumbnail","6":"product_cat-cpu-fans-heatsinks","7":"product_tag-lenovo","9":"first","10":"instock","11":"taxable","12":"shipping-taxable","13":"purchasable","14":"product-type-simple"},"_links":{"self":[{"href":"https:\/\/boreait.com\/fr\/wp-json\/wp\/v2\/product\/18522","targetHints":{"allow":["GET"]}}],"collection":[{"href":"https:\/\/boreait.com\/fr\/wp-json\/wp\/v2\/product"}],"about":[{"href":"https:\/\/boreait.com\/fr\/wp-json\/wp\/v2\/types\/product"}],"wp:featuredmedia":[{"embeddable":true,"href":"https:\/\/boreait.com\/fr\/wp-json\/wp\/v2\/media\/18587"}],"wp:attachment":[{"href":"https:\/\/boreait.com\/fr\/wp-json\/wp\/v2\/media?parent=18522"}],"wp:term":[{"taxonomy":"product_brand","embeddable":true,"href":"https:\/\/boreait.com\/fr\/wp-json\/wp\/v2\/product_brand?post=18522"},{"taxonomy":"product_cat","embeddable":true,"href":"https:\/\/boreait.com\/fr\/wp-json\/wp\/v2\/product_cat?post=18522"},{"taxonomy":"product_tag","embeddable":true,"href":"https:\/\/boreait.com\/fr\/wp-json\/wp\/v2\/product_tag?post=18522"}],"curies":[{"name":"wp","href":"https:\/\/api.w.org\/{rel}","templated":true}]}}