{"id":18521,"date":"2025-09-17T07:59:27","date_gmt":"2025-09-17T05:59:27","guid":{"rendered":"https:\/\/boreait.com\/fr\/?post_type=product&#038;p=18521"},"modified":"2025-09-17T08:01:51","modified_gmt":"2025-09-17T06:01:51","slug":"carte-mere-lenovo-thinkpad-yoga-260-i7-6500u-pieces-de-rechange-dorigine-pour-ordinateur-portable","status":"publish","type":"product","link":"https:\/\/boreait.com\/fr\/produit\/carte-mere-lenovo-thinkpad-yoga-260-i7-6500u-pieces-de-rechange-dorigine-pour-ordinateur-portable\/","title":{"rendered":"Carte m\u00e8re Lenovo ThinkPad Yoga 260 i7-6500U | Pi\u00e8ces de rechange d&rsquo;origine pour ordinateur portable"},"content":{"rendered":"<p data-start=\"499\" data-end=\"699\">Redonnez vie \u00e0 votre Lenovo ThinkPad Yoga 260 avec cette carte m\u00e8re de remplacement d&rsquo;origine. Soigneusement test\u00e9e et v\u00e9rifi\u00e9e, cette carte garantit des performances fiables et une compatibilit\u00e9 optimale avec votre appareil. Processeur\u00a0: i7-6500U<\/p>\n<p data-start=\"701\" data-end=\"965\">\u2714 <strong data-start=\"703\" data-end=\"717\">\u00c9tat\u00a0:<\/strong> 100\u00a0% authentique, enti\u00e8rement fonctionnel et qualit\u00e9 contr\u00f4l\u00e9e.<br data-start=\"766\" data-end=\"769\" \/>\u2714 <strong data-start=\"771\" data-end=\"789\">Compatibilit\u00e9\u00a0:<\/strong> Con\u00e7u sp\u00e9cifiquement pour le Lenovo ThinkPad Yoga 260.<br data-start=\"840\" data-end=\"843\" \/>\u2714 <strong data-start=\"845\" data-end=\"858\">Cat\u00e9gorie\u00a0:<\/strong> Pi\u00e8ces d\u00e9tach\u00e9es pour ordinateur portable \u2013 Carte m\u00e8re de remplacement.<br data-start=\"897\" data-end=\"900\" \/>\u2714 <strong data-start=\"902\" data-end=\"913\">Photos\u00a0:<\/strong> Photos r\u00e9elles de la pi\u00e8ce que vous avez achet\u00e9e. recevra<\/p>\n<p data-start=\"967\" data-end=\"1212\">Cette carte m\u00e8re est la solution id\u00e9ale si votre Yoga 260 rencontre des pannes mat\u00e9rielles ou des probl\u00e8mes de d\u00e9marrage. En rempla\u00e7ant la carte d\u00e9fectueuse, vous pouvez restaurer la vitesse, la stabilit\u00e9 et les fonctionnalit\u00e9s de votre ordinateur portable sans avoir \u00e0 acheter un nouvel appareil.<\/p>\n<p data-start=\"1214\" data-end=\"1352\">\ud83d\udca1 <em data-start=\"1217\" data-end=\"1350\">Remarque\u00a0: les instructions d&rsquo;installation ne sont pas incluses. Si vous avez besoin d&rsquo;aide, n&rsquo;h\u00e9sitez pas \u00e0 nous contacter\u00a0; nous serons ravis de vous aider.<\/em><\/p>\n","protected":false},"excerpt":{"rendered":"<p data-start=\"293\" data-end=\"446\">Carte m\u00e8re Lenovo ThinkPad Yoga 260 d&rsquo;origine, test\u00e9e et enti\u00e8rement fonctionnelle. Id\u00e9ale pour remplacer votre carte m\u00e8re d\u00e9fectueuse et restaurer les performances de votre ordinateur portable.<\/p>\n","protected":false},"featured_media":18585,"template":"","meta":[],"product_brand":[],"product_cat":[63],"product_tag":[62],"class_list":{"0":"post-18521","1":"product","2":"type-product","3":"status-publish","4":"has-post-thumbnail","6":"product_cat-motherboards-board-parts","7":"product_tag-lenovo","9":"first","10":"instock","11":"taxable","12":"shipping-taxable","13":"purchasable","14":"product-type-simple"},"_links":{"self":[{"href":"https:\/\/boreait.com\/fr\/wp-json\/wp\/v2\/product\/18521","targetHints":{"allow":["GET"]}}],"collection":[{"href":"https:\/\/boreait.com\/fr\/wp-json\/wp\/v2\/product"}],"about":[{"href":"https:\/\/boreait.com\/fr\/wp-json\/wp\/v2\/types\/product"}],"wp:featuredmedia":[{"embeddable":true,"href":"https:\/\/boreait.com\/fr\/wp-json\/wp\/v2\/media\/18585"}],"wp:attachment":[{"href":"https:\/\/boreait.com\/fr\/wp-json\/wp\/v2\/media?parent=18521"}],"wp:term":[{"taxonomy":"product_brand","embeddable":true,"href":"https:\/\/boreait.com\/fr\/wp-json\/wp\/v2\/product_brand?post=18521"},{"taxonomy":"product_cat","embeddable":true,"href":"https:\/\/boreait.com\/fr\/wp-json\/wp\/v2\/product_cat?post=18521"},{"taxonomy":"product_tag","embeddable":true,"href":"https:\/\/boreait.com\/fr\/wp-json\/wp\/v2\/product_tag?post=18521"}],"curies":[{"name":"wp","href":"https:\/\/api.w.org\/{rel}","templated":true}]}}