{"id":18520,"date":"2025-09-17T07:59:27","date_gmt":"2025-09-17T05:59:27","guid":{"rendered":"https:\/\/boreait.com\/fr\/?post_type=product&#038;p=18520"},"modified":"2025-09-17T08:01:44","modified_gmt":"2025-09-17T06:01:44","slug":"cable-de-bouton-dalimentation-et-de-volume-gintai-pour-ordinateur-portable-lenovo-thinkpad-yoga-260-20fd-20fe-20gs-20gt-dc020027c00","status":"publish","type":"product","link":"https:\/\/boreait.com\/fr\/produit\/cable-de-bouton-dalimentation-et-de-volume-gintai-pour-ordinateur-portable-lenovo-thinkpad-yoga-260-20fd-20fe-20gs-20gt-dc020027c00\/","title":{"rendered":"C\u00e2ble de bouton d&rsquo;alimentation et de volume GINTAI pour ordinateur portable Lenovo ThinkPad Yoga 260 20FD 20FE 20GS 20GT DC020027C00"},"content":{"rendered":"<p data-start=\"684\" data-end=\"898\">Vous recherchez un remplacement fiable pour votre Lenovo Yoga\u00a0? Ce <strong data-start=\"746\" data-end=\"788\">c\u00e2ble de carte de boutons d&rsquo;alimentation\/volume GINTAI<\/strong> est sp\u00e9cialement con\u00e7u pour les mod\u00e8les <strong data-start=\"818\" data-end=\"846\">Lenovo ThinkPad Yoga 260<\/strong>, notamment les <strong data-start=\"865\" data-end=\"895\">20FD, 20FE, 20GS et 20GT<\/strong>.<\/p>\n<p data-start=\"900\" data-end=\"1131\">\ud83d\udd39 <strong data-start=\"903\" data-end=\"919\">R\u00e9f\u00e9rence\u00a0:<\/strong> DC020027C00<br data-start=\"931\" data-end=\"934\" \/>\ud83d\udd39 <strong data-start=\"937\" data-end=\"946\">Type\u00a0:<\/strong> Pi\u00e8ces pour ordinateur portable \u2013 C\u00e2ble de carte de boutons d&rsquo;alimentation\/volume<br data-start=\"993\" data-end=\"996\" \/>\ud83d\udd39 <strong data-start=\"999\" data-end=\"1013\">\u00c9tat\u00a0:<\/strong> Pi\u00e8ce de rechange de haute qualit\u00e9.<br data-start=\"1043\" data-end=\"1046\" \/>\ud83d\udd39 <strong data-start=\"1049\" data-end=\"1067\">Compatibilit\u00e9\u00a0:<\/strong> Compatible avec les Lenovo ThinkPad Yoga s\u00e9rie 260 (20FD, 20FE, 20GS, 20GT).<\/p>\n<p data-start=\"1133\" data-end=\"1367\">Ce c\u00e2ble est un excellent choix si les boutons d&rsquo;alimentation ou de volume de votre ordinateur portable ne r\u00e9pondent plus en raison d&rsquo;une connexion d\u00e9fectueuse. Il est con\u00e7u pour un ajustement pr\u00e9cis et des performances stables, vous permettant de restaurer toutes les fonctionnalit\u00e9s de votre appareil.<\/p>\n<p data-start=\"1369\" data-end=\"1510\">\ud83d\udca1 <strong data-start=\"1372\" data-end=\"1388\">Remarque\u00a0:<\/strong> les instructions d&rsquo;installation ne sont pas incluses, mais si vous avez besoin d&rsquo;aide, n&rsquo;h\u00e9sitez pas \u00e0 nous contacter directement.<\/p>\n<p data-start=\"1512\" data-end=\"1571\">\ud83d\udcf8 <strong data-start=\"1515\" data-end=\"1569\">Les photos repr\u00e9sentent le produit r\u00e9el que vous recevrez.<\/strong><\/p>\n<p data-start=\"1573\" data-end=\"1670\">Am\u00e9liorez et r\u00e9parez votre Lenovo Yoga en toute confiance gr\u00e2ce \u00e0 cette pi\u00e8ce de rechange GINTAI de confiance.<\/p>\n","protected":false},"excerpt":{"rendered":"<p>Remplacez votre c\u00e2ble de carte bouton d&rsquo;alimentation\/volume d\u00e9fectueux ou endommag\u00e9 par ce c\u00e2ble de rechange GINTAI d&rsquo;origine pour Lenovo ThinkPad Yoga 260 (mod\u00e8les 20FD, 20FE, 20GS, 20GT). Ajustement parfait, qualit\u00e9 fiable.<\/p>\n","protected":false},"featured_media":18584,"template":"","meta":[],"product_brand":[],"product_cat":[56],"product_tag":[62],"class_list":{"0":"post-18520","1":"product","2":"type-product","3":"status-publish","4":"has-post-thumbnail","6":"product_cat-cables","7":"product_tag-lenovo","9":"first","10":"instock","11":"taxable","12":"shipping-taxable","13":"purchasable","14":"product-type-simple"},"_links":{"self":[{"href":"https:\/\/boreait.com\/fr\/wp-json\/wp\/v2\/product\/18520","targetHints":{"allow":["GET"]}}],"collection":[{"href":"https:\/\/boreait.com\/fr\/wp-json\/wp\/v2\/product"}],"about":[{"href":"https:\/\/boreait.com\/fr\/wp-json\/wp\/v2\/types\/product"}],"wp:featuredmedia":[{"embeddable":true,"href":"https:\/\/boreait.com\/fr\/wp-json\/wp\/v2\/media\/18584"}],"wp:attachment":[{"href":"https:\/\/boreait.com\/fr\/wp-json\/wp\/v2\/media?parent=18520"}],"wp:term":[{"taxonomy":"product_brand","embeddable":true,"href":"https:\/\/boreait.com\/fr\/wp-json\/wp\/v2\/product_brand?post=18520"},{"taxonomy":"product_cat","embeddable":true,"href":"https:\/\/boreait.com\/fr\/wp-json\/wp\/v2\/product_cat?post=18520"},{"taxonomy":"product_tag","embeddable":true,"href":"https:\/\/boreait.com\/fr\/wp-json\/wp\/v2\/product_tag?post=18520"}],"curies":[{"name":"wp","href":"https:\/\/api.w.org\/{rel}","templated":true}]}}