{"id":18518,"date":"2025-09-17T07:59:26","date_gmt":"2025-09-17T05:59:26","guid":{"rendered":"https:\/\/boreait.com\/fr\/?post_type=product&#038;p=18518"},"modified":"2025-09-17T08:01:33","modified_gmt":"2025-09-17T06:01:33","slug":"carte-bluetooth-sans-fil-dorigine-pour-ordinateur-portable-lenovo-thinkpad-l460-yoga-260-8260ngw-00jt532","status":"publish","type":"product","link":"https:\/\/boreait.com\/fr\/produit\/carte-bluetooth-sans-fil-dorigine-pour-ordinateur-portable-lenovo-thinkpad-l460-yoga-260-8260ngw-00jt532\/","title":{"rendered":"Carte Bluetooth sans fil d&rsquo;origine pour ordinateur portable Lenovo ThinkPad L460 Yoga 260 8260NGW 00JT532"},"content":{"rendered":"<p data-start=\"543\" data-end=\"737\">Cette <strong data-start=\"548\" data-end=\"633\">carte Bluetooth sans fil d&rsquo;origine pour Lenovo ThinkPad L460 (Intel 8260NGW, FRU 00JT532)<\/strong> est une pi\u00e8ce de rechange de haute qualit\u00e9 con\u00e7ue pour restaurer une connectivit\u00e9 sans fil fluide sur votre ordinateur portable.<\/p>\n<p data-start=\"739\" data-end=\"1041\">Que votre carte actuelle soit d\u00e9fectueuse ou que vous souhaitiez la remplacer pour une meilleure stabilit\u00e9, cette pi\u00e8ce Lenovo authentique garantit compatibilit\u00e9 et performances durables. La carte Intel Dual Band Wireless-AC 8260 offre des connexions Wi-Fi rapides et une prise en charge Bluetooth int\u00e9gr\u00e9e, pour un fonctionnement fluide de votre ThinkPad.<\/p>\n<p data-start=\"1043\" data-end=\"1066\">\u2705 <strong data-start=\"1045\" data-end=\"1064\">Sp\u00e9cifications\u00a0:<\/strong><\/p>\n<ul data-start=\"1067\" data-end=\"1298\">\n<li data-start=\"1067\" data-end=\"1092\">\n<p data-start=\"1069\" data-end=\"1092\">Marque\u00a0: Lenovo \/ Intel<\/p>\n<\/li>\n<li data-start=\"1093\" data-end=\"1111\">\n<p data-start=\"1095\" data-end=\"1111\">Mod\u00e8le\u00a0: 8260NGW<\/p>\n<\/li>\n<li data-start=\"1112\" data-end=\"1128\">\n<p data-start=\"1114\" data-end=\"1128\">FRU\u00a0: 00JT532<\/p>\n<\/li>\n<li data-start=\"1129\" data-end=\"1195\">\n<p data-start=\"1131\" data-end=\"1195\">Compatibilit\u00e9\u00a0: Lenovo ThinkPad L460 et certains mod\u00e8les ThinkPad \/ Yoga 260<\/p>\n<\/li>\n<li data-start=\"1196\" data-end=\"1245\">\n<p data-start=\"1198\" data-end=\"1245\">Caract\u00e9ristiques\u00a0: Wi-Fi double bande et prise en charge Bluetooth<\/p>\n<\/li>\n<li data-start=\"1246\" data-end=\"1298\">\n<p data-start=\"1248\" data-end=\"1298\">\u00c9tat\u00a0: Authentique, test\u00e9 et enti\u00e8rement fonctionnel.<\/p>\n<\/li>\n<\/ul>\n<p data-start=\"1300\" data-end=\"1330\">\ud83d\udca1 <strong data-start=\"1303\" data-end=\"1328\">Pourquoi choisir cette pi\u00e8ce\u00a0?<\/strong><\/p>\n<ul data-start=\"1331\" data-end=\"1558\">\n<li data-start=\"1331\" data-end=\"1387\">\n<p data-start=\"1333\" data-end=\"1387\">Pi\u00e8ce d&rsquo;ordinateur portable Lenovo 100\u00a0% authentique (il ne s&rsquo;agit pas d&rsquo;une copie g\u00e9n\u00e9rique)<\/p>\n<\/li>\n<li data-start=\"1388\" data-end=\"1453\">\n<p data-start=\"1390\" data-end=\"1453\">Con\u00e7u pour un ajustement et une compatibilit\u00e9 parfaits avec le ThinkPad L460<\/p>\n<\/li>\n<li data-start=\"1454\" data-end=\"1525\">\n<p data-start=\"1456\" data-end=\"1525\">Photos r\u00e9elles du produit\u00a0: vous recevrez exactement ce que vous voyez<\/p>\n<\/li>\n<li data-start=\"1526\" data-end=\"1558\">\n<p data-start=\"1528\" data-end=\"1558\">Livraison internationale disponible<\/p>\n<\/li>\n<\/ul>\n<p data-start=\"1560\" data-end=\"1739\">\ud83d\udce9 <strong data-start=\"1563\" data-end=\"1577\">Besoin d&rsquo;aide\u00a0?<\/strong><br data-start=\"1577\" Nous ne fournissons pas d\u2019instructions de remplacement \u00e9tape par \u00e9tape, mais si vous avez besoin de conseils avant ou apr\u00e8s l\u2019achat, n\u2019h\u00e9sitez pas \u00e0 nous envoyer un message et nous serons heureux de vous aider.\n<\/p>\n","protected":false},"excerpt":{"rendered":"<p>Am\u00e9liorez votre Lenovo ThinkPad L460 avec la carte Bluetooth sans fil Intel 8260NGW d&rsquo;origine (FRU 00JT532). Performances fiables, connectivit\u00e9 rapide et pi\u00e8ce d&rsquo;ordinateur portable 100 % d&rsquo;origine.<\/p>\n","protected":false},"featured_media":18577,"template":"","meta":[],"product_brand":[],"product_cat":[63],"product_tag":[62],"class_list":{"0":"post-18518","1":"product","2":"type-product","3":"status-publish","4":"has-post-thumbnail","6":"product_cat-motherboards-board-parts","7":"product_tag-lenovo","9":"first","10":"instock","11":"taxable","12":"shipping-taxable","13":"purchasable","14":"product-type-simple"},"_links":{"self":[{"href":"https:\/\/boreait.com\/fr\/wp-json\/wp\/v2\/product\/18518","targetHints":{"allow":["GET"]}}],"collection":[{"href":"https:\/\/boreait.com\/fr\/wp-json\/wp\/v2\/product"}],"about":[{"href":"https:\/\/boreait.com\/fr\/wp-json\/wp\/v2\/types\/product"}],"wp:featuredmedia":[{"embeddable":true,"href":"https:\/\/boreait.com\/fr\/wp-json\/wp\/v2\/media\/18577"}],"wp:attachment":[{"href":"https:\/\/boreait.com\/fr\/wp-json\/wp\/v2\/media?parent=18518"}],"wp:term":[{"taxonomy":"product_brand","embeddable":true,"href":"https:\/\/boreait.com\/fr\/wp-json\/wp\/v2\/product_brand?post=18518"},{"taxonomy":"product_cat","embeddable":true,"href":"https:\/\/boreait.com\/fr\/wp-json\/wp\/v2\/product_cat?post=18518"},{"taxonomy":"product_tag","embeddable":true,"href":"https:\/\/boreait.com\/fr\/wp-json\/wp\/v2\/product_tag?post=18518"}],"curies":[{"name":"wp","href":"https:\/\/api.w.org\/{rel}","templated":true}]}}