{"id":18517,"date":"2025-09-17T07:59:26","date_gmt":"2025-09-17T05:59:26","guid":{"rendered":"https:\/\/boreait.com\/fr\/?post_type=product&#038;p=18517"},"modified":"2025-09-17T08:01:28","modified_gmt":"2025-09-17T06:01:28","slug":"pieces-detachees-pour-ordinateur-portable-lenovo-thinkpad-x380-yoga-260-133-ensemble-de-haut-parleurs-internes-gauche-et-droit-pk23000re00","status":"publish","type":"product","link":"https:\/\/boreait.com\/fr\/produit\/pieces-detachees-pour-ordinateur-portable-lenovo-thinkpad-x380-yoga-260-133-ensemble-de-haut-parleurs-internes-gauche-et-droit-pk23000re00\/","title":{"rendered":"Pi\u00e8ces d\u00e9tach\u00e9es pour ordinateur portable Lenovo ThinkPad X380 Yoga 260 13,3&Prime; | Ensemble de haut-parleurs internes gauche et droit PK23000RE00"},"content":{"rendered":"<p data-start=\"487\" data-end=\"763\">Am\u00e9liorez ou restaurez la qualit\u00e9 sonore de votre Lenovo ThinkPad X380 Yoga 13,3&Prime; avec ce <strong data-start=\"583\" data-end=\"627\">ensemble de haut-parleurs gauche et droit (PK23000RE00)<\/strong> d&rsquo;origine. Con\u00e7us sp\u00e9cifiquement pour la s\u00e9rie X380 Yoga, ces composants pour ordinateur portable offrent un son clair et \u00e9quilibr\u00e9, identique \u00e0 l&rsquo;original.<\/p>\n<p data-start=\"765\" data-end=\"1064\">\u2705 <strong data-start=\"767\" data-end=\"788\">Mod\u00e8le compatible\u00a0:<\/strong> Lenovo ThinkPad X380 Yoga (13,3&Prime;)\/ Yoga 260\u00a0<br data-start=\"822\" data-end=\"825\" \/>\u2705 <strong data-start=\"827\" data-end=\"843\">R\u00e9f\u00e9rence\u00a0:<\/strong> PK23000RE00<br data-start=\"855\" data-end=\"858\" \/>\u2705 <strong data-start=\"860\" data-end=\"873\">Comprend\u00a0:<\/strong> Gauche et Haut-parleurs internes droits (paire)<br data-start=\"911\" data-end=\"914\" \/>\u2705 <strong data-start=\"916\" data-end=\"930\">\u00c9tat\u00a0:<\/strong> Authentiques, enti\u00e8rement test\u00e9s et en excellent \u00e9tat de fonctionnement.<br data-start=\"984\" data-end=\"987\" \/>\u2705 <strong data-start=\"989\" data-end=\"997\">Utilisation\u00a0:<\/strong> Remplacement id\u00e9al pour les haut-parleurs d&rsquo;ordinateur portable endommag\u00e9s, d\u00e9fectueux ou faibles.<\/p>\n<p data-start=\"1066\" data-end=\"1301\">Toutes les photos de cette annonce sont des <strong data-start=\"1097\" data-end=\"1131\">images r\u00e9elles des pi\u00e8ces exactes<\/strong> que vous recevrez, vous permettant ainsi de savoir exactement ce que vous achetez. Les instructions d&rsquo;installation ne sont pas incluses, mais si vous avez besoin de conseils suppl\u00e9mentaires, n&rsquo;h\u00e9sitez pas \u00e0 nous contacter.<\/p>\n<p data-start=\"1303\" data-end=\"1413\">Redonnez vie \u00e0 votre ThinkPad gr\u00e2ce \u00e0 des pi\u00e8ces d&rsquo;ordinateur portable fiables et originales, con\u00e7ues pour des performances durables.<\/p>\n","protected":false},"excerpt":{"rendered":"<p>Ensemble de haut-parleurs internes gauche et droit de remplacement (PK23000RE00) pour Lenovo ThinkPad X380 Yoga 13,3&Prime;. Pi\u00e8ces d&rsquo;ordinateur portable d&rsquo;origine, test\u00e9es et pr\u00eates \u00e0 installer.<\/p>\n","protected":false},"featured_media":18576,"template":"","meta":[],"product_brand":[],"product_cat":[54],"product_tag":[62],"class_list":{"0":"post-18517","1":"product","2":"type-product","3":"status-publish","4":"has-post-thumbnail","6":"product_cat-laptop-speakers","7":"product_tag-lenovo","9":"first","10":"instock","11":"taxable","12":"shipping-taxable","13":"purchasable","14":"product-type-simple"},"_links":{"self":[{"href":"https:\/\/boreait.com\/fr\/wp-json\/wp\/v2\/product\/18517","targetHints":{"allow":["GET"]}}],"collection":[{"href":"https:\/\/boreait.com\/fr\/wp-json\/wp\/v2\/product"}],"about":[{"href":"https:\/\/boreait.com\/fr\/wp-json\/wp\/v2\/types\/product"}],"wp:featuredmedia":[{"embeddable":true,"href":"https:\/\/boreait.com\/fr\/wp-json\/wp\/v2\/media\/18576"}],"wp:attachment":[{"href":"https:\/\/boreait.com\/fr\/wp-json\/wp\/v2\/media?parent=18517"}],"wp:term":[{"taxonomy":"product_brand","embeddable":true,"href":"https:\/\/boreait.com\/fr\/wp-json\/wp\/v2\/product_brand?post=18517"},{"taxonomy":"product_cat","embeddable":true,"href":"https:\/\/boreait.com\/fr\/wp-json\/wp\/v2\/product_cat?post=18517"},{"taxonomy":"product_tag","embeddable":true,"href":"https:\/\/boreait.com\/fr\/wp-json\/wp\/v2\/product_tag?post=18517"}],"curies":[{"name":"wp","href":"https:\/\/api.w.org\/{rel}","templated":true}]}}