{"id":18507,"date":"2025-09-17T07:59:04","date_gmt":"2025-09-17T05:59:04","guid":{"rendered":"https:\/\/boreait.com\/fr\/?post_type=product&#038;p=18507"},"modified":"2025-09-17T08:01:23","modified_gmt":"2025-09-17T06:01:23","slug":"lecteur-dempreintes-digitales-oem-pour-ordinateur-portable-lenovo-x1-carbon-4e-generation-yoga-260-sc50f54325-avec-cable","status":"publish","type":"product","link":"https:\/\/boreait.com\/fr\/produit\/lecteur-dempreintes-digitales-oem-pour-ordinateur-portable-lenovo-x1-carbon-4e-generation-yoga-260-sc50f54325-avec-cable\/","title":{"rendered":"Lecteur d&#8217;empreintes digitales OEM pour ordinateur portable Lenovo X1 Carbon 4e g\u00e9n\u00e9ration \/ Yoga 260 SC50F54325 avec c\u00e2ble"},"content":{"rendered":"<p data-start=\"662\" data-end=\"898\">Mettez \u00e0 niveau ou restaurez votre Lenovo X1 Carbon 4e g\u00e9n\u00e9ration \/ Yoga 260 avec ce <strong data-start=\"721\" data-end=\"792\">module de lecteur d&#8217;empreintes digitales OEM d&rsquo;origine (SC50F54325) avec c\u00e2ble inclus<\/strong>. Cette pi\u00e8ce de haute qualit\u00e9 pour ordinateur portable garantit une connexion biom\u00e9trique s\u00e9curis\u00e9e, garantissant ainsi la commodit\u00e9 et la s\u00e9curit\u00e9 de votre syst\u00e8me.<\/p>\n<ul data-start=\"900\" data-end=\"1198\">\n<li data-start=\"900\" data-end=\"959\">\n<p data-start=\"902\" data-end=\"959\"><strong data-start=\"902\" data-end=\"922\">Mod\u00e8le compatible<\/strong>\u00a0: Lenovo ThinkPad X1 Carbon 4e g\u00e9n\u00e9ration \/ Yoga 260<\/p>\n<\/li>\n<li data-start=\"960\" data-end=\"991\">\n<p data-start=\"962\" data-end=\"991\"><strong data-start=\"962\" data-end=\"977\">R\u00e9f\u00e9rence<\/strong>\u00a0: SC50F54325<\/p>\n<\/li>\n<li data-start=\"992\" data-end=\"1054\">\n<p data-start=\"994\" data-end=\"1054\"><strong data-start=\"994\" data-end=\"1006\">Inclus<\/strong>\u00a0: Module de lecteur d&#8217;empreintes digitales + c\u00e2ble de connexion<\/p>\n<\/li>\n<li data-start=\"1055\" data-end=\"1107\">\n<p data-start=\"1057\" data-end=\"1107\"><strong data-start=\"1057\" data-end=\"1070\">\u00c9tat<\/strong>\u00a0: Pi\u00e8ce de rechange 100\u00a0% d&rsquo;origine OEM<\/p>\n<\/li>\n<li data-start=\"1108\" data-end=\"1198\">\n<p data-start=\"1110\" data-end=\"1198\"><strong data-start=\"1110\" data-end=\"1122\">Cas d&rsquo;utilisation<\/strong>\u00a0: Id\u00e9al si votre lecteur d&#8217;empreintes digitales actuel est d\u00e9fectueux. endommag\u00e9 ou manquant<\/p>\n<\/li>\n<\/ul>\n<p data-start=\"1200\" data-end=\"1342\">Toutes les photos pr\u00e9sent\u00e9es repr\u00e9sentent les <strong data-start=\"1228\" data-end=\"1250\">pi\u00e8ces d&rsquo;ordinateur portable<\/strong> que vous recevrez\u00a0; aucune image d&rsquo;archive n&rsquo;est disponible. Vous savez ainsi exactement ce que vous achetez.<\/p>\n<p data-start=\"1344\" data-end=\"1503\">Remarque\u00a0: nous ne fournissons pas d&rsquo;instructions d&rsquo;installation. Si vous avez besoin de conseils suppl\u00e9mentaires concernant la compatibilit\u00e9 ou l&rsquo;installation, n&rsquo;h\u00e9sitez pas \u00e0 nous contacter \u00e0 tout moment.<\/p>\n<p data-start=\"1505\" data-end=\"1610\">Retrouvez la s\u00e9curit\u00e9 et la commodit\u00e9 de la connexion par empreinte digitale avec ce remplacement OEM Lenovo fiable.<\/p>\n","protected":false},"excerpt":{"rendered":"<p>Module de lecteur d&#8217;empreintes digitales d&rsquo;origine pour Lenovo X1 Carbon 4e g\u00e9n\u00e9ration (SC50F54325) avec c\u00e2ble. Pi\u00e8ce de rechange id\u00e9ale pour restaurer la connexion par empreinte digitale. Photos authentiques, pi\u00e8ce d&rsquo;ordinateur portable fiable.<\/p>\n","protected":false},"featured_media":18575,"template":"","meta":[],"product_brand":[],"product_cat":[63],"product_tag":[62],"class_list":{"0":"post-18507","1":"product","2":"type-product","3":"status-publish","4":"has-post-thumbnail","6":"product_cat-motherboards-board-parts","7":"product_tag-lenovo","9":"first","10":"instock","11":"taxable","12":"shipping-taxable","13":"purchasable","14":"product-type-simple"},"_links":{"self":[{"href":"https:\/\/boreait.com\/fr\/wp-json\/wp\/v2\/product\/18507","targetHints":{"allow":["GET"]}}],"collection":[{"href":"https:\/\/boreait.com\/fr\/wp-json\/wp\/v2\/product"}],"about":[{"href":"https:\/\/boreait.com\/fr\/wp-json\/wp\/v2\/types\/product"}],"wp:featuredmedia":[{"embeddable":true,"href":"https:\/\/boreait.com\/fr\/wp-json\/wp\/v2\/media\/18575"}],"wp:attachment":[{"href":"https:\/\/boreait.com\/fr\/wp-json\/wp\/v2\/media?parent=18507"}],"wp:term":[{"taxonomy":"product_brand","embeddable":true,"href":"https:\/\/boreait.com\/fr\/wp-json\/wp\/v2\/product_brand?post=18507"},{"taxonomy":"product_cat","embeddable":true,"href":"https:\/\/boreait.com\/fr\/wp-json\/wp\/v2\/product_cat?post=18507"},{"taxonomy":"product_tag","embeddable":true,"href":"https:\/\/boreait.com\/fr\/wp-json\/wp\/v2\/product_tag?post=18507"}],"curies":[{"name":"wp","href":"https:\/\/api.w.org\/{rel}","templated":true}]}}