{"id":18505,"date":"2025-09-17T07:59:04","date_gmt":"2025-09-17T05:59:04","guid":{"rendered":"https:\/\/boreait.com\/fr\/?post_type=product&#038;p=18505"},"modified":"2025-09-17T08:01:15","modified_gmt":"2025-09-17T06:01:15","slug":"clavier-lenovo-yoga-260-00pa218-st084-v152020ak1-disposition-allemande-retroeclaire-sn20h35127","status":"publish","type":"product","link":"https:\/\/boreait.com\/fr\/produit\/clavier-lenovo-yoga-260-00pa218-st084-v152020ak1-disposition-allemande-retroeclaire-sn20h35127\/","title":{"rendered":"Clavier Lenovo Yoga 260 00PA218 ST084 V152020AK1, disposition allemande, r\u00e9tro\u00e9clair\u00e9, SN20H35127"},"content":{"rendered":"<p data-start=\"703\" data-end=\"955\">Am\u00e9liorez votre Lenovo Yoga 260 avec ce <strong data-start=\"742\" data-end=\"774\">clavier de remplacement authentique<\/strong>, con\u00e7u pour offrir le m\u00eame confort et la m\u00eame fiabilit\u00e9 que l&rsquo;original. Cette pi\u00e8ce est un excellent choix pour quiconque a besoin d&rsquo;un remplacement durable pour un clavier d\u00e9fectueux ou endommag\u00e9.<\/p>\n<p data-start=\"957\" data-end=\"1228\">\ud83d\udd39 <strong data-start=\"960\" data-end=\"977\">Compatibilit\u00e9<\/strong>\u00a0: Lenovo Yoga s\u00e9rie 260<br data-start=\"1001\" data-end=\"1004\" \/>\ud83d\udd39 <strong data-start=\"1007\" data-end=\"1023\">R\u00e9f\u00e9rences<\/strong>\u00a0: 00PA218, ST084, V152020AK1, SN20H35127<br data-start=\"1063\" data-end=\"1066\" \/>\ud83d\udd39 <strong data-start=\"1069\" data-end=\"1079\">Disposition<\/strong>\u00a0: Allemand (QWERTZ) \/ r\u00e9tro\u00e9clair\u00e9<br data-start=\"1096\" data-end=\"1099\" \/>\ud83d\udd39 <strong data-start=\"1102\" data-end=\"1115\">\u00c9tat<\/strong>\u00a0: Pi\u00e8ce de rechange d&rsquo;origine\u00a0\u2013 des photos du clavier sont fournies pour que vous sachiez exactement ce que vous recevrez.<\/p>\n<p data-start=\"1230\" data-end=\"1508\">Cette <strong data-start=\"1248\" data-end=\"1263\">pi\u00e8ce d\u00e9tach\u00e9e pour ordinateur portable<\/strong> de haute qualit\u00e9 est con\u00e7ue pour un ajustement et un fonctionnement parfaits, ce qui en fait un remplacement essentiel pour votre Lenovo Yoga 260. Que vos touches soient inactives, cass\u00e9es ou manquantes, ce clavier garantit une frappe fluide et restaure le parfait \u00e9tat de fonctionnement de votre ordinateur portable.<\/p>\n<p data-start=\"1510\" data-end=\"1611\">\ud83d\udce6 <strong data-start=\"1513\" data-end=\"1529\">Ce que vous obtenez<\/strong>\u00a0: Un clavier allemand pour Lenovo Yoga 260, identique \u00e0 celui pr\u00e9sent\u00e9 sur la photo. Photos.<\/p>\n<p data-start=\"1613\" data-end=\"1732\">\ud83d\udc49 Remarque\u00a0: les instructions d&rsquo;installation ne sont pas incluses. Si vous avez besoin d&rsquo;aide, n&rsquo;h\u00e9sitez pas \u00e0 nous contacter.<\/p>\n","protected":false},"excerpt":{"rendered":"<p>Clavier de remplacement d&rsquo;origine pour Lenovo Yoga 260 (disposition allemande). Compatible avec les r\u00e9f\u00e9rences 00PA218, ST084, V152020AK1 et SN20H35127. Id\u00e9al pour r\u00e9parer ou remplacer le clavier endommag\u00e9 de votre ordinateur portable.<\/p>\n","protected":false},"featured_media":18572,"template":"","meta":[],"product_brand":[],"product_cat":[71],"product_tag":[62],"class_list":{"0":"post-18505","1":"product","2":"type-product","3":"status-publish","4":"has-post-thumbnail","6":"product_cat-laptop-keyboard","7":"product_tag-lenovo","9":"first","10":"instock","11":"taxable","12":"shipping-taxable","13":"purchasable","14":"product-type-simple"},"_links":{"self":[{"href":"https:\/\/boreait.com\/fr\/wp-json\/wp\/v2\/product\/18505","targetHints":{"allow":["GET"]}}],"collection":[{"href":"https:\/\/boreait.com\/fr\/wp-json\/wp\/v2\/product"}],"about":[{"href":"https:\/\/boreait.com\/fr\/wp-json\/wp\/v2\/types\/product"}],"wp:featuredmedia":[{"embeddable":true,"href":"https:\/\/boreait.com\/fr\/wp-json\/wp\/v2\/media\/18572"}],"wp:attachment":[{"href":"https:\/\/boreait.com\/fr\/wp-json\/wp\/v2\/media?parent=18505"}],"wp:term":[{"taxonomy":"product_brand","embeddable":true,"href":"https:\/\/boreait.com\/fr\/wp-json\/wp\/v2\/product_brand?post=18505"},{"taxonomy":"product_cat","embeddable":true,"href":"https:\/\/boreait.com\/fr\/wp-json\/wp\/v2\/product_cat?post=18505"},{"taxonomy":"product_tag","embeddable":true,"href":"https:\/\/boreait.com\/fr\/wp-json\/wp\/v2\/product_tag?post=18505"}],"curies":[{"name":"wp","href":"https:\/\/api.w.org\/{rel}","templated":true}]}}