{"id":18501,"date":"2025-09-17T07:59:03","date_gmt":"2025-09-17T05:59:03","guid":{"rendered":"https:\/\/boreait.com\/fr\/?post_type=product&#038;p=18501"},"modified":"2025-09-17T08:00:42","modified_gmt":"2025-09-17T06:00:42","slug":"pave-tactile-dorigine-pour-ordinateur-portable-lenovo-thinkpad-yoga-260-00ur916-b152420b2s","status":"publish","type":"product","link":"https:\/\/boreait.com\/fr\/produit\/pave-tactile-dorigine-pour-ordinateur-portable-lenovo-thinkpad-yoga-260-00ur916-b152420b2s\/","title":{"rendered":"Pav\u00e9 tactile d&rsquo;origine pour ordinateur portable Lenovo ThinkPad Yoga 260 (00UR916 B152420B2S)"},"content":{"rendered":"<p data-start=\"645\" data-end=\"940\">Am\u00e9liorez votre ordinateur portable avec ce <strong data-start=\"675\" data-end=\"725\">pav\u00e9 tactile Lenovo d&rsquo;origine pour ThinkPad Yoga 260<\/strong>.<br data-start=\"726\" data-end=\"729\" \/>Compatible avec les r\u00e9f\u00e9rences <strong data-start=\"758\" data-end=\"769\">00UR916<\/strong> et <strong data-start=\"774\" data-end=\"788\">B152420B2S<\/strong>, cette pi\u00e8ce d&rsquo;origine pour ordinateur portable garantit une navigation pr\u00e9cise, une r\u00e9activit\u00e9 fluide et un remplacement fiable si votre ancien pav\u00e9 tactile est us\u00e9 ou endommag\u00e9.<\/p>\n<ul data-start=\"942\" data-end=\"1202\">\n<li data-start=\"942\" data-end=\"997\">\n<p data-start=\"944\" data-end=\"997\">\u2705 <strong data-start=\"946\" data-end=\"970\">Mod\u00e8les compatibles\u00a0: Lenovo ThinkPad Yoga 260<\/p>\n<\/li>\n<li data-start=\"998\" data-end=\"1041\">\n<p data-start=\"1000\" data-end=\"1041\">\u2705 <strong data-start=\"1002\" data-end=\"1019\">R\u00e9f\u00e9rences\u00a0: 00UR916, B152420B2S<\/p>\n<\/li>\n<li data-start=\"1042\" data-end=\"1116\">\n<p data-start=\"1044\" data-end=\"1116\">\u2705 <strong data-start=\"1046\" data-end=\"1060\">\u00c9tat\u00a0: Authentique, enti\u00e8rement test\u00e9 et en excellent \u00e9tat de fonctionnement Commande<\/p>\n<\/li>\n<li data-start=\"1117\" data-end=\"1202\">\n<p data-start=\"1119\" data-end=\"1202\">\u2705 <strong data-start=\"1121\" data-end=\"1134\">Cas d&rsquo;utilisation\u00a0:<\/strong> Remplacement id\u00e9al pour les pav\u00e9s tactiles d\u00e9fectueux, cass\u00e9s ou qui ne r\u00e9pondent plus.<\/p>\n<\/li>\n<\/ul>\n<p data-start=\"1204\" data-end=\"1318\">Cet article fait partie de notre collection de <strong data-start=\"1229\" data-end=\"1258\">pi\u00e8ces d\u00e9tach\u00e9es pour ordinateurs portables de haute qualit\u00e9<\/strong>, auxquelles nos utilisateurs font confiance en Europe et dans le monde entier.<\/p>\n<p data-start=\"1320\" data-end=\"1557\">\ud83d\udcf8 <em data-start=\"1323\" data-end=\"1405\">Toutes les photos de l&rsquo;annonce sont r\u00e9elles et montrent le pav\u00e9 tactile exact. vous recevrez.<\/em><br data-start=\"1405\" data-end=\"1408\" \/>\ud83d\udcac <em data-start=\"1411\" data-end=\"1555\">Les instructions d&rsquo;installation ne sont pas incluses, mais si vous avez besoin d&rsquo;aide pour identifier la compatibilit\u00e9 ou si vous avez des questions, n&rsquo;h\u00e9sitez pas \u00e0 nous envoyer un message \u00e0 tout moment.<\/em><\/p>\n","protected":false},"excerpt":{"rendered":"<p>Remplacement du pav\u00e9 tactile d&rsquo;origine Lenovo pour ThinkPad Yoga 260. Pi\u00e8ce d&rsquo;ordinateur portable d&rsquo;origine, test\u00e9e et pr\u00eate \u00e0 restaurer des performances fluides.<\/p>\n","protected":false},"featured_media":18558,"template":"","meta":[],"product_brand":[],"product_cat":[78],"product_tag":[62],"class_list":{"0":"post-18501","1":"product","2":"type-product","3":"status-publish","4":"has-post-thumbnail","6":"product_cat-laptop-touchpads","7":"product_tag-lenovo","9":"first","10":"instock","11":"taxable","12":"shipping-taxable","13":"purchasable","14":"product-type-simple"},"_links":{"self":[{"href":"https:\/\/boreait.com\/fr\/wp-json\/wp\/v2\/product\/18501","targetHints":{"allow":["GET"]}}],"collection":[{"href":"https:\/\/boreait.com\/fr\/wp-json\/wp\/v2\/product"}],"about":[{"href":"https:\/\/boreait.com\/fr\/wp-json\/wp\/v2\/types\/product"}],"wp:featuredmedia":[{"embeddable":true,"href":"https:\/\/boreait.com\/fr\/wp-json\/wp\/v2\/media\/18558"}],"wp:attachment":[{"href":"https:\/\/boreait.com\/fr\/wp-json\/wp\/v2\/media?parent=18501"}],"wp:term":[{"taxonomy":"product_brand","embeddable":true,"href":"https:\/\/boreait.com\/fr\/wp-json\/wp\/v2\/product_brand?post=18501"},{"taxonomy":"product_cat","embeddable":true,"href":"https:\/\/boreait.com\/fr\/wp-json\/wp\/v2\/product_cat?post=18501"},{"taxonomy":"product_tag","embeddable":true,"href":"https:\/\/boreait.com\/fr\/wp-json\/wp\/v2\/product_tag?post=18501"}],"curies":[{"name":"wp","href":"https:\/\/api.w.org\/{rel}","templated":true}]}}