{"id":18489,"date":"2025-09-17T07:58:40","date_gmt":"2025-09-17T05:58:40","guid":{"rendered":"https:\/\/boreait.com\/fr\/?post_type=product&#038;p=18489"},"modified":"2025-09-17T08:00:16","modified_gmt":"2025-09-17T06:00:16","slug":"cache-avant-de-lecran-lcd-dell-latitude-e5470-5470-0dk4rc-pieces-dorigine-pour-ordinateur-portable","status":"publish","type":"product","link":"https:\/\/boreait.com\/fr\/produit\/cache-avant-de-lecran-lcd-dell-latitude-e5470-5470-0dk4rc-pieces-dorigine-pour-ordinateur-portable\/","title":{"rendered":"Cache avant de l&rsquo;\u00e9cran LCD Dell Latitude E5470 5470 (0DK4RC) \u2013 Pi\u00e8ces d&rsquo;origine pour ordinateur portable"},"content":{"rendered":"<p data-start=\"611\" data-end=\"845\">Gardez votre ordinateur portable en parfait \u00e9tat avec ce <strong data-start=\"655\" data-end=\"725\">couvercle avant de l&rsquo;\u00e9cran LCD Dell Latitude E5470 \/ 5470 (r\u00e9f\u00e9rence 0DK4RC)<\/strong>. Cette pi\u00e8ce de rechange d&rsquo;origine est con\u00e7ue pour restaurer l&rsquo;aspect et la durabilit\u00e9 d&rsquo;origine du cadre d&rsquo;\u00e9cran de votre ordinateur portable.<\/p>\n<p data-start=\"847\" data-end=\"871\">\u2705 <strong data-start=\"849\" data-end=\"869\">D\u00e9tails du produit\u00a0:<\/strong><\/p>\n<ul data-start=\"872\" data-end=\"1079\">\n<li data-start=\"872\" data-end=\"925\">\n<p data-start=\"874\" data-end=\"925\"><strong data-start=\"874\" data-end=\"896\">Mod\u00e8les compatibles\u00a0:<\/strong> Dell Latitude E5470 \/ 5470<\/p>\n<\/li>\n<li data-start=\"926\" data-end=\"953\">\n<p data-start=\"928\" data-end=\"953\"><strong data-start=\"928\" data-end=\"944\">R\u00e9f\u00e9rence\u00a0: 0DK4RC<\/p>\n<\/li>\n<li data-start=\"954\" data-end=\"1022\">\n<p data-start=\"956\" data-end=\"1022\"><strong data-start=\"956\" data-end=\"970\">\u00c9tat\u00a0: Cache de remplacement d&rsquo;origine en bon \u00e9tat.<\/p>\n<\/li>\n<li data-start=\"1023\" data-end=\"1079\">\n<p data-start=\"1025\" data-end=\"1079\"><strong data-start=\"1025\" data-end=\"1038\">Cat\u00e9gorie\u00a0: Pi\u00e8ces pour ordinateur portable \u2013 Cadre LCD \/ cadre avant.<\/p>\n<\/li>\n<\/ul>\n<p data-start=\"1081\" data-end=\"1315\">Ce cache est id\u00e9al si votre cadre d&rsquo;origine est fissur\u00e9, ray\u00e9 ou s&rsquo;il manque des clips. L&rsquo;installation d&rsquo;un nouveau cadre am\u00e9liore non seulement l&rsquo;apparence de votre ordinateur portable, mais assure \u00e9galement un maintien et une protection ad\u00e9quats de l&rsquo;\u00e9cran.<\/p>\n<p data-start=\"1317\" data-end=\"1347\">\ud83d\udca1 <strong data-start=\"1320\" data-end=\"1345\">Pourquoi choisir cette pi\u00e8ce\u00a0?<\/strong><\/p>\n<ul data-start=\"1348\" data-end=\"1554\">\n<li data-start=\"1348\" data-end=\"1401\">\n<p data-start=\"1350\" data-end=\"1401\">Pi\u00e8ce Dell 100\u00a0% d&rsquo;origine pour une compatibilit\u00e9 parfaite<\/p>\n<\/li>\n<li data-start=\"1402\" data-end=\"1442\">\n<p data-start=\"1404\" data-end=\"1442\">Fixe l&rsquo;\u00e9cran LCD en place place<\/p>\n<\/li>\n<li data-start=\"1443\" data-end=\"1490\">\n<p data-start=\"1445\" data-end=\"1490\">Am\u00e9liore l&rsquo;esth\u00e9tique de l&rsquo;ordinateur portable et sa valeur de revente.<\/p>\n<\/li>\n<li data-start=\"1491\" data-end=\"1554\">\n<p data-start=\"1493\" data-end=\"1554\">Les photos de cette annonce montrent l&rsquo;article exact que vous recevrez.<\/p>\n<\/li>\n<\/ul>\n<p data-start=\"1556\" data-end=\"1705\">\u26a0\ufe0f <strong data-start=\"1559\" data-end=\"1568\">Remarque\u00a0:<\/strong> Cette annonce concerne uniquement le <strong data-start=\"1593\" data-end=\"1619\">cache avant<\/strong>. Aucune instruction n&rsquo;est fournie, mais si vous avez besoin d&rsquo;aide, n&rsquo;h\u00e9sitez pas \u00e0 nous envoyer un message.<\/p>\n","protected":false},"excerpt":{"rendered":"<p>Remplacez votre cadre endommag\u00e9 ou us\u00e9 par ce cache avant LCD d&rsquo;origine pour Dell Latitude E5470 (r\u00e9f\u00e9rence 0DK4RC). Id\u00e9al pour pr\u00e9server l&rsquo;aspect impeccable et professionnel de votre ordinateur portable.<\/p>\n","protected":false},"featured_media":18548,"template":"","meta":[],"product_brand":[],"product_cat":[52],"product_tag":[53],"class_list":{"0":"post-18489","1":"product","2":"type-product","3":"status-publish","4":"has-post-thumbnail","6":"product_cat-laptop-housing","7":"product_tag-dell","9":"first","10":"instock","11":"taxable","12":"shipping-taxable","13":"purchasable","14":"product-type-simple"},"_links":{"self":[{"href":"https:\/\/boreait.com\/fr\/wp-json\/wp\/v2\/product\/18489","targetHints":{"allow":["GET"]}}],"collection":[{"href":"https:\/\/boreait.com\/fr\/wp-json\/wp\/v2\/product"}],"about":[{"href":"https:\/\/boreait.com\/fr\/wp-json\/wp\/v2\/types\/product"}],"wp:featuredmedia":[{"embeddable":true,"href":"https:\/\/boreait.com\/fr\/wp-json\/wp\/v2\/media\/18548"}],"wp:attachment":[{"href":"https:\/\/boreait.com\/fr\/wp-json\/wp\/v2\/media?parent=18489"}],"wp:term":[{"taxonomy":"product_brand","embeddable":true,"href":"https:\/\/boreait.com\/fr\/wp-json\/wp\/v2\/product_brand?post=18489"},{"taxonomy":"product_cat","embeddable":true,"href":"https:\/\/boreait.com\/fr\/wp-json\/wp\/v2\/product_cat?post=18489"},{"taxonomy":"product_tag","embeddable":true,"href":"https:\/\/boreait.com\/fr\/wp-json\/wp\/v2\/product_tag?post=18489"}],"curies":[{"name":"wp","href":"https:\/\/api.w.org\/{rel}","templated":true}]}}