{"id":18488,"date":"2025-09-17T07:58:40","date_gmt":"2025-09-17T05:58:40","guid":{"rendered":"https:\/\/boreait.com\/fr\/?post_type=product&#038;p=18488"},"modified":"2025-09-17T08:00:08","modified_gmt":"2025-09-17T06:00:08","slug":"cache-de-base-pour-chassis-dell-latitude-e5470-ap1fd000500-pieces-detachees-pour-ordinateur-portable","status":"publish","type":"product","link":"https:\/\/boreait.com\/fr\/produit\/cache-de-base-pour-chassis-dell-latitude-e5470-ap1fd000500-pieces-detachees-pour-ordinateur-portable\/","title":{"rendered":"Cache de base pour ch\u00e2ssis Dell Latitude E5470 (AP1FD000500) \u2013 Pi\u00e8ces d\u00e9tach\u00e9es pour ordinateur portable"},"content":{"rendered":"<p data-start=\"582\" data-end=\"852\">Il s&rsquo;agit d&rsquo;un <strong data-start=\"593\" data-end=\"633\">ch\u00e2ssis de base Dell OEM d&rsquo;origine<\/strong> pour le <strong data-start=\"642\" data-end=\"660\">Latitude E5470<\/strong> (num\u00e9ro de pi\u00e8ce <strong data-start=\"674\" data-end=\"689\">AP1FD000500<\/strong>). Si le bo\u00eetier inf\u00e9rieur de votre ordinateur portable est fissur\u00e9, ray\u00e9 ou endommag\u00e9, ce remplacement est la solution id\u00e9ale pour lui redonner robustesse et \u00e9l\u00e9gance.<\/p>\n<p data-start=\"854\" data-end=\"1029\">\u2714 <strong data-start=\"856\" data-end=\"876\">Mod\u00e8le compatible<\/strong>\u00a0: Dell Latitude E5470<br data-start=\"897\" data-end=\"900\" \/>\u2714 <strong data-start=\"902\" data-end=\"917\">R\u00e9f\u00e9rence<\/strong>\u00a0: AP1FD000500<br data-start=\"930\" data-end=\"933\" \/>\u2714 <strong data-start=\"935\" data-end=\"948\">\u00c9tat<\/strong>\u00a0: Pi\u00e8ce d&rsquo;origine OEM<br data-start=\"966\" data-end=\"969\" \/>\u2714 <strong data-start=\"971\" data-end=\"983\">Cat\u00e9gorie<\/strong>\u00a0: Pi\u00e8ces pour ordinateur portable \u2013 Cache inf\u00e9rieur \/ Ch\u00e2ssis inf\u00e9rieur<\/p>\n<p data-start=\"1031\" data-end=\"1154\">Comme pi\u00e8ce d&rsquo;origine Dell, vous pouvez vous attendre \u00e0 un <strong data-start=\"1070\" data-end=\"1114\">ajustement, une durabilit\u00e9 et une fiabilit\u00e9 parfaits<\/strong> par rapport aux alternatives tierces.<\/p>\n<p data-start=\"1156\" data-end=\"1371\">\ud83d\udcf8 <strong data-start=\"1159\" data-end=\"1177\">Images du produit<\/strong>\u00a0: Toutes les photos de cette annonce repr\u00e9sentent l&rsquo;article que vous recevrez.<br data-start=\"1246\" data-end=\"1249\" \/>\ud83d\udcac <strong data-start=\"1252\" data-end=\"1266\">Besoin d&rsquo;aide\u00a0?<\/strong> Bien que les instructions d&rsquo;installation ne soient pas fournies, n&rsquo;h\u00e9sitez pas \u00e0 nous contacter pour obtenir de l&rsquo;aide. n\u00e9cessaire.<\/p>\n<p data-start=\"1373\" data-end=\"1510\">Mettez \u00e0 niveau ou r\u00e9parez votre Dell Latitude E5470 en toute confiance\u00a0: ce cache de base OEM prot\u00e9gera votre ordinateur portable et lui donnera un aspect professionnel.<\/p>\n","protected":false},"excerpt":{"rendered":"<p>Ch\u00e2ssis de base OEM Dell Latitude E5470 d&rsquo;origine (AP1FD000500). Pi\u00e8ce de rechange durable pour ordinateur portable, id\u00e9ale pour restaurer la qualit\u00e9 d&rsquo;origine de votre appareil.<\/p>\n","protected":false},"featured_media":18547,"template":"","meta":[],"product_brand":[],"product_cat":[52],"product_tag":[53],"class_list":{"0":"post-18488","1":"product","2":"type-product","3":"status-publish","4":"has-post-thumbnail","6":"product_cat-laptop-housing","7":"product_tag-dell","9":"first","10":"instock","11":"taxable","12":"shipping-taxable","13":"purchasable","14":"product-type-simple"},"_links":{"self":[{"href":"https:\/\/boreait.com\/fr\/wp-json\/wp\/v2\/product\/18488","targetHints":{"allow":["GET"]}}],"collection":[{"href":"https:\/\/boreait.com\/fr\/wp-json\/wp\/v2\/product"}],"about":[{"href":"https:\/\/boreait.com\/fr\/wp-json\/wp\/v2\/types\/product"}],"wp:featuredmedia":[{"embeddable":true,"href":"https:\/\/boreait.com\/fr\/wp-json\/wp\/v2\/media\/18547"}],"wp:attachment":[{"href":"https:\/\/boreait.com\/fr\/wp-json\/wp\/v2\/media?parent=18488"}],"wp:term":[{"taxonomy":"product_brand","embeddable":true,"href":"https:\/\/boreait.com\/fr\/wp-json\/wp\/v2\/product_brand?post=18488"},{"taxonomy":"product_cat","embeddable":true,"href":"https:\/\/boreait.com\/fr\/wp-json\/wp\/v2\/product_cat?post=18488"},{"taxonomy":"product_tag","embeddable":true,"href":"https:\/\/boreait.com\/fr\/wp-json\/wp\/v2\/product_tag?post=18488"}],"curies":[{"name":"wp","href":"https:\/\/api.w.org\/{rel}","templated":true}]}}