{"id":18478,"date":"2025-09-17T07:58:16","date_gmt":"2025-09-17T05:58:16","guid":{"rendered":"https:\/\/boreait.com\/fr\/?post_type=product&#038;p=18478"},"modified":"2025-09-17T07:59:58","modified_gmt":"2025-09-17T05:59:58","slug":"carte-de-boutons-de-souris-et-pave-tactile-cn-a151na-pour-ordinateur-portable-dell-latitude-e5470-e5570","status":"publish","type":"product","link":"https:\/\/boreait.com\/fr\/produit\/carte-de-boutons-de-souris-et-pave-tactile-cn-a151na-pour-ordinateur-portable-dell-latitude-e5470-e5570\/","title":{"rendered":"Carte de boutons de souris et pav\u00e9 tactile CN-A151NA pour ordinateur portable Dell Latitude E5470\/E5570"},"content":{"rendered":"<p>Il s&rsquo;agit d&rsquo;une carte de boutons de souris et pav\u00e9 tactile d&rsquo;origine pour Dell Latitude E5470\/E5570, portant la r\u00e9f\u00e9rence CN-A151NA (A151NA). Si les boutons du pav\u00e9 tactile de votre ordinateur portable ne r\u00e9pondent plus ou ne fonctionnent plus correctement, cette carte de remplacement est la solution id\u00e9ale.<\/p>\n<p>\u2714 Mod\u00e8les compatibles\u00a0: Dell Latitude E5470, Dell Latitude E5570<br \/>\n\u2714 R\u00e9f\u00e9rence\u00a0: CN-A151NA (A151NA)<br \/>\n\u2714 \u00c9tat\u00a0: Test\u00e9, 100\u00a0% fonctionnel, provenant d&rsquo;ordinateurs portables d&rsquo;origine<br \/>\n\u2714 Utilisation\u00a0: Carte de boutons de souris et pav\u00e9 tactile de remplacement<\/p>\n<p>Nous n&rsquo;utilisons que des photos r\u00e9elles dans nos annonces\u00a0; la pi\u00e8ce que vous voyez est exactement celle que vous recevrez.<\/p>\n<p>\u2714 Cette pi\u00e8ce de rechange pour ordinateur portable permet de restaurer toutes les fonctionnalit\u00e9s de votre Dell Latitude. <\/p>\n<p>Remarque\u00a0: Nous ne fournissons pas d\u2019instructions d\u2019installation, mais si vous avez besoin d\u2019aide avant ou apr\u00e8s l\u2019achat, n\u2019h\u00e9sitez pas \u00e0 nous contacter.<\/p>\n<p>Id\u00e9al pour la r\u00e9paration, la remise \u00e0 neuf et la mise \u00e0 niveau de vos ordinateurs portables, achetez en toute confiance chez Siggmo, votre fournisseur de confiance de pi\u00e8ces d\u00e9tach\u00e9es de qualit\u00e9 pour ordinateurs portables en Europe et dans le monde entier.<\/p>\n","protected":false},"excerpt":{"rendered":"<p>Carte de boutons de souris et pav\u00e9 tactile d&rsquo;origine pour Dell Latitude E5470\/E5570 (CN-A151NA). Pi\u00e8ce d&rsquo;ordinateur portable enti\u00e8rement test\u00e9e, pr\u00eate \u00e0 \u00eatre remplac\u00e9e. Photos du produit.<\/p>\n","protected":false},"featured_media":18544,"template":"","meta":[],"product_brand":[],"product_cat":[78],"product_tag":[53],"class_list":{"0":"post-18478","1":"product","2":"type-product","3":"status-publish","4":"has-post-thumbnail","6":"product_cat-laptop-touchpads","7":"product_tag-dell","9":"first","10":"instock","11":"taxable","12":"shipping-taxable","13":"purchasable","14":"product-type-simple"},"_links":{"self":[{"href":"https:\/\/boreait.com\/fr\/wp-json\/wp\/v2\/product\/18478","targetHints":{"allow":["GET"]}}],"collection":[{"href":"https:\/\/boreait.com\/fr\/wp-json\/wp\/v2\/product"}],"about":[{"href":"https:\/\/boreait.com\/fr\/wp-json\/wp\/v2\/types\/product"}],"wp:featuredmedia":[{"embeddable":true,"href":"https:\/\/boreait.com\/fr\/wp-json\/wp\/v2\/media\/18544"}],"wp:attachment":[{"href":"https:\/\/boreait.com\/fr\/wp-json\/wp\/v2\/media?parent=18478"}],"wp:term":[{"taxonomy":"product_brand","embeddable":true,"href":"https:\/\/boreait.com\/fr\/wp-json\/wp\/v2\/product_brand?post=18478"},{"taxonomy":"product_cat","embeddable":true,"href":"https:\/\/boreait.com\/fr\/wp-json\/wp\/v2\/product_cat?post=18478"},{"taxonomy":"product_tag","embeddable":true,"href":"https:\/\/boreait.com\/fr\/wp-json\/wp\/v2\/product_tag?post=18478"}],"curies":[{"name":"wp","href":"https:\/\/api.w.org\/{rel}","templated":true}]}}