{"id":18475,"date":"2025-09-17T07:58:16","date_gmt":"2025-09-17T05:58:16","guid":{"rendered":"https:\/\/boreait.com\/fr\/?post_type=product&#038;p=18475"},"modified":"2025-09-17T07:59:45","modified_gmt":"2025-09-17T05:59:45","slug":"module-de-camera-web-dell-0j8nnp-wxgahd-authentique","status":"publish","type":"product","link":"https:\/\/boreait.com\/fr\/produit\/module-de-camera-web-dell-0j8nnp-wxgahd-authentique\/","title":{"rendered":"Module de cam\u00e9ra Web Dell 0J8NNP WXGAHD authentique"},"content":{"rendered":"<p data-start=\"539\" data-end=\"724\">Mettez \u00e0 niveau ou remplacez la cam\u00e9ra de votre ordinateur portable d\u00e9fectueuse par ce <strong data-start=\"594\" data-end=\"642\">module de webcam Dell 0J8NNP WXGAHD d&rsquo;origine<\/strong>, enti\u00e8rement compatible avec les mod\u00e8les <strong data-start=\"666\" data-end=\"714\">Dell Latitude E5570, E7470, E7270 et E5470<\/strong>.<\/p>\n<p data-start=\"726\" data-end=\"952\">Ce composant Dell d&rsquo;origine offre une <strong data-start=\"764\" data-end=\"787\">qualit\u00e9 vid\u00e9o nette<\/strong> pour les r\u00e9unions en ligne, les appels vid\u00e9o et une utilisation quotidienne. Il a \u00e9t\u00e9 soigneusement s\u00e9lectionn\u00e9 et test\u00e9, ce qui en fait un choix fiable pour restaurer les performances de votre ordinateur portable.<\/p>\n<p data-start=\"954\" data-end=\"976\"><strong data-start=\"954\" data-end=\"974\">D\u00e9tails du produit\u00a0:<\/strong><\/p>\n<ul data-start=\"977\" data-end=\"1219\">\n<li data-start=\"977\" data-end=\"1004\">\n<p data-start=\"979\" data-end=\"1004\"><strong data-start=\"979\" data-end=\"995\">R\u00e9f\u00e9rence\u00a0:<\/strong> 0J8NNP<\/p>\n<\/li>\n<li data-start=\"1005\" data-end=\"1072\">\n<p data-start=\"1007\" data-end=\"1072\"><strong data-start=\"1007\" data-end=\"1029\">Mod\u00e8les compatibles\u00a0: Dell Latitude E5570, E7470, E7270, E5470<\/p>\n<\/li>\n<li data-start=\"1073\" data-end=\"1099\">\n<p data-start=\"1075\" data-end=\"1099\"><strong data-start=\"1075\" data-end=\"1090\">R\u00e9solution\u00a0: WXGAHD<\/p>\n<\/li>\n<li data-start=\"1100\" data-end=\"1146\">\n<p data-start=\"1102\" data-end=\"1146\"><strong data-start=\"1102\" data-end=\"1116\">\u00c9tat\u00a0: Pi\u00e8ce d&rsquo;ordinateur portable d&rsquo;origine test\u00e9e<\/p>\n<\/li>\n<li data-start=\"1147\" data-end=\"1219\">\n<p data-start=\"1149\" data-end=\"1219\"><strong data-start=\"1149\" data-end=\"1157\">Utilisation\u00a0:<\/strong> Module de webcam de remplacement pour cam\u00e9ras d\u00e9fectueuses ou endommag\u00e9es.<\/p>\n<\/li>\n<\/ul>\n<p data-start=\"1221\" data-end=\"1243\"><strong data-start=\"1221\" data-end=\"1241\">Pourquoi acheter chez nous\u00a0?<\/strong><\/p>\n<ul data-start=\"1244\" data-end=\"1437\">\n<li data-start=\"1244\" data-end=\"1279\">\n<p data-start=\"1246\" data-end=\"1279\">Pi\u00e8ces d&rsquo;ordinateur portable Dell 100\u00a0% d&rsquo;origine.<\/p>\n<\/li>\n<li data-start=\"1280\" data-end=\"1333\">\n<p data-start=\"1282\" data-end=\"1333\">Photos r\u00e9elles\u00a0: vous recevrez ce que vous voyez<\/p>\n<\/li>\n<li data-start=\"1334\" data-end=\"1366\">\n<p data-start=\"1336\" data-end=\"1366\">Livraison internationale disponible<\/p>\n<\/li>\n<li data-start=\"1367\" data-end=\"1437\">\n<p data-start=\"1369\" data-end=\"1437\">Assistance professionnelle\u00a0: Pour plus d&rsquo;informations, envoyez-nous un message.<\/p>\n<\/li>\n<\/ul>\n<p data-start=\"1439\" data-end=\"1539\">Redonnez vie \u00e0 votre ordinateur portable gr\u00e2ce \u00e0 un produit Dell fiable. Remplacement de la webcam Latitude de Siggmo.<\/p>\n","protected":false},"excerpt":{"rendered":"<p>Module de webcam Dell 0J8NNP d&rsquo;origine pour ordinateurs portables Latitude E5570, E7470, E7270 et E5470. Pi\u00e8ce d&rsquo;origine test\u00e9e \u2013 r\u00e9solution WXGAHD.<\/p>\n","protected":false},"featured_media":18531,"template":"","meta":[],"product_brand":[],"product_cat":[59],"product_tag":[53],"class_list":{"0":"post-18475","1":"product","2":"type-product","3":"status-publish","4":"has-post-thumbnail","6":"product_cat-laptop-camera","7":"product_tag-dell","9":"first","10":"instock","11":"taxable","12":"shipping-taxable","13":"purchasable","14":"product-type-simple"},"_links":{"self":[{"href":"https:\/\/boreait.com\/fr\/wp-json\/wp\/v2\/product\/18475","targetHints":{"allow":["GET"]}}],"collection":[{"href":"https:\/\/boreait.com\/fr\/wp-json\/wp\/v2\/product"}],"about":[{"href":"https:\/\/boreait.com\/fr\/wp-json\/wp\/v2\/types\/product"}],"wp:featuredmedia":[{"embeddable":true,"href":"https:\/\/boreait.com\/fr\/wp-json\/wp\/v2\/media\/18531"}],"wp:attachment":[{"href":"https:\/\/boreait.com\/fr\/wp-json\/wp\/v2\/media?parent=18475"}],"wp:term":[{"taxonomy":"product_brand","embeddable":true,"href":"https:\/\/boreait.com\/fr\/wp-json\/wp\/v2\/product_brand?post=18475"},{"taxonomy":"product_cat","embeddable":true,"href":"https:\/\/boreait.com\/fr\/wp-json\/wp\/v2\/product_cat?post=18475"},{"taxonomy":"product_tag","embeddable":true,"href":"https:\/\/boreait.com\/fr\/wp-json\/wp\/v2\/product_tag?post=18475"}],"curies":[{"name":"wp","href":"https:\/\/api.w.org\/{rel}","templated":true}]}}