{"id":18467,"date":"2025-09-17T07:57:54","date_gmt":"2025-09-17T05:57:54","guid":{"rendered":"https:\/\/boreait.com\/fr\/?post_type=product&#038;p=18467"},"modified":"2025-09-17T07:59:43","modified_gmt":"2025-09-17T05:59:43","slug":"pieces-detachees-pour-ordinateur-portable-080rk8-remplacement-du-cable-de-connexion-du-disque-dur-ssd-dell-latitude-e5470","status":"publish","type":"product","link":"https:\/\/boreait.com\/fr\/produit\/pieces-detachees-pour-ordinateur-portable-080rk8-remplacement-du-cable-de-connexion-du-disque-dur-ssd-dell-latitude-e5470\/","title":{"rendered":"Pi\u00e8ces d\u00e9tach\u00e9es pour ordinateur portable 080RK8 \u2013 Remplacement du c\u00e2ble de connexion du disque dur SSD Dell Latitude E5470"},"content":{"rendered":"<p data-start=\"603\" data-end=\"866\">Am\u00e9liorez ou r\u00e9parez votre ordinateur portable avec ce <strong data-start=\"643\" data-end=\"691\">c\u00e2ble de connecteur de disque dur compatible 080RK8<\/strong>, con\u00e7u pour le <strong data-start=\"710\" data-end=\"733\">Dell Latitude E5470<\/strong>. Cette pi\u00e8ce d&rsquo;origine pour ordinateur portable connecte votre disque dur ou SSD \u00e0 la carte m\u00e8re, garantissant des performances stables et un transfert de donn\u00e9es fiable.<\/p>\n<p data-start=\"868\" data-end=\"890\">\ud83d\udd39 <strong data-start=\"871\" data-end=\"888\">Caract\u00e9ristiques principales\u00a0:<\/strong><\/p>\n<ul data-start=\"891\" data-end=\"1105\">\n<li data-start=\"891\" data-end=\"918\">\n<p data-start=\"893\" data-end=\"918\">R\u00e9f\u00e9rence\u00a0: <strong data-start=\"906\" data-end=\"916\">080RK8<\/strong><\/p>\n<\/li>\n<li data-start=\"919\" data-end=\"961\">\n<p data-start=\"921\" data-end=\"961\">Compatibilit\u00e9\u00a0: <strong data-start=\"936\" data-end=\"959\">Dell Latitude E5470<\/strong><\/p>\n<\/li>\n<li data-start=\"962\" data-end=\"1007\">\n<p data-start=\"964\" data-end=\"1007\">Fonction\u00a0: Connecte un disque dur\/SSD \u00e0 la carte m\u00e8re.<\/p>\n<\/li>\n<li data-start=\"1008\" data-end=\"1048\">\n<p data-start=\"1010\" data-end=\"1048\">Pi\u00e8ce de rechange de haute qualit\u00e9 pour ordinateur portable.<\/p>\n<\/li>\n<li data-start=\"1049\" data-end=\"1105\">\n<p data-start=\"1051\" data-end=\"1105\">Installation facile pour les utilisateurs exp\u00e9riment\u00e9s ou les techniciens.<\/p>\n<\/li>\n<\/ul>\n<p data-start=\"1107\" data-end=\"1248\">Que vous remplaciez un c\u00e2ble d\u00e9fectueux ou que vous mettiez \u00e0 niveau votre ordinateur portable, ce connecteur pour disque dur\/SSD offre la durabilit\u00e9 et les performances dont vous avez besoin.<\/p>\n<p data-start=\"1250\" data-end=\"1271\">\ud83d\udca1 <strong data-start=\"1253\" data-end=\"1269\">Remarque\u00a0:<\/strong><\/p>\n<ul data-start=\"1272\" data-end=\"1455\">\n<li data-start=\"1272\" data-end=\"1365\">\n<p data-start=\"1274\" data-end=\"1365\">Aucune instruction d&rsquo;installation n&rsquo;est fournie, mais si vous avez besoin d&rsquo;aide, n&rsquo;h\u00e9sitez pas \u00e0 nous contacter.<\/p>\n<\/li>\n<li data-start=\"1366\" data-end=\"1455\">\n<p data-start=\"1368\" data-end=\"1455\">Toutes les photos pr\u00e9sent\u00e9es sont <strong data-start=\"1389\" data-end=\"1412\">Images r\u00e9elles du produit<\/strong>, pour un r\u00e9sultat identique \u00e0 celui que vous voyez.<\/p>\n<\/li>\n<\/ul>\n<p data-start=\"1457\" data-end=\"1554\">Cette pi\u00e8ce d\u00e9tach\u00e9e pour ordinateur portable est une solution fiable pour remettre votre Dell Latitude en parfait \u00e9tat de fonctionnement.<\/p>\n","protected":false},"excerpt":{"rendered":"<p>C\u00e2ble de connexion HDD\/SSD 080RK8 de remplacement fiable pour Dell Latitude E5470. Id\u00e9al pour restaurer la connectivit\u00e9 du stockage et assurer le bon fonctionnement de votre ordinateur portable.<\/p>\n","protected":false},"featured_media":18530,"template":"","meta":[],"product_brand":[],"product_cat":[56],"product_tag":[53],"class_list":{"0":"post-18467","1":"product","2":"type-product","3":"status-publish","4":"has-post-thumbnail","6":"product_cat-cables","7":"product_tag-dell","9":"first","10":"instock","11":"taxable","12":"shipping-taxable","13":"purchasable","14":"product-type-simple"},"_links":{"self":[{"href":"https:\/\/boreait.com\/fr\/wp-json\/wp\/v2\/product\/18467","targetHints":{"allow":["GET"]}}],"collection":[{"href":"https:\/\/boreait.com\/fr\/wp-json\/wp\/v2\/product"}],"about":[{"href":"https:\/\/boreait.com\/fr\/wp-json\/wp\/v2\/types\/product"}],"wp:featuredmedia":[{"embeddable":true,"href":"https:\/\/boreait.com\/fr\/wp-json\/wp\/v2\/media\/18530"}],"wp:attachment":[{"href":"https:\/\/boreait.com\/fr\/wp-json\/wp\/v2\/media?parent=18467"}],"wp:term":[{"taxonomy":"product_brand","embeddable":true,"href":"https:\/\/boreait.com\/fr\/wp-json\/wp\/v2\/product_brand?post=18467"},{"taxonomy":"product_cat","embeddable":true,"href":"https:\/\/boreait.com\/fr\/wp-json\/wp\/v2\/product_cat?post=18467"},{"taxonomy":"product_tag","embeddable":true,"href":"https:\/\/boreait.com\/fr\/wp-json\/wp\/v2\/product_tag?post=18467"}],"curies":[{"name":"wp","href":"https:\/\/api.w.org\/{rel}","templated":true}]}}